{"id":256,"date":"2022-01-23T01:30:43","date_gmt":"2022-01-23T01:30:43","guid":{"rendered":"https:\/\/www.offertarapida.com\/?page_id=256"},"modified":"2022-01-23T01:33:31","modified_gmt":"2022-01-23T01:33:31","slug":"metodi-di-pagamento","status":"publish","type":"page","link":"https:\/\/www.offertarapida.com\/az\/metodi-di-pagamento\/","title":{"rendered":"metodi di pagamento"},"content":{"rendered":"<div data-elementor-type=\"wp-page\" data-elementor-id=\"256\" class=\"elementor elementor-256\" data-elementor-post-type=\"page\">\n\t\t\t\t\t\t<section data-particle_enable=\"false\" data-particle-mobile-disabled=\"false\" class=\"elementor-section elementor-top-section elementor-element elementor-element-41c11d5b elementor-section-height-min-height elementor-section-boxed elementor-section-height-default elementor-section-items-middle\" data-id=\"41c11d5b\" data-element_type=\"section\" data-settings=\"{&quot;background_background&quot;:&quot;classic&quot;}\">\n\t\t\t\t\t\t<div class=\"elementor-container elementor-column-gap-default\">\n\t\t\t\t\t<div class=\"elementor-column elementor-col-50 elementor-top-column elementor-element elementor-element-4e0e368e\" data-id=\"4e0e368e\" data-element_type=\"column\">\n\t\t\t<div class=\"elementor-widget-wrap elementor-element-populated\">\n\t\t\t\t\t\t<div class=\"elementor-element elementor-element-646c6ed8 elementor-nav-menu--dropdown-mobile elementor-nav-menu__text-align-aside elementor-nav-menu--toggle elementor-nav-menu--burger elementor-widget elementor-widget-nav-menu\" data-id=\"646c6ed8\" data-element_type=\"widget\" data-settings=\"{&quot;layout&quot;:&quot;horizontal&quot;,&quot;submenu_icon&quot;:{&quot;value&quot;:&quot;&lt;i class=\\&quot;fas fa-caret-down\\&quot;&gt;&lt;\\\/i&gt;&quot;,&quot;library&quot;:&quot;fa-solid&quot;},&quot;toggle&quot;:&quot;burger&quot;}\" data-widget_type=\"nav-menu.default\">\n\t\t\t\t<div class=\"elementor-widget-container\">\n\t\t\t\t\t\t<nav class=\"elementor-nav-menu--main elementor-nav-menu__container elementor-nav-menu--layout-horizontal e--pointer-background e--animation-fade\">\n\t\t\t\t<ul id=\"menu-1-646c6ed8\" class=\"elementor-nav-menu\"><li class=\"menu-item menu-item-type-custom menu-item-object-custom menu-item-151\"><a href=\"#vantaggi\" class=\"elementor-item elementor-item-anchor\">Fayda<\/a><\/li>\n<li class=\"menu-item menu-item-type-custom menu-item-object-custom menu-item-152\"><a href=\"#prezzo\" class=\"elementor-item elementor-item-anchor\">Qiym\u0259t<\/a><\/li>\n<li class=\"menu-item menu-item-type-custom menu-item-object-custom menu-item-153\"><a href=\"#recensioni\" class=\"elementor-item elementor-item-anchor\">R\u0259y v\u0259 \u015f\u0259rhl\u0259r<\/a><\/li>\n<li class=\"menu-item menu-item-type-custom menu-item-object-custom menu-item-154\"><a href=\"#ordinaora\" class=\"elementor-item elementor-item-anchor\">\u0130ndi sifari\u015f edin<\/a><\/li>\n<\/ul>\t\t\t<\/nav>\n\t\t\t\t\t<div class=\"elementor-menu-toggle\" role=\"button\" tabindex=\"0\" aria-label=\"Menyunu a\u00e7\/ba\u011fla\" aria-expanded=\"false\">\n\t\t\t<i aria-hidden=\"true\" role=\"presentation\" class=\"elementor-menu-toggle__icon--open eicon-menu-bar\"><\/i><i aria-hidden=\"true\" role=\"presentation\" class=\"elementor-menu-toggle__icon--close eicon-close\"><\/i>\t\t\t<span class=\"elementor-screen-only\">Menyu<\/span>\n\t\t<\/div>\n\t\t\t\t\t<nav class=\"elementor-nav-menu--dropdown elementor-nav-menu__container\" aria-hidden=\"true\">\n\t\t\t\t<ul id=\"menu-2-646c6ed8\" class=\"elementor-nav-menu\"><li class=\"menu-item menu-item-type-custom menu-item-object-custom menu-item-151\"><a href=\"#vantaggi\" class=\"elementor-item elementor-item-anchor\" tabindex=\"-1\">Fayda<\/a><\/li>\n<li class=\"menu-item menu-item-type-custom menu-item-object-custom menu-item-152\"><a href=\"#prezzo\" class=\"elementor-item elementor-item-anchor\" tabindex=\"-1\">Qiym\u0259t<\/a><\/li>\n<li class=\"menu-item menu-item-type-custom menu-item-object-custom menu-item-153\"><a href=\"#recensioni\" class=\"elementor-item elementor-item-anchor\" tabindex=\"-1\">R\u0259y v\u0259 \u015f\u0259rhl\u0259r<\/a><\/li>\n<li class=\"menu-item menu-item-type-custom menu-item-object-custom menu-item-154\"><a href=\"#ordinaora\" class=\"elementor-item elementor-item-anchor\" tabindex=\"-1\">\u0130ndi sifari\u015f edin<\/a><\/li>\n<\/ul>\t\t\t<\/nav>\n\t\t\t\t<\/div>\n\t\t\t\t<\/div>\n\t\t\t\t\t<\/div>\n\t\t<\/div>\n\t\t\t\t<div class=\"elementor-column elementor-col-50 elementor-top-column elementor-element elementor-element-a45f1b0\" data-id=\"a45f1b0\" data-element_type=\"column\">\n\t\t\t<div class=\"elementor-widget-wrap elementor-element-populated\">\n\t\t\t\t\t\t<div class=\"elementor-element elementor-element-321e571f elementor-align-right elementor-tablet-align-right elementor-icon-list--layout-traditional elementor-list-item-link-full_width elementor-widget elementor-widget-icon-list\" data-id=\"321e571f\" data-element_type=\"widget\" data-widget_type=\"icon-list.default\">\n\t\t\t\t<div class=\"elementor-widget-container\">\n\t\t\t\t\t<ul class=\"elementor-icon-list-items\">\n\t\t\t\t\t\t\t<li class=\"elementor-icon-list-item\">\n\t\t\t\t\t\t\t\t\t\t\t<span class=\"elementor-icon-list-icon\">\n\t\t\t\t\t\t\t<i aria-hidden=\"true\" class=\"fas fa-box-open\"><\/i>\t\t\t\t\t\t<\/span>\n\t\t\t\t\t\t\t\t\t\t<span class=\"elementor-icon-list-text\">\u00c7atd\u0131r\u0131lma zaman\u0131 t\u0259hl\u00fck\u0259siz \u00f6d\u0259ni\u015f<\/span>\n\t\t\t\t\t\t\t\t\t<\/li>\n\t\t\t\t\t\t<\/ul>\n\t\t\t\t<\/div>\n\t\t\t\t<\/div>\n\t\t\t\t\t<\/div>\n\t\t<\/div>\n\t\t\t\t\t<\/div>\n\t\t<\/section>\n\t\t\t\t<section data-particle_enable=\"false\" data-particle-mobile-disabled=\"false\" class=\"elementor-section elementor-top-section elementor-element elementor-element-1efc47d0 elementor-section-boxed elementor-section-height-default elementor-section-height-default\" data-id=\"1efc47d0\" data-element_type=\"section\" data-settings=\"{&quot;background_background&quot;:&quot;classic&quot;}\">\n\t\t\t\t\t\t<div class=\"elementor-container elementor-column-gap-default\">\n\t\t\t\t\t<div class=\"elementor-column elementor-col-33 elementor-top-column elementor-element elementor-element-25f27926\" data-id=\"25f27926\" data-element_type=\"column\">\n\t\t\t<div class=\"elementor-widget-wrap elementor-element-populated\">\n\t\t\t\t\t\t<div class=\"elementor-element elementor-element-44f5ea71 elementor-widget elementor-widget-image\" data-id=\"44f5ea71\" data-element_type=\"widget\" data-widget_type=\"image.default\">\n\t\t\t\t<div class=\"elementor-widget-container\">\n\t\t\t\t\t\t\t\t\t\t\t\t\t\t<a href=\"https:\/\/grandi-sconti.com\">\n\t\t\t\t\t\t\t<img fetchpriority=\"high\" decoding=\"async\" width=\"750\" height=\"150\" src=\"https:\/\/www.offertarapida.com\/wp-content\/uploads\/2022\/01\/OFFERTA-RAPIDA.png\" class=\"attachment-large size-large wp-image-157\" alt=\"OFFERTA RAPIDA\" srcset=\"https:\/\/www.offertarapida.com\/wp-content\/uploads\/2022\/01\/OFFERTA-RAPIDA.png 1000w, https:\/\/www.offertarapida.com\/wp-content\/uploads\/2022\/01\/OFFERTA-RAPIDA-300x60.png 300w, https:\/\/www.offertarapida.com\/wp-content\/uploads\/2022\/01\/OFFERTA-RAPIDA-768x154.png 768w\" sizes=\"(max-width: 750px) 100vw, 750px\" style=\"width:100%;height:20%;max-width:1000px\" \/>\t\t\t\t\t\t\t\t<\/a>\n\t\t\t\t\t\t\t\t\t\t\t\t\t<\/div>\n\t\t\t\t<\/div>\n\t\t\t\t\t<\/div>\n\t\t<\/div>\n\t\t\t\t<div class=\"elementor-column elementor-col-33 elementor-top-column elementor-element elementor-element-b483cd1\" data-id=\"b483cd1\" data-element_type=\"column\">\n\t\t\t<div class=\"elementor-widget-wrap elementor-element-populated\">\n\t\t\t\t\t\t<div class=\"elementor-element elementor-element-323c1f8c elementor-search-form--skin-classic elementor-search-form--button-type-icon elementor-search-form--icon-search elementor-widget elementor-widget-search-form\" data-id=\"323c1f8c\" data-element_type=\"widget\" data-settings=\"{&quot;skin&quot;:&quot;classic&quot;}\" data-widget_type=\"search-form.default\">\n\t\t\t\t<div class=\"elementor-widget-container\">\n\t\t\t\t\t<search role=\"search\">\n\t\t\t<form class=\"elementor-search-form\" action=\"https:\/\/www.offertarapida.com\/az\/\" method=\"get\" data-trp-original-action=\"https:\/\/www.offertarapida.com\/az\">\n\t\t\t\t\t\t\t\t\t\t\t\t<div class=\"elementor-search-form__container\">\n\t\t\t\t\t<label class=\"elementor-screen-only\" for=\"elementor-search-form-323c1f8c\">Axtar\u0131\u015f<\/label>\n\n\t\t\t\t\t\n\t\t\t\t\t<input id=\"elementor-search-form-323c1f8c\" placeholder=\"\" class=\"elementor-search-form__input\" type=\"search\" name=\"s\" value=\"\">\n\t\t\t\t\t\n\t\t\t\t\t\t\t\t\t\t\t<button class=\"elementor-search-form__submit\" type=\"submit\" aria-label=\"Axtar\u0131\u015f\">\n\t\t\t\t\t\t\t\t\t\t\t\t\t\t\t<i aria-hidden=\"true\" class=\"fas fa-search\"><\/i>\t\t\t\t\t\t\t\t<span class=\"elementor-screen-only\">Axtar\u0131\u015f<\/span>\n\t\t\t\t\t\t\t\t\t\t\t\t\t<\/button>\n\t\t\t\t\t\n\t\t\t\t\t\t\t\t\t<\/div>\n\t\t\t<input type=\"hidden\" name=\"trp-form-language\" value=\"az\"\/><\/form>\n\t\t<\/search>\n\t\t\t\t<\/div>\n\t\t\t\t<\/div>\n\t\t\t\t\t<\/div>\n\t\t<\/div>\n\t\t\t\t<div class=\"elementor-column elementor-col-33 elementor-top-column elementor-element elementor-element-2855cfd9\" data-id=\"2855cfd9\" data-element_type=\"column\">\n\t\t\t<div class=\"elementor-widget-wrap elementor-element-populated\">\n\t\t\t\t\t\t<div class=\"elementor-element elementor-element-2ba1272d elementor-widget elementor-widget-text-editor\" data-id=\"2ba1272d\" data-element_type=\"widget\" data-widget_type=\"text-editor.default\">\n\t\t\t\t<div class=\"elementor-widget-container\">\n\t\t\t\t\t\t\t<p>N\u0259 g\u00f6zl\u0259yirs\u0259n?<\/p>\t\t\t\t\t\t<\/div>\n\t\t\t\t<\/div>\n\t\t\t\t<div class=\"elementor-element elementor-element-264ade4 elementor-widget elementor-widget-text-editor\" data-id=\"264ade4\" data-element_type=\"widget\" data-widget_type=\"text-editor.default\">\n\t\t\t\t<div class=\"elementor-widget-container\">\n\t\t\t\t\t\t\t<p><a href=\"https:\/\/www.offertarapida.com\/az\/prodotti\/\">M\u0259hsullar\u0131 bax\u0131n<\/a><\/p>\t\t\t\t\t\t<\/div>\n\t\t\t\t<\/div>\n\t\t\t\t\t<\/div>\n\t\t<\/div>\n\t\t\t\t\t<\/div>\n\t\t<\/section>\n\t\t\t\t<section data-particle_enable=\"false\" data-particle-mobile-disabled=\"false\" class=\"elementor-section elementor-top-section elementor-element elementor-element-32e35c56 elementor-section-boxed elementor-section-height-default elementor-section-height-default\" data-id=\"32e35c56\" data-element_type=\"section\">\n\t\t\t\t\t\t<div class=\"elementor-container elementor-column-gap-default\">\n\t\t\t\t\t<div class=\"elementor-column elementor-col-100 elementor-top-column elementor-element elementor-element-51537078\" data-id=\"51537078\" data-element_type=\"column\">\n\t\t\t<div class=\"elementor-widget-wrap elementor-element-populated\">\n\t\t\t\t\t\t<div class=\"elementor-element elementor-element-eef0b1c elementor-widget elementor-widget-heading\" data-id=\"eef0b1c\" data-element_type=\"widget\" data-widget_type=\"heading.default\">\n\t\t\t\t<div class=\"elementor-widget-container\">\n\t\t\t<h2 class=\"elementor-heading-title elementor-size-default\">\u00d6d\u0259m\u0259 \u00fcsullar\u0131<\/h2>\t\t<\/div>\n\t\t\t\t<\/div>\n\t\t\t\t<div class=\"elementor-element elementor-element-67ef5a3e elementor-widget elementor-widget-text-editor\" data-id=\"67ef5a3e\" data-element_type=\"widget\" data-widget_type=\"text-editor.default\">\n\t\t\t\t<div class=\"elementor-widget-container\">\n\t\t\t\t\t\t\t<p>M\u00fc\u015ft\u0259ril\u0259rimizin \u0259n \u00e7ox se\u00e7diyi \u00f6d\u0259m\u0259 \u00fcsulu <i>\u00c7atd\u0131r\u0131lma zaman\u0131 na\u011fd \u00f6d\u0259ni\u015f<\/i>Bu, m\u0259hsulu al\u0131b \u0259liniz\u0259 \u00e7atd\u0131rd\u0131qdan v\u0259 onu g\u00f6rd\u00fckd\u0259n sonra \u00f6d\u0259ni\u015f etm\u0259yinizi t\u0259min edir. M\u0259hsula g\u00f6r\u0259 \u00e7atd\u0131r\u0131lma zaman\u0131 na\u011fd \u00f6d\u0259ni\u015f \u00fc\u00e7\u00fcn \u0259lav\u0259 haqq tutulmas\u0131 m\u00fcmk\u00fcnd\u00fcr, lakin \u0259ks\u0259r hallarda bu xidm\u0259t pulsuzdur.<\/p><p>Kartla da \u00f6d\u0259y\u0259 bil\u0259rsiniz; z\u0259hm\u0259t olmasa sifari\u015finizi t\u0259sdiql\u0259y\u0259rk\u0259n sizinl\u0259 \u0259laq\u0259 saxlam\u0131\u015f sifari\u015fl\u0259r v\u0259 g\u00f6nd\u0259ri\u015f \u015f\u00f6b\u0259sinin \u0259m\u0259kda\u015f\u0131 qar\u015f\u0131s\u0131nda bu se\u00e7imi t\u0259l\u0259b edin.<br \/>Kart \u00f6d\u0259ni\u015fl\u0259ri SSL sertifikatl\u0131 t\u0259hl\u00fck\u0259siz \u00f6d\u0259m\u0259 qap\u0131lar\u0131 vasit\u0259sil\u0259 emal olunur.<\/p>\t\t\t\t\t\t<\/div>\n\t\t\t\t<\/div>\n\t\t\t\t<div class=\"elementor-element elementor-element-353d3bdb elementor-widget elementor-widget-image\" data-id=\"353d3bdb\" data-element_type=\"widget\" data-widget_type=\"image.default\">\n\t\t\t\t<div class=\"elementor-widget-container\">\n\t\t\t\t\t\t\t\t\t\t\t\t\t<img decoding=\"async\" width=\"750\" height=\"54\" src=\"https:\/\/www.offertarapida.com\/wp-content\/uploads\/2022\/01\/trustbadges-1.webp\" class=\"attachment-large size-large wp-image-212\" alt=\"\" srcset=\"https:\/\/www.offertarapida.com\/wp-content\/uploads\/2022\/01\/trustbadges-1.webp 944w, https:\/\/www.offertarapida.com\/wp-content\/uploads\/2022\/01\/trustbadges-1-300x22.webp 300w, https:\/\/www.offertarapida.com\/wp-content\/uploads\/2022\/01\/trustbadges-1-768x55.webp 768w\" sizes=\"(max-width: 750px) 100vw, 750px\" style=\"width:100%;height:7.2%;max-width:944px\" \/>\t\t\t\t\t\t\t\t\t\t\t\t\t<\/div>\n\t\t\t\t<\/div>\n\t\t\t\t\t<\/div>\n\t\t<\/div>\n\t\t\t\t\t<\/div>\n\t\t<\/section>\n\t\t\t\t<section data-particle_enable=\"false\" data-particle-mobile-disabled=\"false\" class=\"elementor-section elementor-top-section elementor-element elementor-element-494a9693 elementor-section-boxed elementor-section-height-default elementor-section-height-default\" data-id=\"494a9693\" data-element_type=\"section\" data-settings=\"{&quot;background_background&quot;:&quot;classic&quot;}\">\n\t\t\t\t\t\t<div class=\"elementor-container elementor-column-gap-default\">\n\t\t\t\t\t<div class=\"elementor-column elementor-col-25 elementor-top-column elementor-element elementor-element-82514be\" data-id=\"82514be\" data-element_type=\"column\">\n\t\t\t<div class=\"elementor-widget-wrap elementor-element-populated\">\n\t\t\t\t\t\t<div class=\"elementor-element elementor-element-5cf5d6f0 elementor-widget elementor-widget-image\" data-id=\"5cf5d6f0\" data-element_type=\"widget\" data-widget_type=\"image.default\">\n\t\t\t\t<div class=\"elementor-widget-container\">\n\t\t\t\t\t\t\t\t\t\t\t\t\t<img fetchpriority=\"high\" decoding=\"async\" width=\"750\" height=\"150\" src=\"https:\/\/www.offertarapida.com\/wp-content\/uploads\/2022\/01\/OFFERTA-RAPIDA.png\" class=\"attachment-large size-large wp-image-157\" alt=\"OFFERTA RAPIDA\" srcset=\"https:\/\/www.offertarapida.com\/wp-content\/uploads\/2022\/01\/OFFERTA-RAPIDA.png 1000w, https:\/\/www.offertarapida.com\/wp-content\/uploads\/2022\/01\/OFFERTA-RAPIDA-300x60.png 300w, https:\/\/www.offertarapida.com\/wp-content\/uploads\/2022\/01\/OFFERTA-RAPIDA-768x154.png 768w\" sizes=\"(max-width: 750px) 100vw, 750px\" style=\"width:100%;height:20%;max-width:1000px\" \/>\t\t\t\t\t\t\t\t\t\t\t\t\t<\/div>\n\t\t\t\t<\/div>\n\t\t\t\t<div class=\"elementor-element elementor-element-1ee5866d elementor-widget elementor-widget-text-editor\" data-id=\"1ee5866d\" data-element_type=\"widget\" data-widget_type=\"text-editor.default\">\n\t\t\t\t<div class=\"elementor-widget-container\">\n\t\t\t\t\t\t\t<p>T\u0259hl\u00fck\u0259siz al\u0131\u015f.<\/p>\t\t\t\t\t\t<\/div>\n\t\t\t\t<\/div>\n\t\t\t\t<div class=\"elementor-element elementor-element-69fb468d elementor-widget elementor-widget-text-editor\" data-id=\"69fb468d\" data-element_type=\"widget\" data-widget_type=\"text-editor.default\">\n\t\t\t\t<div class=\"elementor-widget-container\">\n\t\t\t\t\t\t\t<p>\u00c7atd\u0131r\u0131lmada \u00f6d\u0259yin.<\/p>\t\t\t\t\t\t<\/div>\n\t\t\t\t<\/div>\n\t\t\t\t<div class=\"elementor-element elementor-element-211c8be7 elementor-widget elementor-widget-image\" data-id=\"211c8be7\" data-element_type=\"widget\" data-widget_type=\"image.default\">\n\t\t\t\t<div class=\"elementor-widget-container\">\n\t\t\t\t\t\t\t\t\t\t\t\t\t<img decoding=\"async\" width=\"750\" height=\"54\" src=\"https:\/\/www.offertarapida.com\/wp-content\/uploads\/2022\/01\/trustbadges.webp\" class=\"attachment-large size-large wp-image-161\" alt=\"\" srcset=\"https:\/\/www.offertarapida.com\/wp-content\/uploads\/2022\/01\/trustbadges.webp 944w, https:\/\/www.offertarapida.com\/wp-content\/uploads\/2022\/01\/trustbadges-300x22.webp 300w, https:\/\/www.offertarapida.com\/wp-content\/uploads\/2022\/01\/trustbadges-768x55.webp 768w\" sizes=\"(max-width: 750px) 100vw, 750px\" style=\"width:100%;height:7.2%;max-width:944px\" \/>\t\t\t\t\t\t\t\t\t\t\t\t\t<\/div>\n\t\t\t\t<\/div>\n\t\t\t\t\t<\/div>\n\t\t<\/div>\n\t\t\t\t<div class=\"elementor-column elementor-col-25 elementor-top-column elementor-element elementor-element-7ac4031a\" data-id=\"7ac4031a\" data-element_type=\"column\">\n\t\t\t<div class=\"elementor-widget-wrap elementor-element-populated\">\n\t\t\t\t\t\t<div class=\"elementor-element elementor-element-6ac4e275 elementor-widget elementor-widget-heading\" data-id=\"6ac4e275\" data-element_type=\"widget\" data-widget_type=\"heading.default\">\n\t\t\t\t<div class=\"elementor-widget-container\">\n\t\t\t<h2 class=\"elementor-heading-title elementor-size-default\">\u015eirk\u0259t haqq\u0131nda m\u0259lumat<\/h2>\t\t<\/div>\n\t\t\t\t<\/div>\n\t\t\t\t<div class=\"elementor-element elementor-element-3b68d2e4 elementor-widget elementor-widget-text-editor\" data-id=\"3b68d2e4\" data-element_type=\"widget\" data-widget_type=\"text-editor.default\">\n\t\t\t\t<div class=\"elementor-widget-container\">\n\t\t\t\t\t\t\t<p><a href=\"https:\/\/www.offertarapida.com\/az\/privacy-and-cookie-policy\/\">M\u0259xfilik v\u0259 Kukil\u0259r Siyas\u0259ti<\/a><\/p><p><a href=\"https:\/\/www.offertarapida.com\/az\/cookie-policy\/\">Pe\u00e7enye siyas\u0259ti<\/a><\/p><p><a href=\"https:\/\/www.offertarapida.com\/az\/termini-e-condizioni\/\">\u015e\u0259rtl\u0259r v\u0259 qaydalar<\/a><\/p>\t\t\t\t\t\t<\/div>\n\t\t\t\t<\/div>\n\t\t\t\t\t<\/div>\n\t\t<\/div>\n\t\t\t\t<div class=\"elementor-column elementor-col-25 elementor-top-column elementor-element elementor-element-5ef79c6a\" data-id=\"5ef79c6a\" data-element_type=\"column\">\n\t\t\t<div class=\"elementor-widget-wrap elementor-element-populated\">\n\t\t\t\t\t\t<div class=\"elementor-element elementor-element-5b3b0e0 elementor-widget elementor-widget-heading\" data-id=\"5b3b0e0\" data-element_type=\"widget\" data-widget_type=\"heading.default\">\n\t\t\t\t<div class=\"elementor-widget-container\">\n\t\t\t<h2 class=\"elementor-heading-title elementor-size-default\">Sifari\u015fl\u0259r v\u0259 t\u0259sdiql\u0259r<\/h2>\t\t<\/div>\n\t\t\t\t<\/div>\n\t\t\t\t<div class=\"elementor-element elementor-element-5c2e02b0 elementor-widget elementor-widget-text-editor\" data-id=\"5c2e02b0\" data-element_type=\"widget\" data-widget_type=\"text-editor.default\">\n\t\t\t\t<div class=\"elementor-widget-container\">\n\t\t\t\t\t\t\t<p><a href=\"https:\/\/www.offertarapida.com\/az\/spedizione-e-consegna\/\">G\u00f6nd\u0259rm\u0259 v\u0259 \u00e7atd\u0131r\u0131lma<\/a><\/p><p><a href=\"https:\/\/www.offertarapida.com\/az\/metodi-di-pagamento\/\">\u00d6d\u0259m\u0259 \u00fcsullar\u0131<\/a><\/p><p><a href=\"https:\/\/www.offertarapida.com\/az\/politiche-di-reso-e-rimborso\/\">Qay\u0131d\u0131\u015flar v\u0259 geri \u00f6d\u0259m\u0259l\u0259r<\/a><\/p>\t\t\t\t\t\t<\/div>\n\t\t\t\t<\/div>\n\t\t\t\t\t<\/div>\n\t\t<\/div>\n\t\t\t\t<div class=\"elementor-column elementor-col-25 elementor-top-column elementor-element elementor-element-10c1afc3\" data-id=\"10c1afc3\" data-element_type=\"column\">\n\t\t\t<div class=\"elementor-widget-wrap elementor-element-populated\">\n\t\t\t\t\t\t<div class=\"elementor-element elementor-element-7a129da7 elementor-widget elementor-widget-heading\" data-id=\"7a129da7\" data-element_type=\"widget\" data-widget_type=\"heading.default\">\n\t\t\t\t<div class=\"elementor-widget-container\">\n\t\t\t<h2 class=\"elementor-heading-title elementor-size-default\">M\u00fc\u015ft\u0259ri xidm\u0259ti<\/h2>\t\t<\/div>\n\t\t\t\t<\/div>\n\t\t\t\t<div class=\"elementor-element elementor-element-62bf198e elementor-widget elementor-widget-text-editor\" data-id=\"62bf198e\" data-element_type=\"widget\" data-widget_type=\"text-editor.default\">\n\t\t\t\t<div class=\"elementor-widget-container\">\n\t\t\t\t\t\t\t<p><a href=\"https:\/\/www.offertarapida.com\/az\/domande-frequenti\/\">Tez-tez veril\u0259n suallar<\/a><\/p><p><a href=\"https:\/\/www.offertarapida.com\/az\/contattaci\/\">Biziml\u0259 \u0259laq\u0259 saxlay\u0131n<\/a><\/p>\t\t\t\t\t\t<\/div>\n\t\t\t\t<\/div>\n\t\t\t\t\t<\/div>\n\t\t<\/div>\n\t\t\t\t\t<\/div>\n\t\t<\/section>\n\t\t\t\t<section data-particle_enable=\"false\" data-particle-mobile-disabled=\"false\" class=\"elementor-section elementor-top-section elementor-element elementor-element-1d97e574 elementor-section-boxed elementor-section-height-default elementor-section-height-default\" data-id=\"1d97e574\" data-element_type=\"section\" data-settings=\"{&quot;background_background&quot;:&quot;classic&quot;}\">\n\t\t\t\t\t\t<div class=\"elementor-container elementor-column-gap-default\">\n\t\t\t\t\t<div class=\"elementor-column elementor-col-100 elementor-top-column elementor-element elementor-element-588f376c\" data-id=\"588f376c\" data-element_type=\"column\">\n\t\t\t<div class=\"elementor-widget-wrap elementor-element-populated\">\n\t\t\t\t\t\t<div class=\"elementor-element elementor-element-1f2a670b elementor-widget elementor-widget-text-editor\" data-id=\"1f2a670b\" data-element_type=\"widget\" data-widget_type=\"text-editor.default\">\n\t\t\t\t<div class=\"elementor-widget-container\">\n\t\t\t\t\t\t\t<p>[ENG] Bu s\u0259hif\u0259d\u0259 toplanan he\u00e7 bir m\u0259lumat Facebook t\u0259r\u0259find\u0259n istifad\u0259 olunmayacaq v\u0259 marketinq m\u0259qs\u0259dl\u0259ri \u00fc\u00e7\u00fcn istifad\u0259 edilm\u0259y\u0259c\u0259k. Biz m\u0259lumatlar\u0131n\u0131z\u0131 yaln\u0131z Na\u011fd \u00d6d\u0259m\u0259 sistemi vasit\u0259sil\u0259 yerl\u0259\u015fdirilmi\u015f sifari\u015fl\u0259ri izl\u0259m\u0259k \u00fc\u00e7\u00fcn istifad\u0259 ed\u0259c\u0259yik.<br \/><br \/>[ITA] Bu s\u0259hif\u0259d\u0259 toplanan he\u00e7 bir m\u0259lumat Facebook t\u0259r\u0259find\u0259n istifad\u0259 olunmayacaq v\u0259 marketinq m\u0259qs\u0259dl\u0259ri \u00fc\u00e7\u00fcn istifad\u0259 edilm\u0259y\u0259c\u0259k. Biz m\u0259lumatlar\u0131n\u0131z\u0131 yaln\u0131z \u00e7atd\u0131r\u0131lma zaman\u0131 \u00f6d\u0259m\u0259 sistemi vasit\u0259sil\u0259 sifari\u015fi emal etm\u0259k \u00fc\u00e7\u00fcn istifad\u0259 ed\u0259c\u0259yik.<br \/><br \/>Bu sayt Facebook veb-sayt\u0131n\u0131n v\u0259 ya Facebook Inc.-in bir hiss\u0259si deyil. Bundan \u0259lav\u0259, bu sayt he\u00e7 bir \u015f\u0259kild\u0259 Facebook t\u0259r\u0259find\u0259n t\u0259sdiql\u0259nmir. Facebook, Facebook, Inc.-in ticar\u0259t ni\u015fan\u0131d\u0131r.<\/p>\t\t\t\t\t\t<\/div>\n\t\t\t\t<\/div>\n\t\t\t\t<div class=\"elementor-element elementor-element-3de1e438 elementor-widget elementor-widget-text-editor\" data-id=\"3de1e438\" data-element_type=\"widget\" data-widget_type=\"text-editor.default\">\n\t\t\t\t<div class=\"elementor-widget-container\">\n\t\t\t\t\t\t\t<div class=\"footer-absolute-primary\">Ad\u0131na reklam: FASLEAD SRL \u018fDV n\u00f6mr\u0259si: IT401262810 Via Aristotele 20218 Milan MI<\/div><div>M\u00fc\u0259llif h\u00fcququ 2021. B\u00fct\u00fcn h\u00fcquqlar qorunur\u00a0<\/div>\t\t\t\t\t\t<\/div>\n\t\t\t\t<\/div>\n\t\t\t\t<div class=\"elementor-element elementor-element-277e9e2c elementor-widget elementor-widget-text-editor\" data-id=\"277e9e2c\" data-element_type=\"widget\" data-widget_type=\"text-editor.default\">\n\t\t\t\t<div class=\"elementor-widget-container\">\n\t\t\t\t\t\t\t<div class=\"footer-absolute-secondary\">offertarapida.com<\/div>\t\t\t\t\t\t<\/div>\n\t\t\t\t<\/div>\n\t\t\t\t\t<\/div>\n\t\t<\/div>\n\t\t\t\t\t<\/div>\n\t\t<\/section>\n\t\t\t\t<\/div>","protected":false},"excerpt":{"rendered":"<p>Pagamento sicuro quando arriva a casa Cosa stai aspettando? Guarda i Prodotti Metodi di pagamento Il metodo di pagamento pi\u00f9 scelto dai nostri clienti \u00e8 il pagamento alla consegna: consente di avere la sicurezza di ricevere il prodotto e pagarlo soltanto quando lo si ha tra le mani e lo si vede. A seconda del&hellip; <a class=\"more-link\" href=\"https:\/\/www.offertarapida.com\/az\/metodi-di-pagamento\/\">Daha \u00e7ox oxu <span class=\"screen-reader-text\">metodi di pagamento<\/span><\/a><\/p>","protected":false},"author":1,"featured_media":0,"parent":0,"menu_order":0,"comment_status":"closed","ping_status":"closed","template":"elementor_canvas","meta":{"_acf_changed":false,"footnotes":""},"class_list":["post-256","page","type-page","status-publish","hentry","entry"],"acf":[],"_links":{"self":[{"href":"https:\/\/www.offertarapida.com\/az\/wp-json\/wp\/v2\/pages\/256","targetHints":{"allow":["GET"]}}],"collection":[{"href":"https:\/\/www.offertarapida.com\/az\/wp-json\/wp\/v2\/pages"}],"about":[{"href":"https:\/\/www.offertarapida.com\/az\/wp-json\/wp\/v2\/types\/page"}],"author":[{"embeddable":true,"href":"https:\/\/www.offertarapida.com\/az\/wp-json\/wp\/v2\/users\/1"}],"replies":[{"embeddable":true,"href":"https:\/\/www.offertarapida.com\/az\/wp-json\/wp\/v2\/comments?post=256"}],"version-history":[{"count":7,"href":"https:\/\/www.offertarapida.com\/az\/wp-json\/wp\/v2\/pages\/256\/revisions"}],"predecessor-version":[{"id":263,"href":"https:\/\/www.offertarapida.com\/az\/wp-json\/wp\/v2\/pages\/256\/revisions\/263"}],"wp:attachment":[{"href":"https:\/\/www.offertarapida.com\/az\/wp-json\/wp\/v2\/media?parent=256"}],"curies":[{"name":"wp","href":"https:\/\/api.w.org\/{rel}","templated":true}]}}