{"id":19382,"date":"2023-06-29T23:39:42","date_gmt":"2023-06-29T23:39:42","guid":{"rendered":"https:\/\/www.offertarapida.com\/?page_id=19382"},"modified":"2023-07-02T00:04:30","modified_gmt":"2023-07-02T00:04:30","slug":"probiotic-sw","status":"publish","type":"page","link":"https:\/\/www.offertarapida.com\/cs\/probiotic-sw\/","title":{"rendered":"pro biotic svizzera"},"content":{"rendered":"<div data-elementor-type=\"wp-page\" data-elementor-id=\"19382\" class=\"elementor elementor-19382\" data-elementor-post-type=\"page\">\n\t\t\t\t\t\t<section data-particle_enable=\"false\" data-particle-mobile-disabled=\"false\" class=\"elementor-section elementor-top-section elementor-element elementor-element-25ddc4cb elementor-section-content-middle elementor-section-full_width elementor-section-height-default elementor-section-height-default\" data-id=\"25ddc4cb\" data-element_type=\"section\" data-settings=\"{&quot;background_background&quot;:&quot;gradient&quot;}\">\n\t\t\t\t\t\t<div class=\"elementor-container elementor-column-gap-default\">\n\t\t\t\t\t<div class=\"elementor-column elementor-col-100 elementor-top-column elementor-element elementor-element-3822b2f7\" data-id=\"3822b2f7\" data-element_type=\"column\" data-settings=\"{&quot;background_background&quot;:&quot;classic&quot;}\">\n\t\t\t<div class=\"elementor-widget-wrap elementor-element-populated\">\n\t\t\t\t\t\t<div class=\"elementor-element elementor-element-7e4371d3 elementor-widget elementor-widget-heading\" data-id=\"7e4371d3\" data-element_type=\"widget\" data-widget_type=\"heading.default\">\n\t\t\t\t<div class=\"elementor-widget-container\">\n\t\t\t<h2 class=\"elementor-heading-title elementor-size-default\">AKTIVE F\u00d6RDERUNG<\/h2>\t\t<\/div>\n\t\t\t\t<\/div>\n\t\t\t\t<div class=\"elementor-element elementor-element-aff3863 elementor-countdown--label-block elementor-widget elementor-widget-countdown\" data-id=\"aff3863\" data-element_type=\"widget\" data-widget_type=\"countdown.default\">\n\t\t\t\t<div class=\"elementor-widget-container\">\n\t\t\t\t\t<div data-evergreen-interval=\"1800\" class=\"elementor-countdown-wrapper\" data-date=\"\">\n\t\t\t<div class=\"elementor-countdown-item\"><span class=\"elementor-countdown-digits elementor-countdown-minutes\"><\/span> <span class=\"elementor-countdown-label\">Minuten<\/span><\/div><div class=\"elementor-countdown-item\"><span class=\"elementor-countdown-digits elementor-countdown-seconds\"><\/span> <span class=\"elementor-countdown-label\">Sekunden<\/span><\/div>\t\t<\/div>\n\t\t\t\t<\/div>\n\t\t\t\t<\/div>\n\t\t\t\t<div class=\"elementor-element elementor-element-b39cb80 elementor-widget elementor-widget-text-editor\" data-id=\"b39cb80\" data-element_type=\"widget\" data-widget_type=\"text-editor.default\">\n\t\t\t\t<div class=\"elementor-widget-container\">\n\t\t\t\t\t\t\t<p><strong>Bestellen Sie jetzt und erhalten Sie PRO BIOTIC SLIM<\/strong><\/p>\t\t\t\t\t\t<\/div>\n\t\t\t\t<\/div>\n\t\t\t\t<section data-particle_enable=\"false\" data-particle-mobile-disabled=\"false\" class=\"elementor-section elementor-inner-section elementor-element elementor-element-9830b2d elementor-section-boxed elementor-section-height-default elementor-section-height-default\" data-id=\"9830b2d\" data-element_type=\"section\">\n\t\t\t\t\t\t<div class=\"elementor-container elementor-column-gap-default\">\n\t\t\t\t\t<div class=\"elementor-column elementor-col-100 elementor-inner-column elementor-element elementor-element-56f361a\" data-id=\"56f361a\" data-element_type=\"column\">\n\t\t\t<div class=\"elementor-widget-wrap elementor-element-populated\">\n\t\t\t\t\t\t<div class=\"elementor-element elementor-element-b0feaaf elementor-widget elementor-widget-image\" data-id=\"b0feaaf\" data-element_type=\"widget\" data-widget_type=\"image.default\">\n\t\t\t\t<div class=\"elementor-widget-container\">\n\t\t\t\t\t\t\t\t\t\t\t\t\t<img fetchpriority=\"high\" decoding=\"async\" width=\"452\" height=\"524\" src=\"https:\/\/www.offertarapida.com\/wp-content\/uploads\/2023\/01\/product2.png\" class=\"attachment-large size-large wp-image-15472\" alt=\"\" srcset=\"https:\/\/www.offertarapida.com\/wp-content\/uploads\/2023\/01\/product2.png 452w, https:\/\/www.offertarapida.com\/wp-content\/uploads\/2023\/01\/product2-259x300.png 259w\" sizes=\"(max-width: 452px) 100vw, 452px\" style=\"width:100%;height:115.93%;max-width:452px\" \/>\t\t\t\t\t\t\t\t\t\t\t\t\t<\/div>\n\t\t\t\t<\/div>\n\t\t\t\t\t<\/div>\n\t\t<\/div>\n\t\t\t\t\t<\/div>\n\t\t<\/section>\n\t\t\t\t<section data-particle_enable=\"false\" data-particle-mobile-disabled=\"false\" class=\"elementor-section elementor-inner-section elementor-element elementor-element-fd4d5b1 elementor-section-full_width elementor-section-height-default elementor-section-height-default\" data-id=\"fd4d5b1\" data-element_type=\"section\" data-settings=\"{&quot;background_background&quot;:&quot;classic&quot;}\">\n\t\t\t\t\t\t<div class=\"elementor-container elementor-column-gap-default\">\n\t\t\t\t\t<div class=\"elementor-column elementor-col-50 elementor-inner-column elementor-element elementor-element-50ddd87\" data-id=\"50ddd87\" data-element_type=\"column\" data-settings=\"{&quot;background_background&quot;:&quot;classic&quot;}\">\n\t\t\t<div class=\"elementor-widget-wrap elementor-element-populated\">\n\t\t\t\t\t\t<div class=\"elementor-element elementor-element-63667f9 elementor-hidden-desktop elementor-widget elementor-widget-image\" data-id=\"63667f9\" data-element_type=\"widget\" data-widget_type=\"image.default\">\n\t\t\t\t<div class=\"elementor-widget-container\">\n\t\t\t\t\t\t\t\t\t\t\t\t\t<img decoding=\"async\" width=\"150\" height=\"150\" src=\"https:\/\/www.offertarapida.com\/wp-content\/uploads\/2023\/01\/2511012-1-150x150.png\" class=\"attachment-thumbnail size-thumbnail wp-image-15629\" alt=\"\" srcset=\"https:\/\/www.offertarapida.com\/wp-content\/uploads\/2023\/01\/2511012-1-150x150.png 150w, https:\/\/www.offertarapida.com\/wp-content\/uploads\/2023\/01\/2511012-1-300x300.png 300w, https:\/\/www.offertarapida.com\/wp-content\/uploads\/2023\/01\/2511012-1.png 512w\" sizes=\"(max-width: 150px) 100vw, 150px\" style=\"width:100%;height:100%;max-width:512px\" \/>\t\t\t\t\t\t\t\t\t\t\t\t\t<\/div>\n\t\t\t\t<\/div>\n\t\t\t\t\t<\/div>\n\t\t<\/div>\n\t\t\t\t<div class=\"elementor-column elementor-col-50 elementor-inner-column elementor-element elementor-element-3d5e681\" data-id=\"3d5e681\" data-element_type=\"column\" data-settings=\"{&quot;background_background&quot;:&quot;classic&quot;}\">\n\t\t\t<div class=\"elementor-widget-wrap elementor-element-populated\">\n\t\t\t\t\t\t<div class=\"elementor-element elementor-element-56782d0 elementor-widget elementor-widget-text-editor\" data-id=\"56782d0\" data-element_type=\"widget\" data-widget_type=\"text-editor.default\">\n\t\t\t\t<div class=\"elementor-widget-container\">\n\t\t\t\t\t\t\t<p><strong>kostenloser Versand, kostenlos<\/strong><\/p>\t\t\t\t\t\t<\/div>\n\t\t\t\t<\/div>\n\t\t\t\t\t<\/div>\n\t\t<\/div>\n\t\t\t\t\t<\/div>\n\t\t<\/section>\n\t\t\t\t<section data-particle_enable=\"false\" data-particle-mobile-disabled=\"false\" class=\"elementor-section elementor-inner-section elementor-element elementor-element-a0cefb5 elementor-section-full_width elementor-section-height-default elementor-section-height-default\" data-id=\"a0cefb5\" data-element_type=\"section\" data-settings=\"{&quot;background_background&quot;:&quot;classic&quot;}\">\n\t\t\t\t\t\t<div class=\"elementor-container elementor-column-gap-default\">\n\t\t\t\t\t<div class=\"elementor-column elementor-col-50 elementor-inner-column elementor-element elementor-element-fe1e2e3\" data-id=\"fe1e2e3\" data-element_type=\"column\" data-settings=\"{&quot;background_background&quot;:&quot;classic&quot;}\">\n\t\t\t<div class=\"elementor-widget-wrap elementor-element-populated\">\n\t\t\t\t\t\t<div class=\"elementor-element elementor-element-f6f0b15 elementor-hidden-desktop elementor-widget elementor-widget-image\" data-id=\"f6f0b15\" data-element_type=\"widget\" data-widget_type=\"image.default\">\n\t\t\t\t<div class=\"elementor-widget-container\">\n\t\t\t\t\t\t\t\t\t\t\t\t\t<img decoding=\"async\" width=\"150\" height=\"150\" src=\"https:\/\/www.offertarapida.com\/wp-content\/uploads\/2023\/01\/4766874-150x150.png\" class=\"attachment-thumbnail size-thumbnail wp-image-15492\" alt=\"\" srcset=\"https:\/\/www.offertarapida.com\/wp-content\/uploads\/2023\/01\/4766874-150x150.png 150w, https:\/\/www.offertarapida.com\/wp-content\/uploads\/2023\/01\/4766874-300x300.png 300w, https:\/\/www.offertarapida.com\/wp-content\/uploads\/2023\/01\/4766874.png 512w\" sizes=\"(max-width: 150px) 100vw, 150px\" style=\"width:100%;height:100%;max-width:512px\" \/>\t\t\t\t\t\t\t\t\t\t\t\t\t<\/div>\n\t\t\t\t<\/div>\n\t\t\t\t\t<\/div>\n\t\t<\/div>\n\t\t\t\t<div class=\"elementor-column elementor-col-50 elementor-inner-column elementor-element elementor-element-9865c72\" data-id=\"9865c72\" data-element_type=\"column\" data-settings=\"{&quot;background_background&quot;:&quot;classic&quot;}\">\n\t\t\t<div class=\"elementor-widget-wrap elementor-element-populated\">\n\t\t\t\t\t\t<div class=\"elementor-element elementor-element-9cd329e elementor-widget elementor-widget-text-editor\" data-id=\"9cd329e\" data-element_type=\"widget\" data-widget_type=\"text-editor.default\">\n\t\t\t\t<div class=\"elementor-widget-container\">\n\t\t\t\t\t\t\t<p><strong>Zahlung bei Lieferung<\/strong><\/p>\t\t\t\t\t\t<\/div>\n\t\t\t\t<\/div>\n\t\t\t\t\t<\/div>\n\t\t<\/div>\n\t\t\t\t\t<\/div>\n\t\t<\/section>\n\t\t\t\t<section data-particle_enable=\"false\" data-particle-mobile-disabled=\"false\" class=\"elementor-section elementor-inner-section elementor-element elementor-element-794b8c2 elementor-section-full_width elementor-section-height-default elementor-section-height-default\" data-id=\"794b8c2\" data-element_type=\"section\" data-settings=\"{&quot;background_background&quot;:&quot;classic&quot;}\">\n\t\t\t\t\t\t<div class=\"elementor-container elementor-column-gap-default\">\n\t\t\t\t\t<div class=\"elementor-column elementor-col-100 elementor-inner-column elementor-element elementor-element-2d02f73\" data-id=\"2d02f73\" data-element_type=\"column\" data-settings=\"{&quot;background_background&quot;:&quot;classic&quot;}\">\n\t\t\t<div class=\"elementor-widget-wrap elementor-element-populated\">\n\t\t\t\t\t\t<div class=\"elementor-element elementor-element-28992d9 elementor-widget elementor-widget-heading\" data-id=\"28992d9\" data-element_type=\"widget\" data-widget_type=\"heading.default\">\n\t\t\t\t<div class=\"elementor-widget-container\">\n\t\t\t<h2 class=\"elementor-heading-title elementor-size-default\"><font color=\"#008000\">heute 49 CHF<\/font><\/h2>\t\t<\/div>\n\t\t\t\t<\/div>\n\t\t\t\t\t<\/div>\n\t\t<\/div>\n\t\t\t\t\t<\/div>\n\t\t<\/section>\n\t\t\t\t<div class=\"elementor-element elementor-element-730ff3d elementor-widget elementor-widget-heading\" data-id=\"730ff3d\" data-element_type=\"widget\" data-widget_type=\"heading.default\">\n\t\t\t\t<div class=\"elementor-widget-container\">\n\t\t\t<h2 class=\"elementor-heading-title elementor-size-default\">Vorheriger Preis <s><b>99 \u20ac<\/b><\/s> <b><font color=\"#e22828\"><\/font><\/b><\/h2>\t\t<\/div>\n\t\t\t\t<\/div>\n\t\t\t\t<section data-particle_enable=\"false\" data-particle-mobile-disabled=\"false\" class=\"elementor-section elementor-inner-section elementor-element elementor-element-c8e3d81 elementor-section-full_width elementor-section-height-default elementor-section-height-default\" data-id=\"c8e3d81\" data-element_type=\"section\" data-settings=\"{&quot;background_background&quot;:&quot;classic&quot;}\">\n\t\t\t\t\t\t<div class=\"elementor-container elementor-column-gap-default\">\n\t\t\t\t\t<div class=\"elementor-column elementor-col-100 elementor-inner-column elementor-element elementor-element-bfd3e25\" data-id=\"bfd3e25\" data-element_type=\"column\" data-settings=\"{&quot;background_background&quot;:&quot;classic&quot;}\">\n\t\t\t<div class=\"elementor-widget-wrap elementor-element-populated\">\n\t\t\t\t\t\t<div class=\"elementor-element elementor-element-e474a05 elementor-widget elementor-widget-progress\" data-id=\"e474a05\" data-element_type=\"widget\" data-widget_type=\"progress.default\">\n\t\t\t\t<div class=\"elementor-widget-container\">\n\t\t\t\t\t\t<span class=\"elementor-title\" id=\"elementor-progress-bar-e474a05\">\n\t\t\t\t7 St\u00fcck bleiben mit Rabatt\t\t\t<\/span>\n\t\t\n\t\t<div aria-labelledby=\"elementor-progress-bar-e474a05\" class=\"elementor-progress-wrapper\" role=\"progressbar\" aria-valuemin=\"0\" aria-valuemax=\"100\" aria-valuenow=\"36\" aria-valuetext=\"36% (LETZTE 7 ST\u00dcCKE)\">\n\t\t\t<div class=\"elementor-progress-bar\" data-max=\"36\">\n\t\t\t\t<span class=\"elementor-progress-text\">LETZTE 7 ST\u00dcCKE<\/span>\n\t\t\t\t\t\t\t<\/div>\n\t\t<\/div>\n\t\t\t\t<\/div>\n\t\t\t\t<\/div>\n\t\t\t\t\t<\/div>\n\t\t<\/div>\n\t\t\t\t\t<\/div>\n\t\t<\/section>\n\t\t\t\t\t<\/div>\n\t\t<\/div>\n\t\t\t\t\t<\/div>\n\t\t<\/section>\n\t\t\t\t<section data-particle_enable=\"false\" data-particle-mobile-disabled=\"false\" class=\"elementor-section elementor-top-section elementor-element elementor-element-42fcc0d elementor-section-full_width elementor-section-height-default elementor-section-height-default\" data-id=\"42fcc0d\" data-element_type=\"section\">\n\t\t\t\t\t\t<div class=\"elementor-container elementor-column-gap-default\">\n\t\t\t\t\t<div class=\"elementor-column elementor-col-100 elementor-top-column elementor-element elementor-element-82c24b1\" data-id=\"82c24b1\" data-element_type=\"column\" data-settings=\"{&quot;background_background&quot;:&quot;classic&quot;}\">\n\t\t\t<div class=\"elementor-widget-wrap elementor-element-populated\">\n\t\t\t\t\t\t<div class=\"elementor-element elementor-element-0bd2dce elementor-widget elementor-widget-menu-anchor\" data-id=\"0bd2dce\" data-element_type=\"widget\" data-widget_type=\"menu-anchor.default\">\n\t\t\t\t<div class=\"elementor-widget-container\">\n\t\t\t\t\t<div id=\"ordinaora\" class=\"elementor-menu-anchor\"><\/div>\n\t\t\t\t<\/div>\n\t\t\t\t<\/div>\n\t\t\t\t<div class=\"elementor-element elementor-element-84b0b79 elementor-widget elementor-widget-heading\" data-id=\"84b0b79\" data-element_type=\"widget\" data-widget_type=\"heading.default\">\n\t\t\t\t<div class=\"elementor-widget-container\">\n\t\t\t<h2 class=\"elementor-heading-title elementor-size-default\">DAS FORMULAR AUSF\u00dcLLEN<\/h2>\t\t<\/div>\n\t\t\t\t<\/div>\n\t\t\t\t<div class=\"elementor-element elementor-element-12bc5cd elementor-button-align-center elementor-widget elementor-widget-form\" data-id=\"12bc5cd\" data-element_type=\"widget\" data-settings=\"{&quot;step_next_label&quot;:&quot;Next&quot;,&quot;step_previous_label&quot;:&quot;Previous&quot;,&quot;button_width&quot;:&quot;100&quot;,&quot;step_type&quot;:&quot;number_text&quot;,&quot;step_icon_shape&quot;:&quot;circle&quot;}\" data-widget_type=\"form.default\">\n\t\t\t\t<div class=\"elementor-widget-container\">\n\t\t\t\t\t<form class=\"elementor-form\" method=\"post\" name=\"New Form\" action=\"\">\n\t\t\t<input type=\"hidden\" name=\"post_id\" value=\"19382\"\/>\n\t\t\t<input type=\"hidden\" name=\"form_id\" value=\"12bc5cd\"\/>\n\t\t\t<input type=\"hidden\" name=\"referer_title\" value=\"\" \/>\n\n\t\t\t\n\t\t\t<div class=\"elementor-form-fields-wrapper elementor-labels-above\">\n\t\t\t\t\t\t\t\t<div class=\"elementor-field-type-text elementor-field-group elementor-column elementor-field-group-name elementor-col-100 elementor-field-required\">\n\t\t\t\t\t\t\t\t\t\t\t\t<label for=\"form-field-name\" class=\"elementor-field-label\">\n\t\t\t\t\t\t\t\tJm\u00e9no a p\u0159\u00edjmen\u00ed\t\t\t\t\t\t\t<\/label>\n\t\t\t\t\t\t\t\t\t\t\t\t\t\t<input size=\"1\" type=\"text\" name=\"form_fields[name]\" id=\"form-field-name\" class=\"elementor-field elementor-size-sm  elementor-field-textual\" placeholder=\"nap\u0159. Jenell M\u00fcller\" required=\"required\" aria-required=\"true\">\n\t\t\t\t\t\t\t\t\t\t\t<\/div>\n\t\t\t\t\t\t\t\t<div class=\"elementor-field-type-tel elementor-field-group elementor-column elementor-field-group-email elementor-col-100 elementor-field-required\">\n\t\t\t\t\t\t\t\t\t\t\t\t<label for=\"form-field-email\" class=\"elementor-field-label\">\n\t\t\t\t\t\t\t\tTelefonn\u00ed \u010d\u00edslo\t\t\t\t\t\t\t<\/label>\n\t\t\t\t\t\t\t\t<input size=\"1\" type=\"tel\" name=\"form_fields[email]\" id=\"form-field-email\" class=\"elementor-field elementor-size-sm  elementor-field-textual\" placeholder=\"nap\u0159. 41913*****\" required=\"required\" aria-required=\"true\" pattern=\"[0-9()#&amp;+*-=.]+\" title=\"Akceptov\u00e1ny jsou pouze \u010d\u00edsla a telefonn\u00ed znaky (#, -, * atd.).\">\n\n\t\t\t\t\t\t<\/div>\n\t\t\t\t\t\t\t\t<div class=\"elementor-field-type-text elementor-field-group elementor-column elementor-field-group-field_0f13e6d elementor-col-100 elementor-field-required\">\n\t\t\t\t\t\t\t\t\t\t\t\t<label for=\"form-field-field_0f13e6d\" class=\"elementor-field-label\">\n\t\t\t\t\t\t\t\tVersandadresse\t\t\t\t\t\t\t<\/label>\n\t\t\t\t\t\t\t\t\t\t\t\t\t\t<input size=\"1\" type=\"text\" name=\"form_fields[field_0f13e6d]\" id=\"form-field-field_0f13e6d\" class=\"elementor-field elementor-size-sm  elementor-field-textual\" placeholder=\"nap\u0159. Via Sorengo, Lugano\" required=\"required\" aria-required=\"true\">\n\t\t\t\t\t\t\t\t\t\t\t<\/div>\n\t\t\t\t\t\t\t\t<div class=\"elementor-field-group elementor-column elementor-field-type-submit elementor-col-100 e-form__buttons\">\n\t\t\t\t\t<button type=\"submit\" class=\"elementor-button elementor-size-md\">\n\t\t\t\t\t\t<span >\n\t\t\t\t\t\t\t\t\t\t\t\t\t\t\t<span class=\"elementor-button-icon\">\n\t\t\t\t\t\t\t\t\t\t\t\t\t\t\t\t\t\t\t\t\t\t\t\t\t\t<\/span>\n\t\t\t\t\t\t\t\t\t\t\t\t\t\t\t\t\t\t\t\t\t\t<span class=\"elementor-button-text\">JETZT KAUFEN<\/span>\n\t\t\t\t\t\t\t\t\t\t\t\t\t<\/span>\n\t\t\t\t\t<\/button>\n\t\t\t\t<\/div>\n\t\t\t<\/div>\n\t\t<input type=\"hidden\" name=\"trp-form-language\" value=\"cs\"\/><\/form>\n\t\t\t\t<\/div>\n\t\t\t\t<\/div>\n\t\t\t\t<div class=\"elementor-element elementor-element-52ad81b elementor-widget elementor-widget-menu-anchor\" data-id=\"52ad81b\" data-element_type=\"widget\" data-widget_type=\"menu-anchor.default\">\n\t\t\t\t<div class=\"elementor-widget-container\">\n\t\t\t\t\t<div id=\"ordinaora\" class=\"elementor-menu-anchor\"><\/div>\n\t\t\t\t<\/div>\n\t\t\t\t<\/div>\n\t\t\t\t<div class=\"elementor-element elementor-element-25a6a2f elementor-widget elementor-widget-image\" data-id=\"25a6a2f\" data-element_type=\"widget\" data-widget_type=\"image.default\">\n\t\t\t\t<div class=\"elementor-widget-container\">\n\t\t\t\t\t\t\t\t\t\t\t\t\t<img loading=\"lazy\" decoding=\"async\" width=\"600\" height=\"135\" src=\"https:\/\/www.offertarapida.com\/wp-content\/uploads\/2022\/11\/gilet-riscaldante-2-1-1.png\" class=\"attachment-large size-large wp-image-12309\" alt=\"\" srcset=\"https:\/\/www.offertarapida.com\/wp-content\/uploads\/2022\/11\/gilet-riscaldante-2-1-1.png 600w, https:\/\/www.offertarapida.com\/wp-content\/uploads\/2022\/11\/gilet-riscaldante-2-1-1-300x68.png 300w\" sizes=\"(max-width: 600px) 100vw, 600px\" style=\"width:100%;height:22.5%;max-width:600px\" \/>\t\t\t\t\t\t\t\t\t\t\t\t\t<\/div>\n\t\t\t\t<\/div>\n\t\t\t\t\t<\/div>\n\t\t<\/div>\n\t\t\t\t\t<\/div>\n\t\t<\/section>\n\t\t\t\t<section data-particle_enable=\"false\" data-particle-mobile-disabled=\"false\" class=\"elementor-section elementor-top-section elementor-element elementor-element-5bdfb65 elementor-section-content-middle elementor-section-full_width elementor-section-height-default elementor-section-height-default\" data-id=\"5bdfb65\" data-element_type=\"section\" data-settings=\"{&quot;background_background&quot;:&quot;classic&quot;}\">\n\t\t\t\t\t\t<div class=\"elementor-container elementor-column-gap-no\">\n\t\t\t\t\t<div class=\"elementor-column elementor-col-100 elementor-top-column elementor-element elementor-element-d50eba1\" data-id=\"d50eba1\" data-element_type=\"column\">\n\t\t\t<div class=\"elementor-widget-wrap elementor-element-populated\">\n\t\t\t\t\t\t<div class=\"elementor-element elementor-element-8dbdc60 elementor-widget elementor-widget-text-editor\" data-id=\"8dbdc60\" data-element_type=\"widget\" data-widget_type=\"text-editor.default\">\n\t\t\t\t<div class=\"elementor-widget-container\">\n\t\t\t\t\t\t\t<p>Z\u0159eknut\u00ed se odpov\u011bdnosti: Produkty doporu\u010den\u00e9 na scontico.com se prod\u00e1vaj\u00ed v r\u00e1mci partnerstv\u00ed, tak\u017ee scontico.com nen\u00ed v\u00fdrobcem ani ofici\u00e1ln\u00edm prodejcem ka\u017ed\u00e9ho jednotliv\u00e9ho produktu, kter\u00fd najdete na na\u0161ich str\u00e1nk\u00e1ch. Proto byste se v p\u0159\u00edpad\u011b jak\u00fdchkoli \u017e\u00e1dost\u00ed o vr\u00e1cen\u00ed pen\u011bz nebo jin\u00fdch probl\u00e9m\u016f t\u00fdkaj\u00edc\u00edch se produkt\u016f zakoupen\u00fdch prost\u0159ednictv\u00edm scontico.com m\u011bli v\u017edy obr\u00e1tit na ofici\u00e1ln\u00ed str\u00e1nky prodejce. Budeme v\u00e1m v\u0161ak k dispozici, abychom v\u00e1m pomohli a podpo\u0159ili v\u00e1s. V\u00fdrobky jsou p\u0159ezkoum\u00e1ny pro informa\u010dn\u00ed \u00fa\u010dely: V \u017e\u00e1dn\u00e9m p\u0159\u00edpad\u011b nen\u00ed mo\u017en\u00e9 zaru\u010dit ur\u010dit\u00e9 v\u00fdsledky, \u0161ance na \u00fasp\u011bch jak\u00e9hokoli v\u00fdsledku se li\u0161\u00ed od z\u00e1kazn\u00edka k z\u00e1kazn\u00edkovi. Tento blog nep\u0159edstavuje noviny, proto\u017ee je aktualizov\u00e1n bez jak\u00e9koliv periodicity. Nelze jej proto pova\u017eovat za redak\u010dn\u00ed produkt ve smyslu z\u00e1kona \u010d. 62 ze dne 7. 3. 2001.\u00a0<\/p><p>N\u011bkter\u00e9 obr\u00e1zky na blogu byly nalezeny na webu, pokud se domn\u00edv\u00e1te, \u017ee by mohly poru\u0161ovat va\u0161e pr\u00e1va, dejte n\u00e1m pros\u00edm v\u011bd\u011bt a budou neprodlen\u011b odstran\u011bny.\u00a0<\/p><p>Tato str\u00e1nka nen\u00ed sou\u010d\u00e1st\u00ed webov\u00fdch str\u00e1nek spole\u010dnosti Facebook ani spole\u010dnosti Facebook Inc. Nav\u00edc tato str\u00e1nka NEN\u00cd \u017e\u00e1dn\u00fdm zp\u016fsobem podporov\u00e1na spole\u010dnost\u00ed Facebook. Facebook je ochrann\u00e1 zn\u00e1mka spole\u010dnosti Facebook, Inc.<\/p>\t\t\t\t\t\t<\/div>\n\t\t\t\t<\/div>\n\t\t\t\t\t<\/div>\n\t\t<\/div>\n\t\t\t\t\t<\/div>\n\t\t<\/section>\n\t\t\t\t<footer data-particle_enable=\"false\" data-particle-mobile-disabled=\"false\" class=\"elementor-section elementor-top-section elementor-element elementor-element-30a2c28 elementor-section-full_width elementor-section-height-default elementor-section-height-default\" data-id=\"30a2c28\" data-element_type=\"section\" data-settings=\"{&quot;background_background&quot;:&quot;classic&quot;}\">\n\t\t\t\t\t\t<div class=\"elementor-container elementor-column-gap-default\">\n\t\t\t\t\t<div class=\"elementor-column elementor-col-33 elementor-top-column elementor-element elementor-element-bf3bf36\" data-id=\"bf3bf36\" data-element_type=\"column\">\n\t\t\t<div class=\"elementor-widget-wrap elementor-element-populated\">\n\t\t\t\t\t\t<div class=\"elementor-element elementor-element-89cb400 elementor-widget elementor-widget-heading\" data-id=\"89cb400\" data-element_type=\"widget\" data-widget_type=\"heading.default\">\n\t\t\t\t<div class=\"elementor-widget-container\">\n\t\t\t<h4 class=\"elementor-heading-title elementor-size-default\"><a href=\"https:\/\/www.offertarapida.com\/cs\/contattaci\/\"><u>Kontaktujte n\u00e1s<\/u><\/a><\/h4>\t\t<\/div>\n\t\t\t\t<\/div>\n\t\t\t\t\t<\/div>\n\t\t<\/div>\n\t\t\t\t<div class=\"elementor-column elementor-col-33 elementor-top-column elementor-element elementor-element-4d159ef\" data-id=\"4d159ef\" data-element_type=\"column\">\n\t\t\t<div class=\"elementor-widget-wrap elementor-element-populated\">\n\t\t\t\t\t\t<div class=\"elementor-element elementor-element-e2bfee4 elementor-widget elementor-widget-heading\" data-id=\"e2bfee4\" data-element_type=\"widget\" data-widget_type=\"heading.default\">\n\t\t\t\t<div class=\"elementor-widget-container\">\n\t\t\t<h4 class=\"elementor-heading-title elementor-size-default\"><a href=\"https:\/\/www.offertarapida.com\/cs\/privacy-and-cookie-policy\/\" target=\"_blank\"><u>Z\u00e1sady ochrany osobn\u00edch \u00fadaj\u016f a soubor\u016f cookie<\/u><\/a><\/h4>\t\t<\/div>\n\t\t\t\t<\/div>\n\t\t\t\t\t<\/div>\n\t\t<\/div>\n\t\t\t\t<div class=\"elementor-column elementor-col-33 elementor-top-column elementor-element elementor-element-35c06b3\" data-id=\"35c06b3\" data-element_type=\"column\">\n\t\t\t<div class=\"elementor-widget-wrap elementor-element-populated\">\n\t\t\t\t\t\t<div class=\"elementor-element elementor-element-07b98fa elementor-widget elementor-widget-heading\" data-id=\"07b98fa\" data-element_type=\"widget\" data-widget_type=\"heading.default\">\n\t\t\t\t<div class=\"elementor-widget-container\">\n\t\t\t<h4 class=\"elementor-heading-title elementor-size-default\"><a href=\"https:\/\/www.offertarapida.com\/cs\/cookie-policy\/\"><u>Z\u00e1sady pou\u017e\u00edv\u00e1n\u00ed soubor\u016f cookie<\/u><\/a><\/h4>\t\t<\/div>\n\t\t\t\t<\/div>\n\t\t\t\t\t<\/div>\n\t\t<\/div>\n\t\t\t\t\t<\/div>\n\t\t<\/footer>\n\t\t\t\t<\/div>","protected":false},"excerpt":{"rendered":"<p>AKTIVE F\u00d6RDERUNG Minuten Sekunden Bestellen Sie jetzt und erhalten Sie PRO BIOTIC SLIM kostenloser Versand, kostenlos Zahlung bei Lieferung heute 49 CHF Vorheriger Preis 99 \u20ac 7 St\u00fcck bleiben mit Rabatt LETZTE 7 ST\u00dcCKE DAS FORMULAR AUSF\u00dcLLEN Disclaimer: i prodotti consigliati su scontico.com sono venduti in affiliazione, pertanto scontico.com non \u00e8 n\u00e9 il produttore, n\u00e9&hellip; <a class=\"more-link\" href=\"https:\/\/www.offertarapida.com\/cs\/probiotic-sw\/\">Pokra\u010dovat ve \u010dten\u00ed <span class=\"screen-reader-text\">pro biotic svizzera<\/span><\/a><\/p>","protected":false},"author":2,"featured_media":0,"parent":0,"menu_order":0,"comment_status":"closed","ping_status":"closed","template":"elementor_canvas","meta":{"_acf_changed":false,"footnotes":""},"class_list":["post-19382","page","type-page","status-publish","hentry","entry"],"acf":[],"_links":{"self":[{"href":"https:\/\/www.offertarapida.com\/cs\/wp-json\/wp\/v2\/pages\/19382","targetHints":{"allow":["GET"]}}],"collection":[{"href":"https:\/\/www.offertarapida.com\/cs\/wp-json\/wp\/v2\/pages"}],"about":[{"href":"https:\/\/www.offertarapida.com\/cs\/wp-json\/wp\/v2\/types\/page"}],"author":[{"embeddable":true,"href":"https:\/\/www.offertarapida.com\/cs\/wp-json\/wp\/v2\/users\/2"}],"replies":[{"embeddable":true,"href":"https:\/\/www.offertarapida.com\/cs\/wp-json\/wp\/v2\/comments?post=19382"}],"version-history":[{"count":19,"href":"https:\/\/www.offertarapida.com\/cs\/wp-json\/wp\/v2\/pages\/19382\/revisions"}],"predecessor-version":[{"id":19459,"href":"https:\/\/www.offertarapida.com\/cs\/wp-json\/wp\/v2\/pages\/19382\/revisions\/19459"}],"wp:attachment":[{"href":"https:\/\/www.offertarapida.com\/cs\/wp-json\/wp\/v2\/media?parent=19382"}],"curies":[{"name":"wp","href":"https:\/\/api.w.org\/{rel}","templated":true}]}}