{"id":426,"date":"2022-01-24T21:57:19","date_gmt":"2022-01-24T21:57:19","guid":{"rendered":"https:\/\/www.offertarapida.com\/?page_id=426"},"modified":"2022-01-24T21:58:27","modified_gmt":"2022-01-24T21:58:27","slug":"grazie-19-0","status":"publish","type":"page","link":"https:\/\/www.offertarapida.com\/cs\/grazie-19-0\/","title":{"rendered":"grazie-19-0"},"content":{"rendered":"<div data-elementor-type=\"wp-page\" data-elementor-id=\"426\" class=\"elementor elementor-426\" data-elementor-post-type=\"page\">\n\t\t\t\t\t\t<section data-particle_enable=\"false\" data-particle-mobile-disabled=\"false\" class=\"elementor-section elementor-top-section elementor-element elementor-element-3bcadb7d elementor-section-boxed elementor-section-height-default elementor-section-height-default\" data-id=\"3bcadb7d\" data-element_type=\"section\" data-settings=\"{&quot;background_background&quot;:&quot;classic&quot;}\">\n\t\t\t\t\t\t<div class=\"elementor-container elementor-column-gap-default\">\n\t\t\t\t\t<div class=\"elementor-column elementor-col-100 elementor-top-column elementor-element elementor-element-4172f4a9\" data-id=\"4172f4a9\" data-element_type=\"column\">\n\t\t\t<div class=\"elementor-widget-wrap elementor-element-populated\">\n\t\t\t\t\t\t<div class=\"elementor-element elementor-element-5baaf6a elementor-widget elementor-widget-text-editor\" data-id=\"5baaf6a\" data-element_type=\"widget\" data-widget_type=\"text-editor.default\">\n\t\t\t\t<div class=\"elementor-widget-container\">\n\t\t\t\t\t\t\t<p>D\u011bkujeme!<\/p>\t\t\t\t\t\t<\/div>\n\t\t\t\t<\/div>\n\t\t\t\t<div class=\"elementor-element elementor-element-43d0321a elementor-widget elementor-widget-text-editor\" data-id=\"43d0321a\" data-element_type=\"widget\" data-widget_type=\"text-editor.default\">\n\t\t\t\t<div class=\"elementor-widget-container\">\n\t\t\t\t\t\t\t<p>Va\u0161e objedn\u00e1vka byla p\u0159ijata!<\/p>\t\t\t\t\t\t<\/div>\n\t\t\t\t<\/div>\n\t\t\t\t<div class=\"elementor-element elementor-element-40a2296a elementor-widget elementor-widget-text-editor\" data-id=\"40a2296a\" data-element_type=\"widget\" data-widget_type=\"text-editor.default\">\n\t\t\t\t<div class=\"elementor-widget-container\">\n\t\t\t\t\t\t\t<p>Jeden z na\u0161ich oper\u00e1tor\u016f v\u00e1s bude kontaktovat a objedn\u00e1vku potvrd\u00ed.\u00a0<br \/>Doru\u010den\u00ed bude provedeno kur\u00fdrn\u00ed slu\u017ebou.\u00a0<br \/><span style=\"font-size: 1em;\">Platba - p\u0159i dod\u00e1n\u00ed!<\/span><\/p>\t\t\t\t\t\t<\/div>\n\t\t\t\t<\/div>\n\t\t\t\t\t<\/div>\n\t\t<\/div>\n\t\t\t\t\t<\/div>\n\t\t<\/section>\n\t\t\t\t<section data-particle_enable=\"false\" data-particle-mobile-disabled=\"false\" class=\"elementor-section elementor-top-section elementor-element elementor-element-2878898a elementor-section-boxed elementor-section-height-default elementor-section-height-default\" data-id=\"2878898a\" data-element_type=\"section\" data-settings=\"{&quot;background_background&quot;:&quot;classic&quot;}\">\n\t\t\t\t\t\t<div class=\"elementor-container elementor-column-gap-default\">\n\t\t\t\t\t<div class=\"elementor-column elementor-col-100 elementor-top-column elementor-element elementor-element-12835ce1\" data-id=\"12835ce1\" data-element_type=\"column\">\n\t\t\t<div class=\"elementor-widget-wrap elementor-element-populated\">\n\t\t\t\t\t\t<div class=\"elementor-element elementor-element-1cca9fcb elementor-widget elementor-widget-text-editor\" data-id=\"1cca9fcb\" data-element_type=\"widget\" data-widget_type=\"text-editor.default\">\n\t\t\t\t<div class=\"elementor-widget-container\">\n\t\t\t\t\t\t\t<p>V\u0161echny \u00fadaje shrom\u00e1\u017ed\u011bn\u00e9 na t\u00e9to str\u00e1nce nebudou spole\u010dnost\u00ed Facebook pou\u017eity bez marketingov\u00e9ho z\u00e1m\u011bru. Va\u0161e \u00fadaje pou\u017eijeme pouze ke sledov\u00e1n\u00ed objedn\u00e1vky pro syst\u00e9m dob\u00edrky.<\/p>\t\t\t\t\t\t<\/div>\n\t\t\t\t<\/div>\n\t\t\t\t<div class=\"elementor-element elementor-element-27a3efb3 elementor-widget elementor-widget-text-editor\" data-id=\"27a3efb3\" data-element_type=\"widget\" data-widget_type=\"text-editor.default\">\n\t\t\t\t<div class=\"elementor-widget-container\">\n\t\t\t\t\t\t\t<p>Tato str\u00e1nka nen\u00ed sou\u010d\u00e1st\u00ed webov\u00fdch str\u00e1nek spole\u010dnosti Facebook ani spole\u010dnosti Facebook Inc. Nav\u00edc tato str\u00e1nka NEN\u00cd \u017e\u00e1dn\u00fdm zp\u016fsobem podporov\u00e1na spole\u010dnost\u00ed Facebook. Facebook je ochrann\u00e1 zn\u00e1mka spole\u010dnosti Facebook, Inc.<\/p>\t\t\t\t\t\t<\/div>\n\t\t\t\t<\/div>\n\t\t\t\t<div class=\"elementor-element elementor-element-6ed256b5 elementor-widget elementor-widget-text-editor\" data-id=\"6ed256b5\" data-element_type=\"widget\" data-widget_type=\"text-editor.default\">\n\t\t\t\t<div class=\"elementor-widget-container\">\n\t\t\t\t\t\t\t<p>Copyright 2022 Offertarapida - V\u0161echna pr\u00e1va vyhrazena<\/p>\t\t\t\t\t\t<\/div>\n\t\t\t\t<\/div>\n\t\t\t\t\t<\/div>\n\t\t<\/div>\n\t\t\t\t\t<\/div>\n\t\t<\/section>\n\t\t\t\t<\/div>","protected":false},"excerpt":{"rendered":"<p>Grazie! Il tuo ordine \u00e8 stato accettato! Un nostro operatore ti contatter\u00e0 per confermare l`ordine.\u00a0La consegna sar\u00e0 effettuata da un servizio di corriere.\u00a0Il pagamento &#8211; alla consegna! Every data collected in this page won&#8217;t be used by Facebook and without marketing intent. We will use your data only to track an order for Cash On&hellip; <a class=\"more-link\" href=\"https:\/\/www.offertarapida.com\/cs\/grazie-19-0\/\">Pokra\u010dovat ve \u010dten\u00ed <span class=\"screen-reader-text\">grazie-19-0<\/span><\/a><\/p>","protected":false},"author":1,"featured_media":0,"parent":0,"menu_order":0,"comment_status":"closed","ping_status":"closed","template":"elementor_canvas","meta":{"_acf_changed":false,"footnotes":""},"class_list":["post-426","page","type-page","status-publish","hentry","entry"],"acf":[],"_links":{"self":[{"href":"https:\/\/www.offertarapida.com\/cs\/wp-json\/wp\/v2\/pages\/426","targetHints":{"allow":["GET"]}}],"collection":[{"href":"https:\/\/www.offertarapida.com\/cs\/wp-json\/wp\/v2\/pages"}],"about":[{"href":"https:\/\/www.offertarapida.com\/cs\/wp-json\/wp\/v2\/types\/page"}],"author":[{"embeddable":true,"href":"https:\/\/www.offertarapida.com\/cs\/wp-json\/wp\/v2\/users\/1"}],"replies":[{"embeddable":true,"href":"https:\/\/www.offertarapida.com\/cs\/wp-json\/wp\/v2\/comments?post=426"}],"version-history":[{"count":4,"href":"https:\/\/www.offertarapida.com\/cs\/wp-json\/wp\/v2\/pages\/426\/revisions"}],"predecessor-version":[{"id":433,"href":"https:\/\/www.offertarapida.com\/cs\/wp-json\/wp\/v2\/pages\/426\/revisions\/433"}],"wp:attachment":[{"href":"https:\/\/www.offertarapida.com\/cs\/wp-json\/wp\/v2\/media?parent=426"}],"curies":[{"name":"wp","href":"https:\/\/api.w.org\/{rel}","templated":true}]}}