{"id":236,"date":"2022-01-23T01:18:54","date_gmt":"2022-01-23T01:18:54","guid":{"rendered":"https:\/\/www.offertarapida.com\/?page_id=236"},"modified":"2022-01-23T01:21:28","modified_gmt":"2022-01-23T01:21:28","slug":"termini-e-condizioni","status":"publish","type":"page","link":"https:\/\/www.offertarapida.com\/da\/termini-e-condizioni\/","title":{"rendered":"termini e condizioni"},"content":{"rendered":"<div data-elementor-type=\"wp-page\" data-elementor-id=\"236\" class=\"elementor elementor-236\" data-elementor-post-type=\"page\">\n\t\t\t\t\t\t<section data-particle_enable=\"false\" data-particle-mobile-disabled=\"false\" class=\"elementor-section elementor-top-section elementor-element elementor-element-62c39bdb elementor-section-height-min-height elementor-section-boxed elementor-section-height-default elementor-section-items-middle\" data-id=\"62c39bdb\" data-element_type=\"section\" data-settings=\"{&quot;background_background&quot;:&quot;classic&quot;}\">\n\t\t\t\t\t\t<div class=\"elementor-container elementor-column-gap-default\">\n\t\t\t\t\t<div class=\"elementor-column elementor-col-50 elementor-top-column elementor-element elementor-element-659a785f\" data-id=\"659a785f\" data-element_type=\"column\">\n\t\t\t<div class=\"elementor-widget-wrap elementor-element-populated\">\n\t\t\t\t\t\t<div class=\"elementor-element elementor-element-7323896c elementor-nav-menu--dropdown-mobile elementor-nav-menu__text-align-aside elementor-nav-menu--toggle elementor-nav-menu--burger elementor-widget elementor-widget-nav-menu\" data-id=\"7323896c\" data-element_type=\"widget\" data-settings=\"{&quot;layout&quot;:&quot;horizontal&quot;,&quot;submenu_icon&quot;:{&quot;value&quot;:&quot;&lt;i class=\\&quot;fas fa-caret-down\\&quot;&gt;&lt;\\\/i&gt;&quot;,&quot;library&quot;:&quot;fa-solid&quot;},&quot;toggle&quot;:&quot;burger&quot;}\" data-widget_type=\"nav-menu.default\">\n\t\t\t\t<div class=\"elementor-widget-container\">\n\t\t\t\t\t\t<nav class=\"elementor-nav-menu--main elementor-nav-menu__container elementor-nav-menu--layout-horizontal e--pointer-background e--animation-fade\">\n\t\t\t\t<ul id=\"menu-1-7323896c\" class=\"elementor-nav-menu\"><li class=\"menu-item menu-item-type-custom menu-item-object-custom menu-item-151\"><a href=\"#vantaggi\" class=\"elementor-item elementor-item-anchor\">Fordele<\/a><\/li>\n<li class=\"menu-item menu-item-type-custom menu-item-object-custom menu-item-152\"><a href=\"#prezzo\" class=\"elementor-item elementor-item-anchor\">Pris<\/a><\/li>\n<li class=\"menu-item menu-item-type-custom menu-item-object-custom menu-item-153\"><a href=\"#recensioni\" class=\"elementor-item elementor-item-anchor\">Anmeldelser<\/a><\/li>\n<li class=\"menu-item menu-item-type-custom menu-item-object-custom menu-item-154\"><a href=\"#ordinaora\" class=\"elementor-item elementor-item-anchor\">Bestil nu<\/a><\/li>\n<\/ul>\t\t\t<\/nav>\n\t\t\t\t\t<div class=\"elementor-menu-toggle\" role=\"button\" tabindex=\"0\" aria-label=\"Menu Toggle\" aria-expanded=\"false\">\n\t\t\t<i aria-hidden=\"true\" role=\"presentation\" class=\"elementor-menu-toggle__icon--open eicon-menu-bar\"><\/i><i aria-hidden=\"true\" role=\"presentation\" class=\"elementor-menu-toggle__icon--close eicon-close\"><\/i>\t\t\t<span class=\"elementor-screen-only\">Menu<\/span>\n\t\t<\/div>\n\t\t\t\t\t<nav class=\"elementor-nav-menu--dropdown elementor-nav-menu__container\" aria-hidden=\"true\">\n\t\t\t\t<ul id=\"menu-2-7323896c\" class=\"elementor-nav-menu\"><li class=\"menu-item menu-item-type-custom menu-item-object-custom menu-item-151\"><a href=\"#vantaggi\" class=\"elementor-item elementor-item-anchor\" tabindex=\"-1\">Fordele<\/a><\/li>\n<li class=\"menu-item menu-item-type-custom menu-item-object-custom menu-item-152\"><a href=\"#prezzo\" class=\"elementor-item elementor-item-anchor\" tabindex=\"-1\">Pris<\/a><\/li>\n<li class=\"menu-item menu-item-type-custom menu-item-object-custom menu-item-153\"><a href=\"#recensioni\" class=\"elementor-item elementor-item-anchor\" tabindex=\"-1\">Anmeldelser<\/a><\/li>\n<li class=\"menu-item menu-item-type-custom menu-item-object-custom menu-item-154\"><a href=\"#ordinaora\" class=\"elementor-item elementor-item-anchor\" tabindex=\"-1\">Bestil nu<\/a><\/li>\n<\/ul>\t\t\t<\/nav>\n\t\t\t\t<\/div>\n\t\t\t\t<\/div>\n\t\t\t\t\t<\/div>\n\t\t<\/div>\n\t\t\t\t<div class=\"elementor-column elementor-col-50 elementor-top-column elementor-element elementor-element-2e40a2d8\" data-id=\"2e40a2d8\" data-element_type=\"column\">\n\t\t\t<div class=\"elementor-widget-wrap elementor-element-populated\">\n\t\t\t\t\t\t<div class=\"elementor-element elementor-element-2a308b5a elementor-align-right elementor-tablet-align-right elementor-icon-list--layout-traditional elementor-list-item-link-full_width elementor-widget elementor-widget-icon-list\" data-id=\"2a308b5a\" data-element_type=\"widget\" data-widget_type=\"icon-list.default\">\n\t\t\t\t<div class=\"elementor-widget-container\">\n\t\t\t\t\t<ul class=\"elementor-icon-list-items\">\n\t\t\t\t\t\t\t<li class=\"elementor-icon-list-item\">\n\t\t\t\t\t\t\t\t\t\t\t<span class=\"elementor-icon-list-icon\">\n\t\t\t\t\t\t\t<i aria-hidden=\"true\" class=\"fas fa-box-open\"><\/i>\t\t\t\t\t\t<\/span>\n\t\t\t\t\t\t\t\t\t\t<span class=\"elementor-icon-list-text\">Sikker betaling, n\u00e5r den kommer hjem<\/span>\n\t\t\t\t\t\t\t\t\t<\/li>\n\t\t\t\t\t\t<\/ul>\n\t\t\t\t<\/div>\n\t\t\t\t<\/div>\n\t\t\t\t\t<\/div>\n\t\t<\/div>\n\t\t\t\t\t<\/div>\n\t\t<\/section>\n\t\t\t\t<section data-particle_enable=\"false\" data-particle-mobile-disabled=\"false\" class=\"elementor-section elementor-top-section elementor-element elementor-element-5080c12e elementor-section-boxed elementor-section-height-default elementor-section-height-default\" data-id=\"5080c12e\" data-element_type=\"section\" data-settings=\"{&quot;background_background&quot;:&quot;classic&quot;}\">\n\t\t\t\t\t\t<div class=\"elementor-container elementor-column-gap-default\">\n\t\t\t\t\t<div class=\"elementor-column elementor-col-33 elementor-top-column elementor-element elementor-element-11327b56\" data-id=\"11327b56\" data-element_type=\"column\">\n\t\t\t<div class=\"elementor-widget-wrap elementor-element-populated\">\n\t\t\t\t\t\t<div class=\"elementor-element elementor-element-32b4d3b5 elementor-widget elementor-widget-image\" data-id=\"32b4d3b5\" data-element_type=\"widget\" data-widget_type=\"image.default\">\n\t\t\t\t<div class=\"elementor-widget-container\">\n\t\t\t\t\t\t\t\t\t\t\t\t\t\t<a href=\"https:\/\/grandi-sconti.com\">\n\t\t\t\t\t\t\t<img fetchpriority=\"high\" decoding=\"async\" width=\"750\" height=\"150\" src=\"https:\/\/www.offertarapida.com\/wp-content\/uploads\/2022\/01\/OFFERTA-RAPIDA.png\" class=\"attachment-large size-large wp-image-157\" alt=\"OFFERTA RAPIDA\" srcset=\"https:\/\/www.offertarapida.com\/wp-content\/uploads\/2022\/01\/OFFERTA-RAPIDA.png 1000w, https:\/\/www.offertarapida.com\/wp-content\/uploads\/2022\/01\/OFFERTA-RAPIDA-300x60.png 300w, https:\/\/www.offertarapida.com\/wp-content\/uploads\/2022\/01\/OFFERTA-RAPIDA-768x154.png 768w\" sizes=\"(max-width: 750px) 100vw, 750px\" style=\"width:100%;height:20%;max-width:1000px\" \/>\t\t\t\t\t\t\t\t<\/a>\n\t\t\t\t\t\t\t\t\t\t\t\t\t<\/div>\n\t\t\t\t<\/div>\n\t\t\t\t\t<\/div>\n\t\t<\/div>\n\t\t\t\t<div class=\"elementor-column elementor-col-33 elementor-top-column elementor-element elementor-element-7b8c6c2c\" data-id=\"7b8c6c2c\" data-element_type=\"column\">\n\t\t\t<div class=\"elementor-widget-wrap elementor-element-populated\">\n\t\t\t\t\t\t<div class=\"elementor-element elementor-element-1ea041d8 elementor-search-form--skin-classic elementor-search-form--button-type-icon elementor-search-form--icon-search elementor-widget elementor-widget-search-form\" data-id=\"1ea041d8\" data-element_type=\"widget\" data-settings=\"{&quot;skin&quot;:&quot;classic&quot;}\" data-widget_type=\"search-form.default\">\n\t\t\t\t<div class=\"elementor-widget-container\">\n\t\t\t\t\t<search role=\"search\">\n\t\t\t<form class=\"elementor-search-form\" action=\"https:\/\/www.offertarapida.com\/da\/\" method=\"get\" data-trp-original-action=\"https:\/\/www.offertarapida.com\/da\">\n\t\t\t\t\t\t\t\t\t\t\t\t<div class=\"elementor-search-form__container\">\n\t\t\t\t\t<label class=\"elementor-screen-only\" for=\"elementor-search-form-1ea041d8\">S\u00f8g efter<\/label>\n\n\t\t\t\t\t\n\t\t\t\t\t<input id=\"elementor-search-form-1ea041d8\" placeholder=\"\" class=\"elementor-search-form__input\" type=\"search\" name=\"s\" value=\"\">\n\t\t\t\t\t\n\t\t\t\t\t\t\t\t\t\t\t<button class=\"elementor-search-form__submit\" type=\"submit\" aria-label=\"S\u00f8g efter\">\n\t\t\t\t\t\t\t\t\t\t\t\t\t\t\t<i aria-hidden=\"true\" class=\"fas fa-search\"><\/i>\t\t\t\t\t\t\t\t<span class=\"elementor-screen-only\">S\u00f8g efter<\/span>\n\t\t\t\t\t\t\t\t\t\t\t\t\t<\/button>\n\t\t\t\t\t\n\t\t\t\t\t\t\t\t\t<\/div>\n\t\t\t<input type=\"hidden\" name=\"trp-form-language\" value=\"da\"\/><\/form>\n\t\t<\/search>\n\t\t\t\t<\/div>\n\t\t\t\t<\/div>\n\t\t\t\t\t<\/div>\n\t\t<\/div>\n\t\t\t\t<div class=\"elementor-column elementor-col-33 elementor-top-column elementor-element elementor-element-30def517\" data-id=\"30def517\" data-element_type=\"column\">\n\t\t\t<div class=\"elementor-widget-wrap elementor-element-populated\">\n\t\t\t\t\t\t<div class=\"elementor-element elementor-element-77de6c5b elementor-widget elementor-widget-text-editor\" data-id=\"77de6c5b\" data-element_type=\"widget\" data-widget_type=\"text-editor.default\">\n\t\t\t\t<div class=\"elementor-widget-container\">\n\t\t\t\t\t\t\t<p>Hvad venter du p\u00e5?<\/p>\t\t\t\t\t\t<\/div>\n\t\t\t\t<\/div>\n\t\t\t\t<div class=\"elementor-element elementor-element-7f82b148 elementor-widget elementor-widget-text-editor\" data-id=\"7f82b148\" data-element_type=\"widget\" data-widget_type=\"text-editor.default\">\n\t\t\t\t<div class=\"elementor-widget-container\">\n\t\t\t\t\t\t\t<p><a href=\"https:\/\/www.offertarapida.com\/da\/prodotti\/\">Se produkter<\/a><\/p>\t\t\t\t\t\t<\/div>\n\t\t\t\t<\/div>\n\t\t\t\t\t<\/div>\n\t\t<\/div>\n\t\t\t\t\t<\/div>\n\t\t<\/section>\n\t\t\t\t<section data-particle_enable=\"false\" data-particle-mobile-disabled=\"false\" class=\"elementor-section elementor-top-section elementor-element elementor-element-1263c857 elementor-section-boxed elementor-section-height-default elementor-section-height-default\" data-id=\"1263c857\" data-element_type=\"section\">\n\t\t\t\t\t\t<div class=\"elementor-container elementor-column-gap-default\">\n\t\t\t\t\t<div class=\"elementor-column elementor-col-100 elementor-top-column elementor-element elementor-element-328df6cf\" data-id=\"328df6cf\" data-element_type=\"column\">\n\t\t\t<div class=\"elementor-widget-wrap elementor-element-populated\">\n\t\t\t\t\t\t<div class=\"elementor-element elementor-element-5248efbb elementor-widget elementor-widget-heading\" data-id=\"5248efbb\" data-element_type=\"widget\" data-widget_type=\"heading.default\">\n\t\t\t\t<div class=\"elementor-widget-container\">\n\t\t\t<h2 class=\"elementor-heading-title elementor-size-default\">Vilk\u00e5r og betingelser<\/h2>\t\t<\/div>\n\t\t\t\t<\/div>\n\t\t\t\t<div class=\"elementor-element elementor-element-34ecf174 elementor-widget elementor-widget-text-editor\" data-id=\"34ecf174\" data-element_type=\"widget\" data-widget_type=\"text-editor.default\">\n\t\t\t\t<div class=\"elementor-widget-container\">\n\t\t\t\t\t\t\t<p>Vi leverer tjenester til dig i henhold til de meddelelser, vilk\u00e5r og betingelser, der er beskrevet i denne aftale. Du skal ogs\u00e5 overholde de regler, retningslinjer, politikker, vilk\u00e5r og betingelser, der g\u00e6lder for s\u00e5danne tjenester, f\u00f8r du bruger dem. Vi forbeholder os ret til at \u00e6ndre dette websted og disse vilk\u00e5r og betingelser til enhver tid. F\u00f8r du forts\u00e6tter, bedes du l\u00e6se denne aftale, fordi adgang til, browsing eller brug af webstedet angiver din accept af alle vilk\u00e5r og betingelser i denne aftale. Du m\u00e5 ikke uploade, distribuere eller p\u00e5 anden m\u00e5de offentligg\u00f8re indhold, oplysninger eller andet materiale via dette websted, der (a) indeholder fejl, vira, orme, f\u00e6lder, trojanske heste eller anden skadelig kode eller egenskaber; (b) er injurierende, truende, \u00e6rekr\u00e6nkende, uanst\u00e6ndigt, pornografisk, diskriminerende eller kan give anledning til civilretligt eller strafferetligt ansvar i henhold til lovgivningen i USA eller lovgivningen i ethvert andet land, der m\u00e5tte v\u00e6re g\u00e6ldende; eller (c) kr\u00e6nker eller overtr\u00e6der enhver ophavsret, patent, varem\u00e6rke, servicem\u00e6rke, forretningshemmelighed eller anden ejendomsret tilh\u00f8rende enhver person. Webstedet kan give dig en identifikationskode og adgangskode, s\u00e5 du kan f\u00e5 adgang til og bruge visse dele af dette websted. Hver gang du bruger en adgangskode eller identifikationskode, anses du for at v\u00e6re autoriseret til at f\u00e5 adgang til og bruge webstedet p\u00e5 en m\u00e5de, der er i overensstemmelse med vilk\u00e5rene og betingelserne i denne aftale, og webstedet har ingen forpligtelse til at unders\u00f8ge kilden til en s\u00e5dan adgang eller brug.ved at acceptere disse brugsbetingelser gennem din brug af webstedet bekr\u00e6fter du, at du er mindst 18 \u00e5r gammel. Hvis du er under 18 \u00e5r, m\u00e5 du kun bruge dette websted under opsyn af en for\u00e6lder eller v\u00e6rge. I henhold til vilk\u00e5rene og betingelserne i denne aftale giver du hermed en begr\u00e6nset, genkaldelig, ikke-overf\u00f8rbar og ikke-eksklusiv licens til at f\u00e5 adgang til og bruge webstedet ved kun at vise det i din internetbrowser med henblik p\u00e5 k\u00f8b og ikke til nogen kommerciel brug eller brug p\u00e5 vegne af nogen tredjepart, medmindre det udtrykkeligt er tilladt af webstedet p\u00e5 forh\u00e5nd.&nbsp;<\/p>\n<p>Enhver overtr\u00e6delse af denne aftale vil resultere i \u00f8jeblikkelig tilbagekaldelse af den licens, der er givet i dette afsnit, uden varsel. Medmindre det udtrykkeligt er tilladt af os p\u00e5 forh\u00e5nd, er alt materiale, herunder billeder, tekst, illustrationer, design, ikoner, fotografier, programmer, musikklip eller downloads, videoklip og skriftlige og andre materialer, der er en del af dette websted (samlet set \"indholdet\"), udelukkende beregnet til din personlige, ikke-kommercielle brug. Du m\u00e5 ikke g\u00f8re kommerciel brug af nogen af oplysningerne p\u00e5 webstedet eller g\u00f8re brug af webstedet til fordel for en anden virksomhed.&nbsp;<\/p>\n<p>Vi forbeholder os ret til at afvise service, opsige konti og\/eller annullere ordrer efter eget sk\u00f8n, herunder, uden begr\u00e6nsning, hvis vi mener, at kundens adf\u00e6rd overtr\u00e6der g\u00e6ldende love eller er skadelig for vores interesser. Du m\u00e5 ikke reproducere, distribuere, vise, s\u00e6lge, lease, transmittere, skabe afledte v\u00e6rker fra, overs\u00e6tte, modificere, reverse engineer, adskille, dekompilere eller p\u00e5 anden m\u00e5de udnytte dette websted eller nogen del af det, medmindre det udtrykkeligt er tilladt af os skriftligt. Du er eneansvarlig for adgang til og brug af dette websted af enhver, der bruger den adgangskode og identifikation, der oprindeligt blev tildelt dig, uanset om en s\u00e5dan adgang til og brug af dette websted faktisk er autoriseret af dig, herunder uden begr\u00e6nsning al kommunikation og transmission og alle forpligtelser (herunder uden begr\u00e6nsning \u00f8konomiske forpligtelser), der opst\u00e5r gennem en s\u00e5dan adgang eller brug. Du er eneansvarlig for at beskytte sikkerheden og fortroligheden af den adgangskode og identifikation, du har f\u00e5et tildelt. Du skal straks underrette webstedet om enhver uautoriseret brug af din adgangskode eller identifikation eller enhver anden overtr\u00e6delse eller trussel om overtr\u00e6delse af sikkerheden p\u00e5 dette websted.<\/p>\t\t\t\t\t\t<\/div>\n\t\t\t\t<\/div>\n\t\t\t\t\t<\/div>\n\t\t<\/div>\n\t\t\t\t\t<\/div>\n\t\t<\/section>\n\t\t\t\t<section data-particle_enable=\"false\" data-particle-mobile-disabled=\"false\" class=\"elementor-section elementor-top-section elementor-element elementor-element-6fff26e2 elementor-section-boxed elementor-section-height-default elementor-section-height-default\" data-id=\"6fff26e2\" data-element_type=\"section\" data-settings=\"{&quot;background_background&quot;:&quot;classic&quot;}\">\n\t\t\t\t\t\t<div class=\"elementor-container elementor-column-gap-default\">\n\t\t\t\t\t<div class=\"elementor-column elementor-col-25 elementor-top-column elementor-element elementor-element-2d9a5493\" data-id=\"2d9a5493\" data-element_type=\"column\">\n\t\t\t<div class=\"elementor-widget-wrap elementor-element-populated\">\n\t\t\t\t\t\t<div class=\"elementor-element elementor-element-30df6b1a elementor-widget elementor-widget-image\" data-id=\"30df6b1a\" data-element_type=\"widget\" data-widget_type=\"image.default\">\n\t\t\t\t<div class=\"elementor-widget-container\">\n\t\t\t\t\t\t\t\t\t\t\t\t\t<img fetchpriority=\"high\" decoding=\"async\" width=\"750\" height=\"150\" src=\"https:\/\/www.offertarapida.com\/wp-content\/uploads\/2022\/01\/OFFERTA-RAPIDA.png\" class=\"attachment-large size-large wp-image-157\" alt=\"OFFERTA RAPIDA\" srcset=\"https:\/\/www.offertarapida.com\/wp-content\/uploads\/2022\/01\/OFFERTA-RAPIDA.png 1000w, https:\/\/www.offertarapida.com\/wp-content\/uploads\/2022\/01\/OFFERTA-RAPIDA-300x60.png 300w, https:\/\/www.offertarapida.com\/wp-content\/uploads\/2022\/01\/OFFERTA-RAPIDA-768x154.png 768w\" sizes=\"(max-width: 750px) 100vw, 750px\" style=\"width:100%;height:20%;max-width:1000px\" \/>\t\t\t\t\t\t\t\t\t\t\t\t\t<\/div>\n\t\t\t\t<\/div>\n\t\t\t\t<div class=\"elementor-element elementor-element-3c067311 elementor-widget elementor-widget-text-editor\" data-id=\"3c067311\" data-element_type=\"widget\" data-widget_type=\"text-editor.default\">\n\t\t\t\t<div class=\"elementor-widget-container\">\n\t\t\t\t\t\t\t<p>Sikkert k\u00f8b.<\/p>\t\t\t\t\t\t<\/div>\n\t\t\t\t<\/div>\n\t\t\t\t<div class=\"elementor-element elementor-element-2b4142c8 elementor-widget elementor-widget-text-editor\" data-id=\"2b4142c8\" data-element_type=\"widget\" data-widget_type=\"text-editor.default\">\n\t\t\t\t<div class=\"elementor-widget-container\">\n\t\t\t\t\t\t\t<p>Betaling, n\u00e5r den kommer hjem.<\/p>\t\t\t\t\t\t<\/div>\n\t\t\t\t<\/div>\n\t\t\t\t<div class=\"elementor-element elementor-element-62c28151 elementor-widget elementor-widget-image\" data-id=\"62c28151\" data-element_type=\"widget\" data-widget_type=\"image.default\">\n\t\t\t\t<div class=\"elementor-widget-container\">\n\t\t\t\t\t\t\t\t\t\t\t\t\t<img decoding=\"async\" width=\"750\" height=\"54\" src=\"https:\/\/www.offertarapida.com\/wp-content\/uploads\/2022\/01\/trustbadges.webp\" class=\"attachment-large size-large wp-image-161\" alt=\"\" srcset=\"https:\/\/www.offertarapida.com\/wp-content\/uploads\/2022\/01\/trustbadges.webp 944w, https:\/\/www.offertarapida.com\/wp-content\/uploads\/2022\/01\/trustbadges-300x22.webp 300w, https:\/\/www.offertarapida.com\/wp-content\/uploads\/2022\/01\/trustbadges-768x55.webp 768w\" sizes=\"(max-width: 750px) 100vw, 750px\" style=\"width:100%;height:7.2%;max-width:944px\" \/>\t\t\t\t\t\t\t\t\t\t\t\t\t<\/div>\n\t\t\t\t<\/div>\n\t\t\t\t\t<\/div>\n\t\t<\/div>\n\t\t\t\t<div class=\"elementor-column elementor-col-25 elementor-top-column elementor-element elementor-element-574fac65\" data-id=\"574fac65\" data-element_type=\"column\">\n\t\t\t<div class=\"elementor-widget-wrap elementor-element-populated\">\n\t\t\t\t\t\t<div class=\"elementor-element elementor-element-50cb8a02 elementor-widget elementor-widget-heading\" data-id=\"50cb8a02\" data-element_type=\"widget\" data-widget_type=\"heading.default\">\n\t\t\t\t<div class=\"elementor-widget-container\">\n\t\t\t<h2 class=\"elementor-heading-title elementor-size-default\">Information om virksomheden<\/h2>\t\t<\/div>\n\t\t\t\t<\/div>\n\t\t\t\t<div class=\"elementor-element elementor-element-592c942f elementor-widget elementor-widget-text-editor\" data-id=\"592c942f\" data-element_type=\"widget\" data-widget_type=\"text-editor.default\">\n\t\t\t\t<div class=\"elementor-widget-container\">\n\t\t\t\t\t\t\t<p><a href=\"https:\/\/www.offertarapida.com\/da\/privacy-and-cookie-policy\/\">Privatlivs- og cookiepolitik<\/a><\/p><p><a href=\"https:\/\/www.offertarapida.com\/da\/cookie-policy\/\">Cookie-politik<\/a><\/p><p><a href=\"https:\/\/www.offertarapida.com\/da\/termini-e-condizioni\/\">Vilk\u00e5r og betingelser<\/a><\/p>\t\t\t\t\t\t<\/div>\n\t\t\t\t<\/div>\n\t\t\t\t\t<\/div>\n\t\t<\/div>\n\t\t\t\t<div class=\"elementor-column elementor-col-25 elementor-top-column elementor-element elementor-element-f9c591d\" data-id=\"f9c591d\" data-element_type=\"column\">\n\t\t\t<div class=\"elementor-widget-wrap elementor-element-populated\">\n\t\t\t\t\t\t<div class=\"elementor-element elementor-element-5e54cbe8 elementor-widget elementor-widget-heading\" data-id=\"5e54cbe8\" data-element_type=\"widget\" data-widget_type=\"heading.default\">\n\t\t\t\t<div class=\"elementor-widget-container\">\n\t\t\t<h2 class=\"elementor-heading-title elementor-size-default\">Bestillinger og bekr\u00e6ftelser<\/h2>\t\t<\/div>\n\t\t\t\t<\/div>\n\t\t\t\t<div class=\"elementor-element elementor-element-32c3fe5b elementor-widget elementor-widget-text-editor\" data-id=\"32c3fe5b\" data-element_type=\"widget\" data-widget_type=\"text-editor.default\">\n\t\t\t\t<div class=\"elementor-widget-container\">\n\t\t\t\t\t\t\t<p><a href=\"https:\/\/www.offertarapida.com\/da\/spedizione-e-consegna\/\">Forsendelse og levering<\/a><\/p><p><a href=\"https:\/\/www.offertarapida.com\/da\/metodi-di-pagamento\/\">Betalingsmetoder<\/a><\/p><p><a href=\"https:\/\/www.offertarapida.com\/da\/politiche-di-reso-e-rimborso\/\">Returnering og tilbagebetaling<\/a><\/p>\t\t\t\t\t\t<\/div>\n\t\t\t\t<\/div>\n\t\t\t\t\t<\/div>\n\t\t<\/div>\n\t\t\t\t<div class=\"elementor-column elementor-col-25 elementor-top-column elementor-element elementor-element-4228c323\" data-id=\"4228c323\" data-element_type=\"column\">\n\t\t\t<div class=\"elementor-widget-wrap elementor-element-populated\">\n\t\t\t\t\t\t<div class=\"elementor-element elementor-element-ab7eaf2 elementor-widget elementor-widget-heading\" data-id=\"ab7eaf2\" data-element_type=\"widget\" data-widget_type=\"heading.default\">\n\t\t\t\t<div class=\"elementor-widget-container\">\n\t\t\t<h2 class=\"elementor-heading-title elementor-size-default\">Kundepleje<\/h2>\t\t<\/div>\n\t\t\t\t<\/div>\n\t\t\t\t<div class=\"elementor-element elementor-element-2931b628 elementor-widget elementor-widget-text-editor\" data-id=\"2931b628\" data-element_type=\"widget\" data-widget_type=\"text-editor.default\">\n\t\t\t\t<div class=\"elementor-widget-container\">\n\t\t\t\t\t\t\t<p><a href=\"https:\/\/www.offertarapida.com\/da\/domande-frequenti\/\">FAQ - Ofte stillede sp\u00f8rgsm\u00e5l<\/a><\/p><p><a href=\"https:\/\/www.offertarapida.com\/da\/contattaci\/\">Kontakt<\/a><\/p>\t\t\t\t\t\t<\/div>\n\t\t\t\t<\/div>\n\t\t\t\t\t<\/div>\n\t\t<\/div>\n\t\t\t\t\t<\/div>\n\t\t<\/section>\n\t\t\t\t<section data-particle_enable=\"false\" data-particle-mobile-disabled=\"false\" class=\"elementor-section elementor-top-section elementor-element elementor-element-770a554c elementor-section-boxed elementor-section-height-default elementor-section-height-default\" data-id=\"770a554c\" data-element_type=\"section\" data-settings=\"{&quot;background_background&quot;:&quot;classic&quot;}\">\n\t\t\t\t\t\t<div class=\"elementor-container elementor-column-gap-default\">\n\t\t\t\t\t<div class=\"elementor-column elementor-col-100 elementor-top-column elementor-element elementor-element-60656335\" data-id=\"60656335\" data-element_type=\"column\">\n\t\t\t<div class=\"elementor-widget-wrap elementor-element-populated\">\n\t\t\t\t\t\t<div class=\"elementor-element elementor-element-a8e6a36 elementor-widget elementor-widget-text-editor\" data-id=\"a8e6a36\" data-element_type=\"widget\" data-widget_type=\"text-editor.default\">\n\t\t\t\t<div class=\"elementor-widget-container\">\n\t\t\t\t\t\t\t<p>[Alle data, der indsamles p\u00e5 denne side, vil ikke blive brugt af Facebook og uden markedsf\u00f8ringsform\u00e5l. Vi bruger kun dine data til at spore en ordre til Cash On Delivery System.<br \/><br \/>[ITA] Alle data, der indsamles p\u00e5 denne side, vil ikke blive brugt af Facebook og uden markedsf\u00f8ringsform\u00e5l. Vi bruger kun dine data til at spore en ordre til betalingssystemet med efterkrav.<br \/><br \/>Denne side er ikke en del af Facebooks hjemmeside eller Facebook Inc. Derudover er dette websted IKKE godkendt af Facebook p\u00e5 nogen m\u00e5de. Facebook er et varem\u00e6rke tilh\u00f8rende Facebook, Inc.<\/p>\t\t\t\t\t\t<\/div>\n\t\t\t\t<\/div>\n\t\t\t\t<div class=\"elementor-element elementor-element-137d6694 elementor-widget elementor-widget-text-editor\" data-id=\"137d6694\" data-element_type=\"widget\" data-widget_type=\"text-editor.default\">\n\t\t\t\t<div class=\"elementor-widget-container\">\n\t\t\t\t\t\t\t<div class=\"footer-absolute-primary\">reklame p\u00e5 vegne af: FASLEAD SRL P.IVA IT401262810 Via Aristotele 20218 Milano MI<\/div><div>Ophavsret 2021. Alle rettigheder forbeholdt\u00a0<\/div>\t\t\t\t\t\t<\/div>\n\t\t\t\t<\/div>\n\t\t\t\t<div class=\"elementor-element elementor-element-3c7d0e8d elementor-widget elementor-widget-text-editor\" data-id=\"3c7d0e8d\" data-element_type=\"widget\" data-widget_type=\"text-editor.default\">\n\t\t\t\t<div class=\"elementor-widget-container\">\n\t\t\t\t\t\t\t<div class=\"footer-absolute-secondary\">offertarapida.com<\/div>\t\t\t\t\t\t<\/div>\n\t\t\t\t<\/div>\n\t\t\t\t\t<\/div>\n\t\t<\/div>\n\t\t\t\t\t<\/div>\n\t\t<\/section>\n\t\t\t\t<\/div>","protected":false},"excerpt":{"rendered":"<p>Pagamento sicuro quando arriva a casa Cosa stai aspettando? Guarda i Prodotti Termini e condizioni Ti forniamo servizi soggetti alle comunicazioni, ai termini e alle condizioni stabiliti nel presente accordo. Inoltre, rispetterai le regole, linee guida, politiche, termini e condizioni applicabili a tali servizi prima di utilizzarli. Ci riserviamo il diritto di modificare questo sito&hellip; <a class=\"more-link\" href=\"https:\/\/www.offertarapida.com\/da\/termini-e-condizioni\/\">L\u00e6s mere <span class=\"screen-reader-text\">termini e condizioni<\/span><\/a><\/p>","protected":false},"author":1,"featured_media":0,"parent":0,"menu_order":0,"comment_status":"closed","ping_status":"closed","template":"elementor_canvas","meta":{"_acf_changed":false,"footnotes":""},"class_list":["post-236","page","type-page","status-publish","hentry","entry"],"acf":[],"_links":{"self":[{"href":"https:\/\/www.offertarapida.com\/da\/wp-json\/wp\/v2\/pages\/236","targetHints":{"allow":["GET"]}}],"collection":[{"href":"https:\/\/www.offertarapida.com\/da\/wp-json\/wp\/v2\/pages"}],"about":[{"href":"https:\/\/www.offertarapida.com\/da\/wp-json\/wp\/v2\/types\/page"}],"author":[{"embeddable":true,"href":"https:\/\/www.offertarapida.com\/da\/wp-json\/wp\/v2\/users\/1"}],"replies":[{"embeddable":true,"href":"https:\/\/www.offertarapida.com\/da\/wp-json\/wp\/v2\/comments?post=236"}],"version-history":[{"count":4,"href":"https:\/\/www.offertarapida.com\/da\/wp-json\/wp\/v2\/pages\/236\/revisions"}],"predecessor-version":[{"id":241,"href":"https:\/\/www.offertarapida.com\/da\/wp-json\/wp\/v2\/pages\/236\/revisions\/241"}],"wp:attachment":[{"href":"https:\/\/www.offertarapida.com\/da\/wp-json\/wp\/v2\/media?parent=236"}],"curies":[{"name":"wp","href":"https:\/\/api.w.org\/{rel}","templated":true}]}}