{"id":236,"date":"2022-01-23T01:18:54","date_gmt":"2022-01-23T01:18:54","guid":{"rendered":"https:\/\/www.offertarapida.com\/?page_id=236"},"modified":"2022-01-23T01:21:28","modified_gmt":"2022-01-23T01:21:28","slug":"termini-e-condizioni","status":"publish","type":"page","link":"https:\/\/www.offertarapida.com\/es_mx\/termini-e-condizioni\/","title":{"rendered":"termini e condizioni"},"content":{"rendered":"<div data-elementor-type=\"wp-page\" data-elementor-id=\"236\" class=\"elementor elementor-236\" data-elementor-post-type=\"page\">\n\t\t\t\t\t\t<section data-particle_enable=\"false\" data-particle-mobile-disabled=\"false\" class=\"elementor-section elementor-top-section elementor-element elementor-element-62c39bdb elementor-section-height-min-height elementor-section-boxed elementor-section-height-default elementor-section-items-middle\" data-id=\"62c39bdb\" data-element_type=\"section\" data-settings=\"{&quot;background_background&quot;:&quot;classic&quot;}\">\n\t\t\t\t\t\t<div class=\"elementor-container elementor-column-gap-default\">\n\t\t\t\t\t<div class=\"elementor-column elementor-col-50 elementor-top-column elementor-element elementor-element-659a785f\" data-id=\"659a785f\" data-element_type=\"column\">\n\t\t\t<div class=\"elementor-widget-wrap elementor-element-populated\">\n\t\t\t\t\t\t<div class=\"elementor-element elementor-element-7323896c elementor-nav-menu--dropdown-mobile elementor-nav-menu__text-align-aside elementor-nav-menu--toggle elementor-nav-menu--burger elementor-widget elementor-widget-nav-menu\" data-id=\"7323896c\" data-element_type=\"widget\" data-settings=\"{&quot;layout&quot;:&quot;horizontal&quot;,&quot;submenu_icon&quot;:{&quot;value&quot;:&quot;&lt;i class=\\&quot;fas fa-caret-down\\&quot;&gt;&lt;\\\/i&gt;&quot;,&quot;library&quot;:&quot;fa-solid&quot;},&quot;toggle&quot;:&quot;burger&quot;}\" data-widget_type=\"nav-menu.default\">\n\t\t\t\t<div class=\"elementor-widget-container\">\n\t\t\t\t\t\t<nav class=\"elementor-nav-menu--main elementor-nav-menu__container elementor-nav-menu--layout-horizontal e--pointer-background e--animation-fade\">\n\t\t\t\t<ul id=\"menu-1-7323896c\" class=\"elementor-nav-menu\"><li class=\"menu-item menu-item-type-custom menu-item-object-custom menu-item-151\"><a href=\"#vantaggi\" class=\"elementor-item elementor-item-anchor\">Ventajas<\/a><\/li>\n<li class=\"menu-item menu-item-type-custom menu-item-object-custom menu-item-152\"><a href=\"#prezzo\" class=\"elementor-item elementor-item-anchor\">Precio<\/a><\/li>\n<li class=\"menu-item menu-item-type-custom menu-item-object-custom menu-item-153\"><a href=\"#recensioni\" class=\"elementor-item elementor-item-anchor\">Rese\u00f1as<\/a><\/li>\n<li class=\"menu-item menu-item-type-custom menu-item-object-custom menu-item-154\"><a href=\"#ordinaora\" class=\"elementor-item elementor-item-anchor\">Pedir ahora<\/a><\/li>\n<\/ul>\t\t\t<\/nav>\n\t\t\t\t\t<div class=\"elementor-menu-toggle\" role=\"button\" tabindex=\"0\" aria-label=\"Men\u00fa Toggle\" aria-expanded=\"false\">\n\t\t\t<i aria-hidden=\"true\" role=\"presentation\" class=\"elementor-menu-toggle__icon--open eicon-menu-bar\"><\/i><i aria-hidden=\"true\" role=\"presentation\" class=\"elementor-menu-toggle__icon--close eicon-close\"><\/i>\t\t\t<span class=\"elementor-screen-only\">Men\u00fa<\/span>\n\t\t<\/div>\n\t\t\t\t\t<nav class=\"elementor-nav-menu--dropdown elementor-nav-menu__container\" aria-hidden=\"true\">\n\t\t\t\t<ul id=\"menu-2-7323896c\" class=\"elementor-nav-menu\"><li class=\"menu-item menu-item-type-custom menu-item-object-custom menu-item-151\"><a href=\"#vantaggi\" class=\"elementor-item elementor-item-anchor\" tabindex=\"-1\">Ventajas<\/a><\/li>\n<li class=\"menu-item menu-item-type-custom menu-item-object-custom menu-item-152\"><a href=\"#prezzo\" class=\"elementor-item elementor-item-anchor\" tabindex=\"-1\">Precio<\/a><\/li>\n<li class=\"menu-item menu-item-type-custom menu-item-object-custom menu-item-153\"><a href=\"#recensioni\" class=\"elementor-item elementor-item-anchor\" tabindex=\"-1\">Rese\u00f1as<\/a><\/li>\n<li class=\"menu-item menu-item-type-custom menu-item-object-custom menu-item-154\"><a href=\"#ordinaora\" class=\"elementor-item elementor-item-anchor\" tabindex=\"-1\">Pedir ahora<\/a><\/li>\n<\/ul>\t\t\t<\/nav>\n\t\t\t\t<\/div>\n\t\t\t\t<\/div>\n\t\t\t\t\t<\/div>\n\t\t<\/div>\n\t\t\t\t<div class=\"elementor-column elementor-col-50 elementor-top-column elementor-element elementor-element-2e40a2d8\" data-id=\"2e40a2d8\" data-element_type=\"column\">\n\t\t\t<div class=\"elementor-widget-wrap elementor-element-populated\">\n\t\t\t\t\t\t<div class=\"elementor-element elementor-element-2a308b5a elementor-align-right elementor-tablet-align-right elementor-icon-list--layout-traditional elementor-list-item-link-full_width elementor-widget elementor-widget-icon-list\" data-id=\"2a308b5a\" data-element_type=\"widget\" data-widget_type=\"icon-list.default\">\n\t\t\t\t<div class=\"elementor-widget-container\">\n\t\t\t\t\t<ul class=\"elementor-icon-list-items\">\n\t\t\t\t\t\t\t<li class=\"elementor-icon-list-item\">\n\t\t\t\t\t\t\t\t\t\t\t<span class=\"elementor-icon-list-icon\">\n\t\t\t\t\t\t\t<i aria-hidden=\"true\" class=\"fas fa-box-open\"><\/i>\t\t\t\t\t\t<\/span>\n\t\t\t\t\t\t\t\t\t\t<span class=\"elementor-icon-list-text\">Pago seguro cuando llega a casa<\/span>\n\t\t\t\t\t\t\t\t\t<\/li>\n\t\t\t\t\t\t<\/ul>\n\t\t\t\t<\/div>\n\t\t\t\t<\/div>\n\t\t\t\t\t<\/div>\n\t\t<\/div>\n\t\t\t\t\t<\/div>\n\t\t<\/section>\n\t\t\t\t<section data-particle_enable=\"false\" data-particle-mobile-disabled=\"false\" class=\"elementor-section elementor-top-section elementor-element elementor-element-5080c12e elementor-section-boxed elementor-section-height-default elementor-section-height-default\" data-id=\"5080c12e\" data-element_type=\"section\" data-settings=\"{&quot;background_background&quot;:&quot;classic&quot;}\">\n\t\t\t\t\t\t<div class=\"elementor-container elementor-column-gap-default\">\n\t\t\t\t\t<div class=\"elementor-column elementor-col-33 elementor-top-column elementor-element elementor-element-11327b56\" data-id=\"11327b56\" data-element_type=\"column\">\n\t\t\t<div class=\"elementor-widget-wrap elementor-element-populated\">\n\t\t\t\t\t\t<div class=\"elementor-element elementor-element-32b4d3b5 elementor-widget elementor-widget-image\" data-id=\"32b4d3b5\" data-element_type=\"widget\" data-widget_type=\"image.default\">\n\t\t\t\t<div class=\"elementor-widget-container\">\n\t\t\t\t\t\t\t\t\t\t\t\t\t\t<a href=\"https:\/\/grandi-sconti.com\">\n\t\t\t\t\t\t\t<img fetchpriority=\"high\" decoding=\"async\" width=\"750\" height=\"150\" src=\"https:\/\/www.offertarapida.com\/wp-content\/uploads\/2022\/01\/OFFERTA-RAPIDA.png\" class=\"attachment-large size-large wp-image-157\" alt=\"OFFERTA RAPIDA\" srcset=\"https:\/\/www.offertarapida.com\/wp-content\/uploads\/2022\/01\/OFFERTA-RAPIDA.png 1000w, https:\/\/www.offertarapida.com\/wp-content\/uploads\/2022\/01\/OFFERTA-RAPIDA-300x60.png 300w, https:\/\/www.offertarapida.com\/wp-content\/uploads\/2022\/01\/OFFERTA-RAPIDA-768x154.png 768w\" sizes=\"(max-width: 750px) 100vw, 750px\" style=\"width:100%;height:20%;max-width:1000px\" \/>\t\t\t\t\t\t\t\t<\/a>\n\t\t\t\t\t\t\t\t\t\t\t\t\t<\/div>\n\t\t\t\t<\/div>\n\t\t\t\t\t<\/div>\n\t\t<\/div>\n\t\t\t\t<div class=\"elementor-column elementor-col-33 elementor-top-column elementor-element elementor-element-7b8c6c2c\" data-id=\"7b8c6c2c\" data-element_type=\"column\">\n\t\t\t<div class=\"elementor-widget-wrap elementor-element-populated\">\n\t\t\t\t\t\t<div class=\"elementor-element elementor-element-1ea041d8 elementor-search-form--skin-classic elementor-search-form--button-type-icon elementor-search-form--icon-search elementor-widget elementor-widget-search-form\" data-id=\"1ea041d8\" data-element_type=\"widget\" data-settings=\"{&quot;skin&quot;:&quot;classic&quot;}\" data-widget_type=\"search-form.default\">\n\t\t\t\t<div class=\"elementor-widget-container\">\n\t\t\t\t\t<search role=\"search\">\n\t\t\t<form class=\"elementor-search-form\" action=\"https:\/\/www.offertarapida.com\/es_mx\/\" method=\"get\" data-trp-original-action=\"https:\/\/www.offertarapida.com\/es_mx\">\n\t\t\t\t\t\t\t\t\t\t\t\t<div class=\"elementor-search-form__container\">\n\t\t\t\t\t<label class=\"elementor-screen-only\" for=\"elementor-search-form-1ea041d8\">Buscar en<\/label>\n\n\t\t\t\t\t\n\t\t\t\t\t<input id=\"elementor-search-form-1ea041d8\" placeholder=\"\" class=\"elementor-search-form__input\" type=\"search\" name=\"s\" value=\"\">\n\t\t\t\t\t\n\t\t\t\t\t\t\t\t\t\t\t<button class=\"elementor-search-form__submit\" type=\"submit\" aria-label=\"Buscar en\">\n\t\t\t\t\t\t\t\t\t\t\t\t\t\t\t<i aria-hidden=\"true\" class=\"fas fa-search\"><\/i>\t\t\t\t\t\t\t\t<span class=\"elementor-screen-only\">Buscar en<\/span>\n\t\t\t\t\t\t\t\t\t\t\t\t\t<\/button>\n\t\t\t\t\t\n\t\t\t\t\t\t\t\t\t<\/div>\n\t\t\t<input type=\"hidden\" name=\"trp-form-language\" value=\"es_mx\"\/><\/form>\n\t\t<\/search>\n\t\t\t\t<\/div>\n\t\t\t\t<\/div>\n\t\t\t\t\t<\/div>\n\t\t<\/div>\n\t\t\t\t<div class=\"elementor-column elementor-col-33 elementor-top-column elementor-element elementor-element-30def517\" data-id=\"30def517\" data-element_type=\"column\">\n\t\t\t<div class=\"elementor-widget-wrap elementor-element-populated\">\n\t\t\t\t\t\t<div class=\"elementor-element elementor-element-77de6c5b elementor-widget elementor-widget-text-editor\" data-id=\"77de6c5b\" data-element_type=\"widget\" data-widget_type=\"text-editor.default\">\n\t\t\t\t<div class=\"elementor-widget-container\">\n\t\t\t\t\t\t\t<p>\u00bfA qu\u00e9 espera?<\/p>\t\t\t\t\t\t<\/div>\n\t\t\t\t<\/div>\n\t\t\t\t<div class=\"elementor-element elementor-element-7f82b148 elementor-widget elementor-widget-text-editor\" data-id=\"7f82b148\" data-element_type=\"widget\" data-widget_type=\"text-editor.default\">\n\t\t\t\t<div class=\"elementor-widget-container\">\n\t\t\t\t\t\t\t<p><a href=\"https:\/\/www.offertarapida.com\/es_mx\/prodotti\/\">Ver productos<\/a><\/p>\t\t\t\t\t\t<\/div>\n\t\t\t\t<\/div>\n\t\t\t\t\t<\/div>\n\t\t<\/div>\n\t\t\t\t\t<\/div>\n\t\t<\/section>\n\t\t\t\t<section data-particle_enable=\"false\" data-particle-mobile-disabled=\"false\" class=\"elementor-section elementor-top-section elementor-element elementor-element-1263c857 elementor-section-boxed elementor-section-height-default elementor-section-height-default\" data-id=\"1263c857\" data-element_type=\"section\">\n\t\t\t\t\t\t<div class=\"elementor-container elementor-column-gap-default\">\n\t\t\t\t\t<div class=\"elementor-column elementor-col-100 elementor-top-column elementor-element elementor-element-328df6cf\" data-id=\"328df6cf\" data-element_type=\"column\">\n\t\t\t<div class=\"elementor-widget-wrap elementor-element-populated\">\n\t\t\t\t\t\t<div class=\"elementor-element elementor-element-5248efbb elementor-widget elementor-widget-heading\" data-id=\"5248efbb\" data-element_type=\"widget\" data-widget_type=\"heading.default\">\n\t\t\t\t<div class=\"elementor-widget-container\">\n\t\t\t<h2 class=\"elementor-heading-title elementor-size-default\">Condiciones generales<\/h2>\t\t<\/div>\n\t\t\t\t<\/div>\n\t\t\t\t<div class=\"elementor-element elementor-element-34ecf174 elementor-widget elementor-widget-text-editor\" data-id=\"34ecf174\" data-element_type=\"widget\" data-widget_type=\"text-editor.default\">\n\t\t\t\t<div class=\"elementor-widget-container\">\n\t\t\t\t\t\t\t<p>Le proporcionamos servicios sujetos a los avisos, t\u00e9rminos y condiciones establecidos en este Acuerdo. Asimismo, deber\u00e1 cumplir las normas, directrices, pol\u00edticas, t\u00e9rminos y condiciones aplicables a dichos servicios antes de utilizarlos. Nos reservamos el derecho a modificar este Sitio y estos t\u00e9rminos y condiciones en cualquier momento.Antes de continuar, lea este acuerdo porque el acceso, navegaci\u00f3n o uso del Sitio indica su aceptaci\u00f3n de todos los t\u00e9rminos y condiciones de este acuerdo. Queda prohibido cargar, distribuir o publicar de cualquier otro modo a trav\u00e9s de este Sitio cualquier Contenido, informaci\u00f3n u otro material que (a) incluya errores, virus, gusanos, trampillas, caballos de Troya u otros c\u00f3digos o propiedades perjudiciales; (b) sea calumnioso, amenazador, difamatorio, obsceno, indecente, pornogr\u00e1fico, discriminatorio o que pueda dar lugar a cualquier responsabilidad civil o penal en virtud de la legislaci\u00f3n de los Estados Unidos o de cualquier otro pa\u00eds que pueda ser aplicable; o (c) infrinja o viole cualquier derecho de autor, patente, marca registrada, marca de servicio, secreto comercial u otros derechos de propiedad de cualquier persona. El Sitio puede proporcionarle un c\u00f3digo de identificaci\u00f3n y una contrase\u00f1a para permitirle acceder y utilizar determinadas partes de este Sitio. Cada vez que utilice una contrase\u00f1a o un identificador, se considerar\u00e1 que est\u00e1 autorizado a acceder y utilizar el Sitio de forma coherente con los t\u00e9rminos y condiciones del presente Acuerdo, y el Sitio no tiene obligaci\u00f3n alguna de investigar el origen de dicho acceso o uso.Al aceptar estas Condiciones de uso mediante su utilizaci\u00f3n del Sitio, usted certifica que tiene al menos 18 a\u00f1os de edad. Si es menor de 18 a\u00f1os, utilice este Sitio \u00fanicamente bajo la supervisi\u00f3n de uno de sus padres o de un tutor legal. Sujeto a los t\u00e9rminos y condiciones de este Acuerdo, por la presente concede una licencia limitada, revocable, intransferible y no exclusiva para acceder y utilizar el Sitio mostr\u00e1ndolo en su navegador de Internet s\u00f3lo con el prop\u00f3sito de compra y no para cualquier uso comercial o uso en nombre de terceros, salvo lo expresamente permitido por el Sitio de antemano.&nbsp;<\/p>\n<p>Cualquier incumplimiento del presente Acuerdo conllevar\u00e1 la revocaci\u00f3n inmediata y sin previo aviso de la licencia concedida en este apartado. Salvo autorizaci\u00f3n previa y expresa por nuestra parte, todos los materiales, incluidos im\u00e1genes, textos, ilustraciones, dise\u00f1os, iconos, fotograf\u00edas, programas, clips o descargas de m\u00fasica, videoclips y materiales escritos y de otro tipo que formen parte de este Sitio (colectivamente, el \" Contenido \") est\u00e1n destinados exclusivamente a su uso personal y no comercial. Usted no puede hacer ning\u00fan uso comercial de la informaci\u00f3n proporcionada en el Sitio ni hacer ning\u00fan uso del Sitio en beneficio de otra empresa.&nbsp;<\/p>\n<p>Nos reservamos el derecho a rechazar el servicio, cancelar cuentas y\/o cancelar pedidos a nuestra discreci\u00f3n, incluyendo, sin limitaci\u00f3n, si creemos que la conducta del cliente viola las leyes aplicables o es perjudicial para nuestros intereses. Queda prohibida la reproducci\u00f3n, distribuci\u00f3n, exhibici\u00f3n, venta, alquiler, transmisi\u00f3n, creaci\u00f3n de trabajos derivados, traducci\u00f3n, modificaci\u00f3n, ingenier\u00eda inversa, desensamblaje, descompilaci\u00f3n o cualquier otra forma de explotaci\u00f3n de este Sitio o de cualquier parte del mismo, a menos que nosotros lo autoricemos expresamente por escrito. Usted ser\u00e1 el \u00fanico responsable del acceso y uso de este Sitio por parte de cualquier persona que utilice la contrase\u00f1a y la identificaci\u00f3n que se le asignaron originalmente, independientemente de si dicho acceso y uso de este Sitio est\u00e1 realmente autorizado por usted, incluidas, sin limitaci\u00f3n, todas las comunicaciones y transmisiones y todas las obligaciones (incluidas, sin limitaci\u00f3n, las obligaciones financieras) contra\u00eddas a trav\u00e9s de dicho acceso o uso. Usted es el \u00fanico responsable de proteger la seguridad y confidencialidad de la contrase\u00f1a y la identificaci\u00f3n que se le asignen. Usted notificar\u00e1 inmediatamente al sitio cualquier uso no autorizado de su contrase\u00f1a o identificaci\u00f3n o cualquier otra violaci\u00f3n o amenaza de violaci\u00f3n de la seguridad de este sitio.<\/p>\t\t\t\t\t\t<\/div>\n\t\t\t\t<\/div>\n\t\t\t\t\t<\/div>\n\t\t<\/div>\n\t\t\t\t\t<\/div>\n\t\t<\/section>\n\t\t\t\t<section data-particle_enable=\"false\" data-particle-mobile-disabled=\"false\" class=\"elementor-section elementor-top-section elementor-element elementor-element-6fff26e2 elementor-section-boxed elementor-section-height-default elementor-section-height-default\" data-id=\"6fff26e2\" data-element_type=\"section\" data-settings=\"{&quot;background_background&quot;:&quot;classic&quot;}\">\n\t\t\t\t\t\t<div class=\"elementor-container elementor-column-gap-default\">\n\t\t\t\t\t<div class=\"elementor-column elementor-col-25 elementor-top-column elementor-element elementor-element-2d9a5493\" data-id=\"2d9a5493\" data-element_type=\"column\">\n\t\t\t<div class=\"elementor-widget-wrap elementor-element-populated\">\n\t\t\t\t\t\t<div class=\"elementor-element elementor-element-30df6b1a elementor-widget elementor-widget-image\" data-id=\"30df6b1a\" data-element_type=\"widget\" data-widget_type=\"image.default\">\n\t\t\t\t<div class=\"elementor-widget-container\">\n\t\t\t\t\t\t\t\t\t\t\t\t\t<img fetchpriority=\"high\" decoding=\"async\" width=\"750\" height=\"150\" src=\"https:\/\/www.offertarapida.com\/wp-content\/uploads\/2022\/01\/OFFERTA-RAPIDA.png\" class=\"attachment-large size-large wp-image-157\" alt=\"OFFERTA RAPIDA\" srcset=\"https:\/\/www.offertarapida.com\/wp-content\/uploads\/2022\/01\/OFFERTA-RAPIDA.png 1000w, https:\/\/www.offertarapida.com\/wp-content\/uploads\/2022\/01\/OFFERTA-RAPIDA-300x60.png 300w, https:\/\/www.offertarapida.com\/wp-content\/uploads\/2022\/01\/OFFERTA-RAPIDA-768x154.png 768w\" sizes=\"(max-width: 750px) 100vw, 750px\" style=\"width:100%;height:20%;max-width:1000px\" \/>\t\t\t\t\t\t\t\t\t\t\t\t\t<\/div>\n\t\t\t\t<\/div>\n\t\t\t\t<div class=\"elementor-element elementor-element-3c067311 elementor-widget elementor-widget-text-editor\" data-id=\"3c067311\" data-element_type=\"widget\" data-widget_type=\"text-editor.default\">\n\t\t\t\t<div class=\"elementor-widget-container\">\n\t\t\t\t\t\t\t<p>Compra segura.<\/p>\t\t\t\t\t\t<\/div>\n\t\t\t\t<\/div>\n\t\t\t\t<div class=\"elementor-element elementor-element-2b4142c8 elementor-widget elementor-widget-text-editor\" data-id=\"2b4142c8\" data-element_type=\"widget\" data-widget_type=\"text-editor.default\">\n\t\t\t\t<div class=\"elementor-widget-container\">\n\t\t\t\t\t\t\t<p>Pago cuando llegue a casa.<\/p>\t\t\t\t\t\t<\/div>\n\t\t\t\t<\/div>\n\t\t\t\t<div class=\"elementor-element elementor-element-62c28151 elementor-widget elementor-widget-image\" data-id=\"62c28151\" data-element_type=\"widget\" data-widget_type=\"image.default\">\n\t\t\t\t<div class=\"elementor-widget-container\">\n\t\t\t\t\t\t\t\t\t\t\t\t\t<img decoding=\"async\" width=\"750\" height=\"54\" src=\"https:\/\/www.offertarapida.com\/wp-content\/uploads\/2022\/01\/trustbadges.webp\" class=\"attachment-large size-large wp-image-161\" alt=\"\" srcset=\"https:\/\/www.offertarapida.com\/wp-content\/uploads\/2022\/01\/trustbadges.webp 944w, https:\/\/www.offertarapida.com\/wp-content\/uploads\/2022\/01\/trustbadges-300x22.webp 300w, https:\/\/www.offertarapida.com\/wp-content\/uploads\/2022\/01\/trustbadges-768x55.webp 768w\" sizes=\"(max-width: 750px) 100vw, 750px\" style=\"width:100%;height:7.2%;max-width:944px\" \/>\t\t\t\t\t\t\t\t\t\t\t\t\t<\/div>\n\t\t\t\t<\/div>\n\t\t\t\t\t<\/div>\n\t\t<\/div>\n\t\t\t\t<div class=\"elementor-column elementor-col-25 elementor-top-column elementor-element elementor-element-574fac65\" data-id=\"574fac65\" data-element_type=\"column\">\n\t\t\t<div class=\"elementor-widget-wrap elementor-element-populated\">\n\t\t\t\t\t\t<div class=\"elementor-element elementor-element-50cb8a02 elementor-widget elementor-widget-heading\" data-id=\"50cb8a02\" data-element_type=\"widget\" data-widget_type=\"heading.default\">\n\t\t\t\t<div class=\"elementor-widget-container\">\n\t\t\t<h2 class=\"elementor-heading-title elementor-size-default\">Informaci\u00f3n corporativa<\/h2>\t\t<\/div>\n\t\t\t\t<\/div>\n\t\t\t\t<div class=\"elementor-element elementor-element-592c942f elementor-widget elementor-widget-text-editor\" data-id=\"592c942f\" data-element_type=\"widget\" data-widget_type=\"text-editor.default\">\n\t\t\t\t<div class=\"elementor-widget-container\">\n\t\t\t\t\t\t\t<p><a href=\"https:\/\/www.offertarapida.com\/es_mx\/privacy-and-cookie-policy\/\">Pol\u00edtica de privacidad y cookies<\/a><\/p><p><a href=\"https:\/\/www.offertarapida.com\/es_mx\/cookie-policy\/\">Pol\u00edtica de cookies<\/a><\/p><p><a href=\"https:\/\/www.offertarapida.com\/es_mx\/termini-e-condizioni\/\">Condiciones generales<\/a><\/p>\t\t\t\t\t\t<\/div>\n\t\t\t\t<\/div>\n\t\t\t\t\t<\/div>\n\t\t<\/div>\n\t\t\t\t<div class=\"elementor-column elementor-col-25 elementor-top-column elementor-element elementor-element-f9c591d\" data-id=\"f9c591d\" data-element_type=\"column\">\n\t\t\t<div class=\"elementor-widget-wrap elementor-element-populated\">\n\t\t\t\t\t\t<div class=\"elementor-element elementor-element-5e54cbe8 elementor-widget elementor-widget-heading\" data-id=\"5e54cbe8\" data-element_type=\"widget\" data-widget_type=\"heading.default\">\n\t\t\t\t<div class=\"elementor-widget-container\">\n\t\t\t<h2 class=\"elementor-heading-title elementor-size-default\">Pedidos y confirmaciones<\/h2>\t\t<\/div>\n\t\t\t\t<\/div>\n\t\t\t\t<div class=\"elementor-element elementor-element-32c3fe5b elementor-widget elementor-widget-text-editor\" data-id=\"32c3fe5b\" data-element_type=\"widget\" data-widget_type=\"text-editor.default\">\n\t\t\t\t<div class=\"elementor-widget-container\">\n\t\t\t\t\t\t\t<p><a href=\"https:\/\/www.offertarapida.com\/es_mx\/spedizione-e-consegna\/\">Env\u00edo y entrega<\/a><\/p><p><a href=\"https:\/\/www.offertarapida.com\/es_mx\/metodi-di-pagamento\/\">Formas de pago<\/a><\/p><p><a href=\"https:\/\/www.offertarapida.com\/es_mx\/politiche-di-reso-e-rimborso\/\">Devoluci\u00f3n y reembolso<\/a><\/p>\t\t\t\t\t\t<\/div>\n\t\t\t\t<\/div>\n\t\t\t\t\t<\/div>\n\t\t<\/div>\n\t\t\t\t<div class=\"elementor-column elementor-col-25 elementor-top-column elementor-element elementor-element-4228c323\" data-id=\"4228c323\" data-element_type=\"column\">\n\t\t\t<div class=\"elementor-widget-wrap elementor-element-populated\">\n\t\t\t\t\t\t<div class=\"elementor-element elementor-element-ab7eaf2 elementor-widget elementor-widget-heading\" data-id=\"ab7eaf2\" data-element_type=\"widget\" data-widget_type=\"heading.default\">\n\t\t\t\t<div class=\"elementor-widget-container\">\n\t\t\t<h2 class=\"elementor-heading-title elementor-size-default\">Atenci\u00f3n al cliente<\/h2>\t\t<\/div>\n\t\t\t\t<\/div>\n\t\t\t\t<div class=\"elementor-element elementor-element-2931b628 elementor-widget elementor-widget-text-editor\" data-id=\"2931b628\" data-element_type=\"widget\" data-widget_type=\"text-editor.default\">\n\t\t\t\t<div class=\"elementor-widget-container\">\n\t\t\t\t\t\t\t<p><a href=\"https:\/\/www.offertarapida.com\/es_mx\/domande-frequenti\/\">FAQ - Preguntas frecuentes<\/a><\/p><p><a href=\"https:\/\/www.offertarapida.com\/es_mx\/contattaci\/\">P\u00f3ngase en contacto con<\/a><\/p>\t\t\t\t\t\t<\/div>\n\t\t\t\t<\/div>\n\t\t\t\t\t<\/div>\n\t\t<\/div>\n\t\t\t\t\t<\/div>\n\t\t<\/section>\n\t\t\t\t<section data-particle_enable=\"false\" data-particle-mobile-disabled=\"false\" class=\"elementor-section elementor-top-section elementor-element elementor-element-770a554c elementor-section-boxed elementor-section-height-default elementor-section-height-default\" data-id=\"770a554c\" data-element_type=\"section\" data-settings=\"{&quot;background_background&quot;:&quot;classic&quot;}\">\n\t\t\t\t\t\t<div class=\"elementor-container elementor-column-gap-default\">\n\t\t\t\t\t<div class=\"elementor-column elementor-col-100 elementor-top-column elementor-element elementor-element-60656335\" data-id=\"60656335\" data-element_type=\"column\">\n\t\t\t<div class=\"elementor-widget-wrap elementor-element-populated\">\n\t\t\t\t\t\t<div class=\"elementor-element elementor-element-a8e6a36 elementor-widget elementor-widget-text-editor\" data-id=\"a8e6a36\" data-element_type=\"widget\" data-widget_type=\"text-editor.default\">\n\t\t\t\t<div class=\"elementor-widget-container\">\n\t\t\t\t\t\t\t<p>[Todos los datos recogidos en esta p\u00e1gina no ser\u00e1n utilizados por Facebook y sin intenci\u00f3n de marketing. Utilizaremos tus datos \u00fanicamente para realizar el seguimiento de un pedido de Cash On Delivery System.<br \/><br \/>[ITA] Todos los datos recogidos en esta p\u00e1gina no ser\u00e1n utilizados por Facebook y sin intenci\u00f3n de marketing. Solo utilizaremos sus datos para realizar el seguimiento de un pedido para el sistema de pago contra reembolso.<br \/><br \/>Este sitio no forma parte del sitio web de Facebook ni de Facebook Inc. Adem\u00e1s, este sitio NO est\u00e1 avalado por Facebook en modo alguno. Facebook es una marca comercial de Facebook, Inc.<\/p>\t\t\t\t\t\t<\/div>\n\t\t\t\t<\/div>\n\t\t\t\t<div class=\"elementor-element elementor-element-137d6694 elementor-widget elementor-widget-text-editor\" data-id=\"137d6694\" data-element_type=\"widget\" data-widget_type=\"text-editor.default\">\n\t\t\t\t<div class=\"elementor-widget-container\">\n\t\t\t\t\t\t\t<div class=\"footer-absolute-primary\">publicidad en nombre de: FASLEAD SRL P.IVA IT401262810 Via Aristotele 20218 Milano MI<\/div><div>Copyright 2021. Todos los derechos reservados\u00a0<\/div>\t\t\t\t\t\t<\/div>\n\t\t\t\t<\/div>\n\t\t\t\t<div class=\"elementor-element elementor-element-3c7d0e8d elementor-widget elementor-widget-text-editor\" data-id=\"3c7d0e8d\" data-element_type=\"widget\" data-widget_type=\"text-editor.default\">\n\t\t\t\t<div class=\"elementor-widget-container\">\n\t\t\t\t\t\t\t<div class=\"footer-absolute-secondary\">oftarapida.com<\/div>\t\t\t\t\t\t<\/div>\n\t\t\t\t<\/div>\n\t\t\t\t\t<\/div>\n\t\t<\/div>\n\t\t\t\t\t<\/div>\n\t\t<\/section>\n\t\t\t\t<\/div>","protected":false},"excerpt":{"rendered":"<p>Pagamento sicuro quando arriva a casa Cosa stai aspettando? Guarda i Prodotti Termini e condizioni Ti forniamo servizi soggetti alle comunicazioni, ai termini e alle condizioni stabiliti nel presente accordo. Inoltre, rispetterai le regole, linee guida, politiche, termini e condizioni applicabili a tali servizi prima di utilizzarli. Ci riserviamo il diritto di modificare questo sito&hellip; <a class=\"more-link\" href=\"https:\/\/www.offertarapida.com\/es_mx\/termini-e-condizioni\/\">Seguir leyendo <span class=\"screen-reader-text\">termini e condizioni<\/span><\/a><\/p>","protected":false},"author":1,"featured_media":0,"parent":0,"menu_order":0,"comment_status":"closed","ping_status":"closed","template":"elementor_canvas","meta":{"_acf_changed":false,"footnotes":""},"class_list":["post-236","page","type-page","status-publish","hentry","entry"],"acf":[],"_links":{"self":[{"href":"https:\/\/www.offertarapida.com\/es_mx\/wp-json\/wp\/v2\/pages\/236","targetHints":{"allow":["GET"]}}],"collection":[{"href":"https:\/\/www.offertarapida.com\/es_mx\/wp-json\/wp\/v2\/pages"}],"about":[{"href":"https:\/\/www.offertarapida.com\/es_mx\/wp-json\/wp\/v2\/types\/page"}],"author":[{"embeddable":true,"href":"https:\/\/www.offertarapida.com\/es_mx\/wp-json\/wp\/v2\/users\/1"}],"replies":[{"embeddable":true,"href":"https:\/\/www.offertarapida.com\/es_mx\/wp-json\/wp\/v2\/comments?post=236"}],"version-history":[{"count":4,"href":"https:\/\/www.offertarapida.com\/es_mx\/wp-json\/wp\/v2\/pages\/236\/revisions"}],"predecessor-version":[{"id":241,"href":"https:\/\/www.offertarapida.com\/es_mx\/wp-json\/wp\/v2\/pages\/236\/revisions\/241"}],"wp:attachment":[{"href":"https:\/\/www.offertarapida.com\/es_mx\/wp-json\/wp\/v2\/media?parent=236"}],"curies":[{"name":"wp","href":"https:\/\/api.w.org\/{rel}","templated":true}]}}