{"id":236,"date":"2022-01-23T01:18:54","date_gmt":"2022-01-23T01:18:54","guid":{"rendered":"https:\/\/www.offertarapida.com\/?page_id=236"},"modified":"2022-01-23T01:21:28","modified_gmt":"2022-01-23T01:21:28","slug":"termini-e-condizioni","status":"publish","type":"page","link":"https:\/\/www.offertarapida.com\/hr\/termini-e-condizioni\/","title":{"rendered":"termini e condizioni"},"content":{"rendered":"<div data-elementor-type=\"wp-page\" data-elementor-id=\"236\" class=\"elementor elementor-236\" data-elementor-post-type=\"page\">\n\t\t\t\t\t\t<section data-particle_enable=\"false\" data-particle-mobile-disabled=\"false\" class=\"elementor-section elementor-top-section elementor-element elementor-element-62c39bdb elementor-section-height-min-height elementor-section-boxed elementor-section-height-default elementor-section-items-middle\" data-id=\"62c39bdb\" data-element_type=\"section\" data-settings=\"{&quot;background_background&quot;:&quot;classic&quot;}\">\n\t\t\t\t\t\t<div class=\"elementor-container elementor-column-gap-default\">\n\t\t\t\t\t<div class=\"elementor-column elementor-col-50 elementor-top-column elementor-element elementor-element-659a785f\" data-id=\"659a785f\" data-element_type=\"column\">\n\t\t\t<div class=\"elementor-widget-wrap elementor-element-populated\">\n\t\t\t\t\t\t<div class=\"elementor-element elementor-element-7323896c elementor-nav-menu--dropdown-mobile elementor-nav-menu__text-align-aside elementor-nav-menu--toggle elementor-nav-menu--burger elementor-widget elementor-widget-nav-menu\" data-id=\"7323896c\" data-element_type=\"widget\" data-settings=\"{&quot;layout&quot;:&quot;horizontal&quot;,&quot;submenu_icon&quot;:{&quot;value&quot;:&quot;&lt;i class=\\&quot;fas fa-caret-down\\&quot;&gt;&lt;\\\/i&gt;&quot;,&quot;library&quot;:&quot;fa-solid&quot;},&quot;toggle&quot;:&quot;burger&quot;}\" data-widget_type=\"nav-menu.default\">\n\t\t\t\t<div class=\"elementor-widget-container\">\n\t\t\t\t\t\t<nav class=\"elementor-nav-menu--main elementor-nav-menu__container elementor-nav-menu--layout-horizontal e--pointer-background e--animation-fade\">\n\t\t\t\t<ul id=\"menu-1-7323896c\" class=\"elementor-nav-menu\"><li class=\"menu-item menu-item-type-custom menu-item-object-custom menu-item-151\"><a href=\"#vantaggi\" class=\"elementor-item elementor-item-anchor\">Prednosti<\/a><\/li>\n<li class=\"menu-item menu-item-type-custom menu-item-object-custom menu-item-152\"><a href=\"#prezzo\" class=\"elementor-item elementor-item-anchor\">Cijena<\/a><\/li>\n<li class=\"menu-item menu-item-type-custom menu-item-object-custom menu-item-153\"><a href=\"#recensioni\" class=\"elementor-item elementor-item-anchor\">Recenzije<\/a><\/li>\n<li class=\"menu-item menu-item-type-custom menu-item-object-custom menu-item-154\"><a href=\"#ordinaora\" class=\"elementor-item elementor-item-anchor\">Naru\u010dite odmah<\/a><\/li>\n<\/ul>\t\t\t<\/nav>\n\t\t\t\t\t<div class=\"elementor-menu-toggle\" role=\"button\" tabindex=\"0\" aria-label=\"Prekini izbornik\" aria-expanded=\"false\">\n\t\t\t<i aria-hidden=\"true\" role=\"presentation\" class=\"elementor-menu-toggle__icon--open eicon-menu-bar\"><\/i><i aria-hidden=\"true\" role=\"presentation\" class=\"elementor-menu-toggle__icon--close eicon-close\"><\/i>\t\t\t<span class=\"elementor-screen-only\">Izbornik<\/span>\n\t\t<\/div>\n\t\t\t\t\t<nav class=\"elementor-nav-menu--dropdown elementor-nav-menu__container\" aria-hidden=\"true\">\n\t\t\t\t<ul id=\"menu-2-7323896c\" class=\"elementor-nav-menu\"><li class=\"menu-item menu-item-type-custom menu-item-object-custom menu-item-151\"><a href=\"#vantaggi\" class=\"elementor-item elementor-item-anchor\" tabindex=\"-1\">Prednosti<\/a><\/li>\n<li class=\"menu-item menu-item-type-custom menu-item-object-custom menu-item-152\"><a href=\"#prezzo\" class=\"elementor-item elementor-item-anchor\" tabindex=\"-1\">Cijena<\/a><\/li>\n<li class=\"menu-item menu-item-type-custom menu-item-object-custom menu-item-153\"><a href=\"#recensioni\" class=\"elementor-item elementor-item-anchor\" tabindex=\"-1\">Recenzije<\/a><\/li>\n<li class=\"menu-item menu-item-type-custom menu-item-object-custom menu-item-154\"><a href=\"#ordinaora\" class=\"elementor-item elementor-item-anchor\" tabindex=\"-1\">Naru\u010dite odmah<\/a><\/li>\n<\/ul>\t\t\t<\/nav>\n\t\t\t\t<\/div>\n\t\t\t\t<\/div>\n\t\t\t\t\t<\/div>\n\t\t<\/div>\n\t\t\t\t<div class=\"elementor-column elementor-col-50 elementor-top-column elementor-element elementor-element-2e40a2d8\" data-id=\"2e40a2d8\" data-element_type=\"column\">\n\t\t\t<div class=\"elementor-widget-wrap elementor-element-populated\">\n\t\t\t\t\t\t<div class=\"elementor-element elementor-element-2a308b5a elementor-align-right elementor-tablet-align-right elementor-icon-list--layout-traditional elementor-list-item-link-full_width elementor-widget elementor-widget-icon-list\" data-id=\"2a308b5a\" data-element_type=\"widget\" data-widget_type=\"icon-list.default\">\n\t\t\t\t<div class=\"elementor-widget-container\">\n\t\t\t\t\t<ul class=\"elementor-icon-list-items\">\n\t\t\t\t\t\t\t<li class=\"elementor-icon-list-item\">\n\t\t\t\t\t\t\t\t\t\t\t<span class=\"elementor-icon-list-icon\">\n\t\t\t\t\t\t\t<i aria-hidden=\"true\" class=\"fas fa-box-open\"><\/i>\t\t\t\t\t\t<\/span>\n\t\t\t\t\t\t\t\t\t\t<span class=\"elementor-icon-list-text\">Sigurno pla\u0107anje kada do\u0111ete ku\u0107i<\/span>\n\t\t\t\t\t\t\t\t\t<\/li>\n\t\t\t\t\t\t<\/ul>\n\t\t\t\t<\/div>\n\t\t\t\t<\/div>\n\t\t\t\t\t<\/div>\n\t\t<\/div>\n\t\t\t\t\t<\/div>\n\t\t<\/section>\n\t\t\t\t<section data-particle_enable=\"false\" data-particle-mobile-disabled=\"false\" class=\"elementor-section elementor-top-section elementor-element elementor-element-5080c12e elementor-section-boxed elementor-section-height-default elementor-section-height-default\" data-id=\"5080c12e\" data-element_type=\"section\" data-settings=\"{&quot;background_background&quot;:&quot;classic&quot;}\">\n\t\t\t\t\t\t<div class=\"elementor-container elementor-column-gap-default\">\n\t\t\t\t\t<div class=\"elementor-column elementor-col-33 elementor-top-column elementor-element elementor-element-11327b56\" data-id=\"11327b56\" data-element_type=\"column\">\n\t\t\t<div class=\"elementor-widget-wrap elementor-element-populated\">\n\t\t\t\t\t\t<div class=\"elementor-element elementor-element-32b4d3b5 elementor-widget elementor-widget-image\" data-id=\"32b4d3b5\" data-element_type=\"widget\" data-widget_type=\"image.default\">\n\t\t\t\t<div class=\"elementor-widget-container\">\n\t\t\t\t\t\t\t\t\t\t\t\t\t\t<a href=\"https:\/\/grandi-sconti.com\">\n\t\t\t\t\t\t\t<img fetchpriority=\"high\" decoding=\"async\" width=\"750\" height=\"150\" src=\"https:\/\/www.offertarapida.com\/wp-content\/uploads\/2022\/01\/OFFERTA-RAPIDA.png\" class=\"attachment-large size-large wp-image-157\" alt=\"OFFERTA RAPIDA\" srcset=\"https:\/\/www.offertarapida.com\/wp-content\/uploads\/2022\/01\/OFFERTA-RAPIDA.png 1000w, https:\/\/www.offertarapida.com\/wp-content\/uploads\/2022\/01\/OFFERTA-RAPIDA-300x60.png 300w, https:\/\/www.offertarapida.com\/wp-content\/uploads\/2022\/01\/OFFERTA-RAPIDA-768x154.png 768w\" sizes=\"(max-width: 750px) 100vw, 750px\" style=\"width:100%;height:20%;max-width:1000px\" \/>\t\t\t\t\t\t\t\t<\/a>\n\t\t\t\t\t\t\t\t\t\t\t\t\t<\/div>\n\t\t\t\t<\/div>\n\t\t\t\t\t<\/div>\n\t\t<\/div>\n\t\t\t\t<div class=\"elementor-column elementor-col-33 elementor-top-column elementor-element elementor-element-7b8c6c2c\" data-id=\"7b8c6c2c\" data-element_type=\"column\">\n\t\t\t<div class=\"elementor-widget-wrap elementor-element-populated\">\n\t\t\t\t\t\t<div class=\"elementor-element elementor-element-1ea041d8 elementor-search-form--skin-classic elementor-search-form--button-type-icon elementor-search-form--icon-search elementor-widget elementor-widget-search-form\" data-id=\"1ea041d8\" data-element_type=\"widget\" data-settings=\"{&quot;skin&quot;:&quot;classic&quot;}\" data-widget_type=\"search-form.default\">\n\t\t\t\t<div class=\"elementor-widget-container\">\n\t\t\t\t\t<search role=\"search\">\n\t\t\t<form class=\"elementor-search-form\" action=\"https:\/\/www.offertarapida.com\/hr\/\" method=\"get\" data-trp-original-action=\"https:\/\/www.offertarapida.com\/hr\">\n\t\t\t\t\t\t\t\t\t\t\t\t<div class=\"elementor-search-form__container\">\n\t\t\t\t\t<label class=\"elementor-screen-only\" for=\"elementor-search-form-1ea041d8\">Pretra\u017ei<\/label>\n\n\t\t\t\t\t\n\t\t\t\t\t<input id=\"elementor-search-form-1ea041d8\" placeholder=\"\" class=\"elementor-search-form__input\" type=\"search\" name=\"s\" value=\"\">\n\t\t\t\t\t\n\t\t\t\t\t\t\t\t\t\t\t<button class=\"elementor-search-form__submit\" type=\"submit\" aria-label=\"Pretra\u017ei\">\n\t\t\t\t\t\t\t\t\t\t\t\t\t\t\t<i aria-hidden=\"true\" class=\"fas fa-search\"><\/i>\t\t\t\t\t\t\t\t<span class=\"elementor-screen-only\">Pretra\u017ei<\/span>\n\t\t\t\t\t\t\t\t\t\t\t\t\t<\/button>\n\t\t\t\t\t\n\t\t\t\t\t\t\t\t\t<\/div>\n\t\t\t<input type=\"hidden\" name=\"trp-form-language\" value=\"hr\"\/><\/form>\n\t\t<\/search>\n\t\t\t\t<\/div>\n\t\t\t\t<\/div>\n\t\t\t\t\t<\/div>\n\t\t<\/div>\n\t\t\t\t<div class=\"elementor-column elementor-col-33 elementor-top-column elementor-element elementor-element-30def517\" data-id=\"30def517\" data-element_type=\"column\">\n\t\t\t<div class=\"elementor-widget-wrap elementor-element-populated\">\n\t\t\t\t\t\t<div class=\"elementor-element elementor-element-77de6c5b elementor-widget elementor-widget-text-editor\" data-id=\"77de6c5b\" data-element_type=\"widget\" data-widget_type=\"text-editor.default\">\n\t\t\t\t<div class=\"elementor-widget-container\">\n\t\t\t\t\t\t\t<p>\u0160to \u010deka\u0161?<\/p>\t\t\t\t\t\t<\/div>\n\t\t\t\t<\/div>\n\t\t\t\t<div class=\"elementor-element elementor-element-7f82b148 elementor-widget elementor-widget-text-editor\" data-id=\"7f82b148\" data-element_type=\"widget\" data-widget_type=\"text-editor.default\">\n\t\t\t\t<div class=\"elementor-widget-container\">\n\t\t\t\t\t\t\t<p><a href=\"https:\/\/www.offertarapida.com\/hr\/prodotti\/\">Pogledajte proizvode<\/a><\/p>\t\t\t\t\t\t<\/div>\n\t\t\t\t<\/div>\n\t\t\t\t\t<\/div>\n\t\t<\/div>\n\t\t\t\t\t<\/div>\n\t\t<\/section>\n\t\t\t\t<section data-particle_enable=\"false\" data-particle-mobile-disabled=\"false\" class=\"elementor-section elementor-top-section elementor-element elementor-element-1263c857 elementor-section-boxed elementor-section-height-default elementor-section-height-default\" data-id=\"1263c857\" data-element_type=\"section\">\n\t\t\t\t\t\t<div class=\"elementor-container elementor-column-gap-default\">\n\t\t\t\t\t<div class=\"elementor-column elementor-col-100 elementor-top-column elementor-element elementor-element-328df6cf\" data-id=\"328df6cf\" data-element_type=\"column\">\n\t\t\t<div class=\"elementor-widget-wrap elementor-element-populated\">\n\t\t\t\t\t\t<div class=\"elementor-element elementor-element-5248efbb elementor-widget elementor-widget-heading\" data-id=\"5248efbb\" data-element_type=\"widget\" data-widget_type=\"heading.default\">\n\t\t\t\t<div class=\"elementor-widget-container\">\n\t\t\t<h2 class=\"elementor-heading-title elementor-size-default\">Uvjeti i odredbe<\/h2>\t\t<\/div>\n\t\t\t\t<\/div>\n\t\t\t\t<div class=\"elementor-element elementor-element-34ecf174 elementor-widget elementor-widget-text-editor\" data-id=\"34ecf174\" data-element_type=\"widget\" data-widget_type=\"text-editor.default\">\n\t\t\t\t<div class=\"elementor-widget-container\">\n\t\t\t\t\t\t\t<p>Pru\u017eamo vam usluge podlo\u017ene obavijestima, uvjetima i odredbama navedenima u ovom sporazumu. Osim toga, prije kori\u0161tenja takvih usluga pridr\u017eavat \u0107ete se pravila, smjernica, politika, uvjeta i odredbi primjenjivih na te usluge. Zadr\u017eavamo pravo promijeniti ovu stranicu i ove uvjete i odredbe u bilo kojem trenutku.Molimo pro\u010ditajte ovaj ugovor prije nastavka jer pristupanjem, pregledavanjem ili kori\u0161tenjem stranice potvr\u0111ujete prihva\u0107anje svih odredbi i uvjeta ovog ugovora. Ne smijete putem ove stranice u\u010ditavati, distribuirati ili na drugi na\u010din objavljivati bilo koji sadr\u017eaj, informacije ili drugi materijal koji (a) sadr\u017ei gre\u0161ke, viruse, crve, skrivene ulaze, trojanske konje ili drugi \u0161tetni kod ili svojstva; (b) je klevetni\u010dki, prijete\u0107i, difamatorski, opsceni, nepristojni, pornografski, diskriminatorni ili bi mogli dovesti do bilo kakve gra\u0111anske ili kaznene odgovornosti prema zakonima Sjedinjenih Ameri\u010dkih Dr\u017eava ili zakonima bilo koje druge zemlje koji se mogu primjenjivati; ili (c) kr\u0161i ili prekr\u0161ava autorska prava, patente, za\u0161titne znakove, \u017eigove, poslovne tajne ili druga vlasni\u010dka prava bilo koje osobe. Stranica vam mo\u017ee omogu\u0107iti identifikacijski kod i lozinku kako biste mogli pristupiti odre\u0111enim dijelovima ove Stranice i koristiti ih. Svaki put kada koristite lozinku ili identifikacijski kod, smatra se da ste ovla\u0161teni za pristup Stranici i njezinu upotrebu u skladu s uvjetima ovog sporazuma, a Stranica nije obvezna istra\u017eivati izvor takvog pristupa ili kori\u0161tenja Stranice.Prihva\u0107anjem ovih Uvjeta kori\u0161tenja kori\u0161tenjem stranice potvr\u0111ujete da imate najmanje 18 godina. Ako ste mla\u0111i od 18 godina, ovu stranicu koristite samo pod nadzorom roditelja ili zakonskog skrbnika. U skladu s uvjetima ovog sporazuma, ovime vam se dodjeljuje ograni\u010dena, opoziva, neprenosiva i neisklju\u010diva licenca za pristup i kori\u0161tenje Stranice pregledavanjem u va\u0161em internetskom pregledniku isklju\u010divo u svrhu obavljanja kupnje, a ne za bilo kakvu komercijalnu upotrebu ili upotrebu u ime tre\u0107ih strana, osim ako Stranica to izri\u010dito ne dopusti unaprijed.&nbsp;<\/p>\n<p>Svako kr\u0161enje ovog Ugovora rezultirat \u0107e trenutnim opozivom licence odobrene u ovom stavku bez prethodne obavijesti. Osim ako na\u0161a tvrtka to izri\u010dito ne odobri unaprijed, sav materijal, uklju\u010duju\u0107i slike, tekst, ilustracije, dizajne, ikone, fotografije, programe, glazbene isje\u010dke ili preuzimanja, videozapise, pisani materijal i ostale materijale koji su dio ove stranice (zajedni\u010dki naziv \u201dSadr\u017eaj\u201c) namijenjeni su isklju\u010divo za osobnu, nekomercijalnu upotrebu. Nije vam dopu\u0161teno komercijalno kori\u0161tenje bilo koje informacije dostupne na Stranici niti kori\u0161tenje Stranice u korist drugog poduze\u0107a.&nbsp;<\/p>\n<p>Zadr\u017eavamo pravo odbiti pru\u017eanje usluge, otkazati ra\u010dune i\/ili otkazati narud\u017ebe prema vlastitom naho\u0111enju, uklju\u010duju\u0107i, bez ograni\u010denja, ako smatramo da postupanje kupca kr\u0161i va\u017ee\u0107i zakon ili je \u0161tetno za na\u0161e interese. Ne smijete reproducirati, distribuirati, prikazivati, prodavati, iznajmljivati, prenositi, stvarati izvedene radove, prevoditi, mijenjati, dekodirati, rastavljati, dekompilirati ili na bilo koji drugi na\u010din iskori\u0161tavati ovu stranicu ili bilo koji njezin dio, osim ako na\u0161a tvrtka to izri\u010dito ne dopusti pismenim putem. Isklju\u010divo ste odgovorni za pristup i kori\u0161tenje ove stranice od strane bilo koga tko koristi lozinku i identifikaciju izvorno dodijeljene vama, bez obzira na to je li takav pristup i kori\u0161tenje ove stranice zapravo odobreno od strane vas, uklju\u010duju\u0107i, bez ograni\u010denja, sve komunikacije i prijenose te sve obveze (uklju\u010duju\u0107i, bez ograni\u010denja, financijske obveze) nastale takvim pristupom ili uporabom. Isklju\u010divo ste odgovorni za za\u0161titu sigurnosti i povjerljivosti lozinke i identifikacije dodijeljenih vam. Odmah \u0107ete obavijestiti Stranicu o bilo kakvoj neovla\u0161tenoj uporabi va\u0161e lozinke ili identifikacije ili o bilo kakvom drugom kr\u0161enju ili prijetnji kr\u0161enjem sigurnosti ove Stranice.<\/p>\t\t\t\t\t\t<\/div>\n\t\t\t\t<\/div>\n\t\t\t\t\t<\/div>\n\t\t<\/div>\n\t\t\t\t\t<\/div>\n\t\t<\/section>\n\t\t\t\t<section data-particle_enable=\"false\" data-particle-mobile-disabled=\"false\" class=\"elementor-section elementor-top-section elementor-element elementor-element-6fff26e2 elementor-section-boxed elementor-section-height-default elementor-section-height-default\" data-id=\"6fff26e2\" data-element_type=\"section\" data-settings=\"{&quot;background_background&quot;:&quot;classic&quot;}\">\n\t\t\t\t\t\t<div class=\"elementor-container elementor-column-gap-default\">\n\t\t\t\t\t<div class=\"elementor-column elementor-col-25 elementor-top-column elementor-element elementor-element-2d9a5493\" data-id=\"2d9a5493\" data-element_type=\"column\">\n\t\t\t<div class=\"elementor-widget-wrap elementor-element-populated\">\n\t\t\t\t\t\t<div class=\"elementor-element elementor-element-30df6b1a elementor-widget elementor-widget-image\" data-id=\"30df6b1a\" data-element_type=\"widget\" data-widget_type=\"image.default\">\n\t\t\t\t<div class=\"elementor-widget-container\">\n\t\t\t\t\t\t\t\t\t\t\t\t\t<img fetchpriority=\"high\" decoding=\"async\" width=\"750\" height=\"150\" src=\"https:\/\/www.offertarapida.com\/wp-content\/uploads\/2022\/01\/OFFERTA-RAPIDA.png\" class=\"attachment-large size-large wp-image-157\" alt=\"OFFERTA RAPIDA\" srcset=\"https:\/\/www.offertarapida.com\/wp-content\/uploads\/2022\/01\/OFFERTA-RAPIDA.png 1000w, https:\/\/www.offertarapida.com\/wp-content\/uploads\/2022\/01\/OFFERTA-RAPIDA-300x60.png 300w, https:\/\/www.offertarapida.com\/wp-content\/uploads\/2022\/01\/OFFERTA-RAPIDA-768x154.png 768w\" sizes=\"(max-width: 750px) 100vw, 750px\" style=\"width:100%;height:20%;max-width:1000px\" \/>\t\t\t\t\t\t\t\t\t\t\t\t\t<\/div>\n\t\t\t\t<\/div>\n\t\t\t\t<div class=\"elementor-element elementor-element-3c067311 elementor-widget elementor-widget-text-editor\" data-id=\"3c067311\" data-element_type=\"widget\" data-widget_type=\"text-editor.default\">\n\t\t\t\t<div class=\"elementor-widget-container\">\n\t\t\t\t\t\t\t<p>Sigurna kupnja.<\/p>\t\t\t\t\t\t<\/div>\n\t\t\t\t<\/div>\n\t\t\t\t<div class=\"elementor-element elementor-element-2b4142c8 elementor-widget elementor-widget-text-editor\" data-id=\"2b4142c8\" data-element_type=\"widget\" data-widget_type=\"text-editor.default\">\n\t\t\t\t<div class=\"elementor-widget-container\">\n\t\t\t\t\t\t\t<p>Pla\u0107anje kad do\u0111ete ku\u0107i.<\/p>\t\t\t\t\t\t<\/div>\n\t\t\t\t<\/div>\n\t\t\t\t<div class=\"elementor-element elementor-element-62c28151 elementor-widget elementor-widget-image\" data-id=\"62c28151\" data-element_type=\"widget\" data-widget_type=\"image.default\">\n\t\t\t\t<div class=\"elementor-widget-container\">\n\t\t\t\t\t\t\t\t\t\t\t\t\t<img decoding=\"async\" width=\"750\" height=\"54\" src=\"https:\/\/www.offertarapida.com\/wp-content\/uploads\/2022\/01\/trustbadges.webp\" class=\"attachment-large size-large wp-image-161\" alt=\"\" srcset=\"https:\/\/www.offertarapida.com\/wp-content\/uploads\/2022\/01\/trustbadges.webp 944w, https:\/\/www.offertarapida.com\/wp-content\/uploads\/2022\/01\/trustbadges-300x22.webp 300w, https:\/\/www.offertarapida.com\/wp-content\/uploads\/2022\/01\/trustbadges-768x55.webp 768w\" sizes=\"(max-width: 750px) 100vw, 750px\" style=\"width:100%;height:7.2%;max-width:944px\" \/>\t\t\t\t\t\t\t\t\t\t\t\t\t<\/div>\n\t\t\t\t<\/div>\n\t\t\t\t\t<\/div>\n\t\t<\/div>\n\t\t\t\t<div class=\"elementor-column elementor-col-25 elementor-top-column elementor-element elementor-element-574fac65\" data-id=\"574fac65\" data-element_type=\"column\">\n\t\t\t<div class=\"elementor-widget-wrap elementor-element-populated\">\n\t\t\t\t\t\t<div class=\"elementor-element elementor-element-50cb8a02 elementor-widget elementor-widget-heading\" data-id=\"50cb8a02\" data-element_type=\"widget\" data-widget_type=\"heading.default\">\n\t\t\t\t<div class=\"elementor-widget-container\">\n\t\t\t<h2 class=\"elementor-heading-title elementor-size-default\">Podaci o tvrtki<\/h2>\t\t<\/div>\n\t\t\t\t<\/div>\n\t\t\t\t<div class=\"elementor-element elementor-element-592c942f elementor-widget elementor-widget-text-editor\" data-id=\"592c942f\" data-element_type=\"widget\" data-widget_type=\"text-editor.default\">\n\t\t\t\t<div class=\"elementor-widget-container\">\n\t\t\t\t\t\t\t<p><a href=\"https:\/\/www.offertarapida.com\/hr\/privacy-and-cookie-policy\/\">Pravila o privatnosti i kola\u010di\u0107ima<\/a><\/p><p><a href=\"https:\/\/www.offertarapida.com\/hr\/cookie-policy\/\">Pravila o kola\u010di\u0107ima<\/a><\/p><p><a href=\"https:\/\/www.offertarapida.com\/hr\/termini-e-condizioni\/\">Uvjeti i odredbe<\/a><\/p>\t\t\t\t\t\t<\/div>\n\t\t\t\t<\/div>\n\t\t\t\t\t<\/div>\n\t\t<\/div>\n\t\t\t\t<div class=\"elementor-column elementor-col-25 elementor-top-column elementor-element elementor-element-f9c591d\" data-id=\"f9c591d\" data-element_type=\"column\">\n\t\t\t<div class=\"elementor-widget-wrap elementor-element-populated\">\n\t\t\t\t\t\t<div class=\"elementor-element elementor-element-5e54cbe8 elementor-widget elementor-widget-heading\" data-id=\"5e54cbe8\" data-element_type=\"widget\" data-widget_type=\"heading.default\">\n\t\t\t\t<div class=\"elementor-widget-container\">\n\t\t\t<h2 class=\"elementor-heading-title elementor-size-default\">Narud\u017ebe i potvrde<\/h2>\t\t<\/div>\n\t\t\t\t<\/div>\n\t\t\t\t<div class=\"elementor-element elementor-element-32c3fe5b elementor-widget elementor-widget-text-editor\" data-id=\"32c3fe5b\" data-element_type=\"widget\" data-widget_type=\"text-editor.default\">\n\t\t\t\t<div class=\"elementor-widget-container\">\n\t\t\t\t\t\t\t<p><a href=\"https:\/\/www.offertarapida.com\/hr\/spedizione-e-consegna\/\">Dostava i slanje<\/a><\/p><p><a href=\"https:\/\/www.offertarapida.com\/hr\/metodi-di-pagamento\/\">Na\u010dini pla\u0107anja<\/a><\/p><p><a href=\"https:\/\/www.offertarapida.com\/hr\/politiche-di-reso-e-rimborso\/\">Povrat i refundacija<\/a><\/p>\t\t\t\t\t\t<\/div>\n\t\t\t\t<\/div>\n\t\t\t\t\t<\/div>\n\t\t<\/div>\n\t\t\t\t<div class=\"elementor-column elementor-col-25 elementor-top-column elementor-element elementor-element-4228c323\" data-id=\"4228c323\" data-element_type=\"column\">\n\t\t\t<div class=\"elementor-widget-wrap elementor-element-populated\">\n\t\t\t\t\t\t<div class=\"elementor-element elementor-element-ab7eaf2 elementor-widget elementor-widget-heading\" data-id=\"ab7eaf2\" data-element_type=\"widget\" data-widget_type=\"heading.default\">\n\t\t\t\t<div class=\"elementor-widget-container\">\n\t\t\t<h2 class=\"elementor-heading-title elementor-size-default\">Slu\u017eba za korisnike<\/h2>\t\t<\/div>\n\t\t\t\t<\/div>\n\t\t\t\t<div class=\"elementor-element elementor-element-2931b628 elementor-widget elementor-widget-text-editor\" data-id=\"2931b628\" data-element_type=\"widget\" data-widget_type=\"text-editor.default\">\n\t\t\t\t<div class=\"elementor-widget-container\">\n\t\t\t\t\t\t\t<p><a href=\"https:\/\/www.offertarapida.com\/hr\/domande-frequenti\/\">\u010cPP \u2013 \u010cesto postavljana pitanja<\/a><\/p><p><a href=\"https:\/\/www.offertarapida.com\/hr\/contattaci\/\">Kontakti<\/a><\/p>\t\t\t\t\t\t<\/div>\n\t\t\t\t<\/div>\n\t\t\t\t\t<\/div>\n\t\t<\/div>\n\t\t\t\t\t<\/div>\n\t\t<\/section>\n\t\t\t\t<section data-particle_enable=\"false\" data-particle-mobile-disabled=\"false\" class=\"elementor-section elementor-top-section elementor-element elementor-element-770a554c elementor-section-boxed elementor-section-height-default elementor-section-height-default\" data-id=\"770a554c\" data-element_type=\"section\" data-settings=\"{&quot;background_background&quot;:&quot;classic&quot;}\">\n\t\t\t\t\t\t<div class=\"elementor-container elementor-column-gap-default\">\n\t\t\t\t\t<div class=\"elementor-column elementor-col-100 elementor-top-column elementor-element elementor-element-60656335\" data-id=\"60656335\" data-element_type=\"column\">\n\t\t\t<div class=\"elementor-widget-wrap elementor-element-populated\">\n\t\t\t\t\t\t<div class=\"elementor-element elementor-element-a8e6a36 elementor-widget elementor-widget-text-editor\" data-id=\"a8e6a36\" data-element_type=\"widget\" data-widget_type=\"text-editor.default\">\n\t\t\t\t<div class=\"elementor-widget-container\">\n\t\t\t\t\t\t\t<p>[HRV] Sve podatke prikupljene na ovoj stranici Facebook ne\u0107e koristiti bez marketin\u0161kih namjera. Va\u0161e podatke koristit \u0107emo samo za pra\u0107enje narud\u017ebe putem sustava pla\u0107anja pouze\u0107em.<br \/><br \/>[HRV] Sve podatke prikupljene na ovoj stranici Facebook ne\u0107e koristiti niti \u0107e ih koristiti u marketin\u0161ke svrhe. Va\u0161e podatke koristit \u0107emo samo za pra\u0107enje narud\u017ebe putem sustava pla\u0107anja pouze\u0107em.<br \/><br \/>Ova stranica nije dio Facebook web stranice ili Facebook Inc. Osim toga, Facebook ni na koji na\u010din NE podr\u017eava ovu stranicu. Facebook je za\u0161titni znak tvrtke Facebook, Inc.<\/p>\t\t\t\t\t\t<\/div>\n\t\t\t\t<\/div>\n\t\t\t\t<div class=\"elementor-element elementor-element-137d6694 elementor-widget elementor-widget-text-editor\" data-id=\"137d6694\" data-element_type=\"widget\" data-widget_type=\"text-editor.default\">\n\t\t\t\t<div class=\"elementor-widget-container\">\n\t\t\t\t\t\t\t<div class=\"footer-absolute-primary\">Ogla\u0161avanje u ime: FASLEAD SRL PDV broj IT401262810 Via Aristotele 20218 Milan MI<\/div><div>Autorska prava 2021. Sva prava pridr\u017eana\u00a0<\/div>\t\t\t\t\t\t<\/div>\n\t\t\t\t<\/div>\n\t\t\t\t<div class=\"elementor-element elementor-element-3c7d0e8d elementor-widget elementor-widget-text-editor\" data-id=\"3c7d0e8d\" data-element_type=\"widget\" data-widget_type=\"text-editor.default\">\n\t\t\t\t<div class=\"elementor-widget-container\">\n\t\t\t\t\t\t\t<div class=\"footer-absolute-secondary\">offertarapida.com<\/div>\t\t\t\t\t\t<\/div>\n\t\t\t\t<\/div>\n\t\t\t\t\t<\/div>\n\t\t<\/div>\n\t\t\t\t\t<\/div>\n\t\t<\/section>\n\t\t\t\t<\/div>","protected":false},"excerpt":{"rendered":"<p>Pagamento sicuro quando arriva a casa Cosa stai aspettando? Guarda i Prodotti Termini e condizioni Ti forniamo servizi soggetti alle comunicazioni, ai termini e alle condizioni stabiliti nel presente accordo. Inoltre, rispetterai le regole, linee guida, politiche, termini e condizioni applicabili a tali servizi prima di utilizzarli. Ci riserviamo il diritto di modificare questo sito&hellip; <a class=\"more-link\" href=\"https:\/\/www.offertarapida.com\/hr\/termini-e-condizioni\/\">\u010citate <span class=\"screen-reader-text\">termini e condizioni<\/span><\/a><\/p>","protected":false},"author":1,"featured_media":0,"parent":0,"menu_order":0,"comment_status":"closed","ping_status":"closed","template":"elementor_canvas","meta":{"_acf_changed":false,"footnotes":""},"class_list":["post-236","page","type-page","status-publish","hentry","entry"],"acf":[],"_links":{"self":[{"href":"https:\/\/www.offertarapida.com\/hr\/wp-json\/wp\/v2\/pages\/236","targetHints":{"allow":["GET"]}}],"collection":[{"href":"https:\/\/www.offertarapida.com\/hr\/wp-json\/wp\/v2\/pages"}],"about":[{"href":"https:\/\/www.offertarapida.com\/hr\/wp-json\/wp\/v2\/types\/page"}],"author":[{"embeddable":true,"href":"https:\/\/www.offertarapida.com\/hr\/wp-json\/wp\/v2\/users\/1"}],"replies":[{"embeddable":true,"href":"https:\/\/www.offertarapida.com\/hr\/wp-json\/wp\/v2\/comments?post=236"}],"version-history":[{"count":4,"href":"https:\/\/www.offertarapida.com\/hr\/wp-json\/wp\/v2\/pages\/236\/revisions"}],"predecessor-version":[{"id":241,"href":"https:\/\/www.offertarapida.com\/hr\/wp-json\/wp\/v2\/pages\/236\/revisions\/241"}],"wp:attachment":[{"href":"https:\/\/www.offertarapida.com\/hr\/wp-json\/wp\/v2\/media?parent=236"}],"curies":[{"name":"wp","href":"https:\/\/api.w.org\/{rel}","templated":true}]}}