{"id":14843,"date":"2023-01-07T23:56:12","date_gmt":"2023-01-07T23:56:12","guid":{"rendered":"https:\/\/www.offertarapida.com\/?page_id=14843"},"modified":"2023-01-07T23:58:59","modified_gmt":"2023-01-07T23:58:59","slug":"dziekuje","status":"publish","type":"page","link":"https:\/\/www.offertarapida.com\/id\/dziekuje\/","title":{"rendered":"grazie bulgaria"},"content":{"rendered":"<div data-elementor-type=\"wp-page\" data-elementor-id=\"14843\" class=\"elementor elementor-14843\" data-elementor-post-type=\"page\">\n\t\t\t\t\t\t<section data-particle_enable=\"false\" data-particle-mobile-disabled=\"false\" class=\"elementor-section elementor-top-section elementor-element elementor-element-3bcadb7d elementor-section-boxed elementor-section-height-default elementor-section-height-default\" data-id=\"3bcadb7d\" data-element_type=\"section\" data-settings=\"{&quot;background_background&quot;:&quot;classic&quot;}\">\n\t\t\t\t\t\t<div class=\"elementor-container elementor-column-gap-default\">\n\t\t\t\t\t<div class=\"elementor-column elementor-col-100 elementor-top-column elementor-element elementor-element-4172f4a9\" data-id=\"4172f4a9\" data-element_type=\"column\">\n\t\t\t<div class=\"elementor-widget-wrap elementor-element-populated\">\n\t\t\t\t\t\t<div class=\"elementor-element elementor-element-5baaf6a elementor-widget elementor-widget-text-editor\" data-id=\"5baaf6a\" data-element_type=\"widget\" data-widget_type=\"text-editor.default\">\n\t\t\t\t<div class=\"elementor-widget-container\">\n\t\t\t\t\t\t\t<p>Dzi\u0119kuj\u0119!<\/p>\t\t\t\t\t\t<\/div>\n\t\t\t\t<\/div>\n\t\t\t\t<div class=\"elementor-element elementor-element-43d0321a elementor-widget elementor-widget-text-editor\" data-id=\"43d0321a\" data-element_type=\"widget\" data-widget_type=\"text-editor.default\">\n\t\t\t\t<div class=\"elementor-widget-container\">\n\t\t\t\t\t\t\t<p>Zam\u00f3wienie przyj\u0119te!<\/p>\t\t\t\t\t\t<\/div>\n\t\t\t\t<\/div>\n\t\t\t\t<div class=\"elementor-element elementor-element-40a2296a elementor-widget elementor-widget-text-editor\" data-id=\"40a2296a\" data-element_type=\"widget\" data-widget_type=\"text-editor.default\">\n\t\t\t\t<div class=\"elementor-widget-container\">\n\t\t\t\t\t\t\t<p>Jeden z naszych operator\u00f3w skontaktuje si\u0119 z Pa\u0144stwem w celu potwierdzenia zam\u00f3wienia.\u00a0<br \/>Dostawa b\u0119dzie realizowana za po\u015brednictwem kuriera.\u00a0<br \/>P\u0142atno\u015b\u0107 przy odbiorze.<\/p>\t\t\t\t\t\t<\/div>\n\t\t\t\t<\/div>\n\t\t\t\t\t<\/div>\n\t\t<\/div>\n\t\t\t\t\t<\/div>\n\t\t<\/section>\n\t\t\t\t<section data-particle_enable=\"false\" data-particle-mobile-disabled=\"false\" class=\"elementor-section elementor-top-section elementor-element elementor-element-2878898a elementor-section-boxed elementor-section-height-default elementor-section-height-default\" data-id=\"2878898a\" data-element_type=\"section\" data-settings=\"{&quot;background_background&quot;:&quot;classic&quot;}\">\n\t\t\t\t\t\t<div class=\"elementor-container elementor-column-gap-default\">\n\t\t\t\t\t<div class=\"elementor-column elementor-col-100 elementor-top-column elementor-element elementor-element-12835ce1\" data-id=\"12835ce1\" data-element_type=\"column\">\n\t\t\t<div class=\"elementor-widget-wrap elementor-element-populated\">\n\t\t\t\t\t\t<div class=\"elementor-element elementor-element-1cca9fcb elementor-widget elementor-widget-text-editor\" data-id=\"1cca9fcb\" data-element_type=\"widget\" data-widget_type=\"text-editor.default\">\n\t\t\t\t<div class=\"elementor-widget-container\">\n\t\t\t\t\t\t\t<p>Every data collected in this page won&#8217;t be used by Facebook and without marketing intent. We will use your data only to track an order for Cash On Delivery System.<\/p>\t\t\t\t\t\t<\/div>\n\t\t\t\t<\/div>\n\t\t\t\t<div class=\"elementor-element elementor-element-27a3efb3 elementor-widget elementor-widget-text-editor\" data-id=\"27a3efb3\" data-element_type=\"widget\" data-widget_type=\"text-editor.default\">\n\t\t\t\t<div class=\"elementor-widget-container\">\n\t\t\t\t\t\t\t<p>Situs ini bukan merupakan bagian dari situs web Facebook atau Facebook Inc. Selain itu, situs ini TIDAK didukung oleh Facebook dengan cara apa pun. Facebook adalah merek dagang dari Facebook, Inc.<\/p>\t\t\t\t\t\t<\/div>\n\t\t\t\t<\/div>\n\t\t\t\t<div class=\"elementor-element elementor-element-6ed256b5 elementor-widget elementor-widget-text-editor\" data-id=\"6ed256b5\" data-element_type=\"widget\" data-widget_type=\"text-editor.default\">\n\t\t\t\t<div class=\"elementor-widget-container\">\n\t\t\t\t\t\t\t<p>Copyright 2022 Offertarapida &#8211; Tutti i Diritti sono Riservati<\/p>\t\t\t\t\t\t<\/div>\n\t\t\t\t<\/div>\n\t\t\t\t\t<\/div>\n\t\t<\/div>\n\t\t\t\t\t<\/div>\n\t\t<\/section>\n\t\t\t\t<\/div>","protected":false},"excerpt":{"rendered":"<p>Dzi\u0119kuj\u0119! Zam\u00f3wienie przyj\u0119te! Jeden z naszych operator\u00f3w skontaktuje si\u0119 z Pa\u0144stwem w celu potwierdzenia zam\u00f3wienia.\u00a0Dostawa b\u0119dzie realizowana za po\u015brednictwem kuriera.\u00a0P\u0142atno\u015b\u0107 przy odbiorze. Every data collected in this page won&#8217;t be used by Facebook and without marketing intent. We will use your data only to track an order for Cash On Delivery System. This site is&hellip; <a class=\"more-link\" href=\"https:\/\/www.offertarapida.com\/id\/dziekuje\/\">Lanjutkan membaca <span class=\"screen-reader-text\">grazie bulgaria<\/span><\/a><\/p>","protected":false},"author":2,"featured_media":0,"parent":0,"menu_order":0,"comment_status":"closed","ping_status":"closed","template":"elementor_canvas","meta":{"_acf_changed":false,"footnotes":""},"class_list":["post-14843","page","type-page","status-publish","hentry","entry"],"acf":[],"_links":{"self":[{"href":"https:\/\/www.offertarapida.com\/id\/wp-json\/wp\/v2\/pages\/14843","targetHints":{"allow":["GET"]}}],"collection":[{"href":"https:\/\/www.offertarapida.com\/id\/wp-json\/wp\/v2\/pages"}],"about":[{"href":"https:\/\/www.offertarapida.com\/id\/wp-json\/wp\/v2\/types\/page"}],"author":[{"embeddable":true,"href":"https:\/\/www.offertarapida.com\/id\/wp-json\/wp\/v2\/users\/2"}],"replies":[{"embeddable":true,"href":"https:\/\/www.offertarapida.com\/id\/wp-json\/wp\/v2\/comments?post=14843"}],"version-history":[{"count":4,"href":"https:\/\/www.offertarapida.com\/id\/wp-json\/wp\/v2\/pages\/14843\/revisions"}],"predecessor-version":[{"id":14855,"href":"https:\/\/www.offertarapida.com\/id\/wp-json\/wp\/v2\/pages\/14843\/revisions\/14855"}],"wp:attachment":[{"href":"https:\/\/www.offertarapida.com\/id\/wp-json\/wp\/v2\/media?parent=14843"}],"curies":[{"name":"wp","href":"https:\/\/api.w.org\/{rel}","templated":true}]}}