{"id":250,"date":"2022-01-23T01:27:37","date_gmt":"2022-01-23T01:27:37","guid":{"rendered":"https:\/\/www.offertarapida.com\/?page_id=250"},"modified":"2022-01-23T01:29:42","modified_gmt":"2022-01-23T01:29:42","slug":"politiche-di-reso-e-rimborso","status":"publish","type":"page","link":"https:\/\/www.offertarapida.com\/lt\/politiche-di-reso-e-rimborso\/","title":{"rendered":"politiche di reso e rimborso"},"content":{"rendered":"<div data-elementor-type=\"wp-page\" data-elementor-id=\"250\" class=\"elementor elementor-250\" data-elementor-post-type=\"page\">\n\t\t\t\t\t\t<section data-particle_enable=\"false\" data-particle-mobile-disabled=\"false\" class=\"elementor-section elementor-top-section elementor-element elementor-element-7ae61197 elementor-section-height-min-height elementor-section-boxed elementor-section-height-default elementor-section-items-middle\" data-id=\"7ae61197\" data-element_type=\"section\" data-settings=\"{&quot;background_background&quot;:&quot;classic&quot;}\">\n\t\t\t\t\t\t<div class=\"elementor-container elementor-column-gap-default\">\n\t\t\t\t\t<div class=\"elementor-column elementor-col-50 elementor-top-column elementor-element elementor-element-39ed903e\" data-id=\"39ed903e\" data-element_type=\"column\">\n\t\t\t<div class=\"elementor-widget-wrap elementor-element-populated\">\n\t\t\t\t\t\t<div class=\"elementor-element elementor-element-3d7a7654 elementor-nav-menu--dropdown-mobile elementor-nav-menu__text-align-aside elementor-nav-menu--toggle elementor-nav-menu--burger elementor-widget elementor-widget-nav-menu\" data-id=\"3d7a7654\" data-element_type=\"widget\" data-settings=\"{&quot;layout&quot;:&quot;horizontal&quot;,&quot;submenu_icon&quot;:{&quot;value&quot;:&quot;&lt;i class=\\&quot;fas fa-caret-down\\&quot;&gt;&lt;\\\/i&gt;&quot;,&quot;library&quot;:&quot;fa-solid&quot;},&quot;toggle&quot;:&quot;burger&quot;}\" data-widget_type=\"nav-menu.default\">\n\t\t\t\t<div class=\"elementor-widget-container\">\n\t\t\t\t\t\t<nav class=\"elementor-nav-menu--main elementor-nav-menu__container elementor-nav-menu--layout-horizontal e--pointer-background e--animation-fade\">\n\t\t\t\t<ul id=\"menu-1-3d7a7654\" class=\"elementor-nav-menu\"><li class=\"menu-item menu-item-type-custom menu-item-object-custom menu-item-151\"><a href=\"#vantaggi\" class=\"elementor-item elementor-item-anchor\">Privalumai<\/a><\/li>\n<li class=\"menu-item menu-item-type-custom menu-item-object-custom menu-item-152\"><a href=\"#prezzo\" class=\"elementor-item elementor-item-anchor\">Kaina<\/a><\/li>\n<li class=\"menu-item menu-item-type-custom menu-item-object-custom menu-item-153\"><a href=\"#recensioni\" class=\"elementor-item elementor-item-anchor\">Ap\u017evalgos<\/a><\/li>\n<li class=\"menu-item menu-item-type-custom menu-item-object-custom menu-item-154\"><a href=\"#ordinaora\" class=\"elementor-item elementor-item-anchor\">U\u017esisakykite dabar<\/a><\/li>\n<\/ul>\t\t\t<\/nav>\n\t\t\t\t\t<div class=\"elementor-menu-toggle\" role=\"button\" tabindex=\"0\" aria-label=\"Meniu perjungimas\" aria-expanded=\"false\">\n\t\t\t<i aria-hidden=\"true\" role=\"presentation\" class=\"elementor-menu-toggle__icon--open eicon-menu-bar\"><\/i><i aria-hidden=\"true\" role=\"presentation\" class=\"elementor-menu-toggle__icon--close eicon-close\"><\/i>\t\t\t<span class=\"elementor-screen-only\">Meniu<\/span>\n\t\t<\/div>\n\t\t\t\t\t<nav class=\"elementor-nav-menu--dropdown elementor-nav-menu__container\" aria-hidden=\"true\">\n\t\t\t\t<ul id=\"menu-2-3d7a7654\" class=\"elementor-nav-menu\"><li class=\"menu-item menu-item-type-custom menu-item-object-custom menu-item-151\"><a href=\"#vantaggi\" class=\"elementor-item elementor-item-anchor\" tabindex=\"-1\">Privalumai<\/a><\/li>\n<li class=\"menu-item menu-item-type-custom menu-item-object-custom menu-item-152\"><a href=\"#prezzo\" class=\"elementor-item elementor-item-anchor\" tabindex=\"-1\">Kaina<\/a><\/li>\n<li class=\"menu-item menu-item-type-custom menu-item-object-custom menu-item-153\"><a href=\"#recensioni\" class=\"elementor-item elementor-item-anchor\" tabindex=\"-1\">Ap\u017evalgos<\/a><\/li>\n<li class=\"menu-item menu-item-type-custom menu-item-object-custom menu-item-154\"><a href=\"#ordinaora\" class=\"elementor-item elementor-item-anchor\" tabindex=\"-1\">U\u017esisakykite dabar<\/a><\/li>\n<\/ul>\t\t\t<\/nav>\n\t\t\t\t<\/div>\n\t\t\t\t<\/div>\n\t\t\t\t\t<\/div>\n\t\t<\/div>\n\t\t\t\t<div class=\"elementor-column elementor-col-50 elementor-top-column elementor-element elementor-element-55b21c48\" data-id=\"55b21c48\" data-element_type=\"column\">\n\t\t\t<div class=\"elementor-widget-wrap elementor-element-populated\">\n\t\t\t\t\t\t<div class=\"elementor-element elementor-element-1ae50e92 elementor-align-right elementor-tablet-align-right elementor-icon-list--layout-traditional elementor-list-item-link-full_width elementor-widget elementor-widget-icon-list\" data-id=\"1ae50e92\" data-element_type=\"widget\" data-widget_type=\"icon-list.default\">\n\t\t\t\t<div class=\"elementor-widget-container\">\n\t\t\t\t\t<ul class=\"elementor-icon-list-items\">\n\t\t\t\t\t\t\t<li class=\"elementor-icon-list-item\">\n\t\t\t\t\t\t\t\t\t\t\t<span class=\"elementor-icon-list-icon\">\n\t\t\t\t\t\t\t<i aria-hidden=\"true\" class=\"fas fa-box-open\"><\/i>\t\t\t\t\t\t<\/span>\n\t\t\t\t\t\t\t\t\t\t<span class=\"elementor-icon-list-text\">Saugus mok\u0117jimas atvykus \u012f namus<\/span>\n\t\t\t\t\t\t\t\t\t<\/li>\n\t\t\t\t\t\t<\/ul>\n\t\t\t\t<\/div>\n\t\t\t\t<\/div>\n\t\t\t\t\t<\/div>\n\t\t<\/div>\n\t\t\t\t\t<\/div>\n\t\t<\/section>\n\t\t\t\t<section data-particle_enable=\"false\" data-particle-mobile-disabled=\"false\" class=\"elementor-section elementor-top-section elementor-element elementor-element-2375df59 elementor-section-boxed elementor-section-height-default elementor-section-height-default\" data-id=\"2375df59\" data-element_type=\"section\" data-settings=\"{&quot;background_background&quot;:&quot;classic&quot;}\">\n\t\t\t\t\t\t<div class=\"elementor-container elementor-column-gap-default\">\n\t\t\t\t\t<div class=\"elementor-column elementor-col-33 elementor-top-column elementor-element elementor-element-6902bf8a\" data-id=\"6902bf8a\" data-element_type=\"column\">\n\t\t\t<div class=\"elementor-widget-wrap elementor-element-populated\">\n\t\t\t\t\t\t<div class=\"elementor-element elementor-element-7a989d2d elementor-widget elementor-widget-image\" data-id=\"7a989d2d\" data-element_type=\"widget\" data-widget_type=\"image.default\">\n\t\t\t\t<div class=\"elementor-widget-container\">\n\t\t\t\t\t\t\t\t\t\t\t\t\t\t<a href=\"https:\/\/grandi-sconti.com\">\n\t\t\t\t\t\t\t<img fetchpriority=\"high\" decoding=\"async\" width=\"750\" height=\"150\" src=\"https:\/\/www.offertarapida.com\/wp-content\/uploads\/2022\/01\/OFFERTA-RAPIDA.png\" class=\"attachment-large size-large wp-image-157\" alt=\"OFFERTA RAPIDA\" srcset=\"https:\/\/www.offertarapida.com\/wp-content\/uploads\/2022\/01\/OFFERTA-RAPIDA.png 1000w, https:\/\/www.offertarapida.com\/wp-content\/uploads\/2022\/01\/OFFERTA-RAPIDA-300x60.png 300w, https:\/\/www.offertarapida.com\/wp-content\/uploads\/2022\/01\/OFFERTA-RAPIDA-768x154.png 768w\" sizes=\"(max-width: 750px) 100vw, 750px\" style=\"width:100%;height:20%;max-width:1000px\" \/>\t\t\t\t\t\t\t\t<\/a>\n\t\t\t\t\t\t\t\t\t\t\t\t\t<\/div>\n\t\t\t\t<\/div>\n\t\t\t\t\t<\/div>\n\t\t<\/div>\n\t\t\t\t<div class=\"elementor-column elementor-col-33 elementor-top-column elementor-element elementor-element-4853bbc6\" data-id=\"4853bbc6\" data-element_type=\"column\">\n\t\t\t<div class=\"elementor-widget-wrap elementor-element-populated\">\n\t\t\t\t\t\t<div class=\"elementor-element elementor-element-7cba97cc elementor-search-form--skin-classic elementor-search-form--button-type-icon elementor-search-form--icon-search elementor-widget elementor-widget-search-form\" data-id=\"7cba97cc\" data-element_type=\"widget\" data-settings=\"{&quot;skin&quot;:&quot;classic&quot;}\" data-widget_type=\"search-form.default\">\n\t\t\t\t<div class=\"elementor-widget-container\">\n\t\t\t\t\t<search role=\"search\">\n\t\t\t<form class=\"elementor-search-form\" action=\"https:\/\/www.offertarapida.com\/lt\/\" method=\"get\" data-trp-original-action=\"https:\/\/www.offertarapida.com\/lt\">\n\t\t\t\t\t\t\t\t\t\t\t\t<div class=\"elementor-search-form__container\">\n\t\t\t\t\t<label class=\"elementor-screen-only\" for=\"elementor-search-form-7cba97cc\">Paie\u0161ka<\/label>\n\n\t\t\t\t\t\n\t\t\t\t\t<input id=\"elementor-search-form-7cba97cc\" placeholder=\"\" class=\"elementor-search-form__input\" type=\"search\" name=\"s\" value=\"\">\n\t\t\t\t\t\n\t\t\t\t\t\t\t\t\t\t\t<button class=\"elementor-search-form__submit\" type=\"submit\" aria-label=\"Paie\u0161ka\">\n\t\t\t\t\t\t\t\t\t\t\t\t\t\t\t<i aria-hidden=\"true\" class=\"fas fa-search\"><\/i>\t\t\t\t\t\t\t\t<span class=\"elementor-screen-only\">Paie\u0161ka<\/span>\n\t\t\t\t\t\t\t\t\t\t\t\t\t<\/button>\n\t\t\t\t\t\n\t\t\t\t\t\t\t\t\t<\/div>\n\t\t\t<input type=\"hidden\" name=\"trp-form-language\" value=\"lt\"\/><\/form>\n\t\t<\/search>\n\t\t\t\t<\/div>\n\t\t\t\t<\/div>\n\t\t\t\t\t<\/div>\n\t\t<\/div>\n\t\t\t\t<div class=\"elementor-column elementor-col-33 elementor-top-column elementor-element elementor-element-60731024\" data-id=\"60731024\" data-element_type=\"column\">\n\t\t\t<div class=\"elementor-widget-wrap elementor-element-populated\">\n\t\t\t\t\t\t<div class=\"elementor-element elementor-element-7434d9b3 elementor-widget elementor-widget-text-editor\" data-id=\"7434d9b3\" data-element_type=\"widget\" data-widget_type=\"text-editor.default\">\n\t\t\t\t<div class=\"elementor-widget-container\">\n\t\t\t\t\t\t\t<p>Ko laukiate?<\/p>\t\t\t\t\t\t<\/div>\n\t\t\t\t<\/div>\n\t\t\t\t<div class=\"elementor-element elementor-element-a3342ef elementor-widget elementor-widget-text-editor\" data-id=\"a3342ef\" data-element_type=\"widget\" data-widget_type=\"text-editor.default\">\n\t\t\t\t<div class=\"elementor-widget-container\">\n\t\t\t\t\t\t\t<p><a href=\"https:\/\/www.offertarapida.com\/lt\/prodotti\/\">Per\u017ei\u016br\u0117ti produktus<\/a><\/p>\t\t\t\t\t\t<\/div>\n\t\t\t\t<\/div>\n\t\t\t\t\t<\/div>\n\t\t<\/div>\n\t\t\t\t\t<\/div>\n\t\t<\/section>\n\t\t\t\t<section data-particle_enable=\"false\" data-particle-mobile-disabled=\"false\" class=\"elementor-section elementor-top-section elementor-element elementor-element-3c0fba7e elementor-section-boxed elementor-section-height-default elementor-section-height-default\" data-id=\"3c0fba7e\" data-element_type=\"section\">\n\t\t\t\t\t\t<div class=\"elementor-container elementor-column-gap-default\">\n\t\t\t\t\t<div class=\"elementor-column elementor-col-100 elementor-top-column elementor-element elementor-element-564c82f4\" data-id=\"564c82f4\" data-element_type=\"column\">\n\t\t\t<div class=\"elementor-widget-wrap elementor-element-populated\">\n\t\t\t\t\t\t<div class=\"elementor-element elementor-element-1295104d elementor-widget elementor-widget-heading\" data-id=\"1295104d\" data-element_type=\"widget\" data-widget_type=\"heading.default\">\n\t\t\t\t<div class=\"elementor-widget-container\">\n\t\t\t<h2 class=\"elementor-heading-title elementor-size-default\">Gr\u0105\u017einimo ir pinig\u0173 gr\u0105\u017einimo taisykl\u0117s<\/h2>\t\t<\/div>\n\t\t\t\t<\/div>\n\t\t\t\t<div class=\"elementor-element elementor-element-53c4a004 elementor-widget elementor-widget-text-editor\" data-id=\"53c4a004\" data-element_type=\"widget\" data-widget_type=\"text-editor.default\">\n\t\t\t\t<div class=\"elementor-widget-container\">\n\t\t\t\t\t\t\t<p><b>U\u017esakymo at\u0161aukimas<br \/><\/b>Visus u\u017esakymus galima at\u0161aukti iki i\u0161siuntimo. Jei u\u017esakymas jau apmok\u0117tas ir norite j\u012f pakeisti arba at\u0161aukti, turite susisiekti su mumis per 12 valand\u0173. Prasid\u0117jus pakavimo ir siuntimo procesui, jo at\u0161aukti nebe\u012fmanoma.<\/p><p><b>Gr\u0105\u017einamosios i\u0161mokos<br \/><\/b><span style=\"font-size: 14px; color: var( --e-global-color-text );\">J\u016bs\u0173 pasitenkinimas yra m\u016bs\u0173 prioritetas Nr. 1. Tod\u0117l galite pra\u0161yti gr\u0105\u017einti pinigus arba pakartotinai i\u0161si\u0173sti u\u017esakytus gaminius, jei: j\u0173 negaunate per garantuot\u0105 laik\u0105 (30 dien\u0173, i\u0161skyrus 2-5 dien\u0173 apdorojim\u0105) gaunate netinkam\u0105 gamin\u012f nenorite gauto gaminio (ta\u010diau turite gr\u0105\u017einti gamin\u012f savo s\u0105skaita ir jis turi b\u016bti nenaudotas).<br \/><\/span><span style=\"font-size: 14px; color: var( --e-global-color-text );\">Mes negr\u0105\u017einame pinig\u0173, jei: j\u016bs\u0173 u\u017esakymas neatvyksta d\u0117l nuo j\u016bs\u0173 priklausan\u010di\u0173 veiksni\u0173 (pvz., nurod\u0117te neteising\u0105 pristatymo adres\u0105) j\u016bs\u0173 u\u017esakymas neatvyksta d\u0117l i\u0161skirtini\u0173, nuo m\u016bs\u0173 nepriklausan\u010di\u0173 aplinkybi\u0173 (pvz., nepavyksta i\u0161muitinti, v\u0117luoja stichin\u0117 nelaim\u0117).<br \/><\/span><span style=\"color: var( --e-global-color-text ); font-size: 14px;\">*Gr\u0105\u017einimo pra\u0161ymus galite si\u0173sti per 15 dien\u0173 po pristatymo Tai galite padaryti si\u0173sdami \u017einut\u0119 adresu <a href=\"https:\/\/itapromo.com\/contattaci\">Susisiekite su mumis<\/a> .<br \/><\/span><span style=\"color: var( --e-global-color-text ); font-size: 14px;\">Jei jums bus patvirtintas gr\u0105\u017einimas, gr\u0105\u017einimas bus apdorotas ir kreditas bus automati\u0161kai pervestas \u012f j\u016bs\u0173 kredito kortel\u0119 arba pradin\u012f mok\u0117jimo b\u016bd\u0105 per 14 dien\u0173 nuo patvirtinimo.<\/span><\/p><p><b>Pakeitimai<br \/><\/b>Jei d\u0117l koki\u0173 nors prie\u017eas\u010di\u0173 norite pakeisti gamin\u012f, pavyzd\u017eiui, kito dyd\u017eio drabu\u017e\u012f. Pirmiausia turite susisiekti su mumis ir mes jums pad\u0117sime atlikti visus veiksmus. Nesi\u0173skite mums savo pirkinio atgal, nebent mes jums leisime tai padaryti.<\/p>\t\t\t\t\t\t<\/div>\n\t\t\t\t<\/div>\n\t\t\t\t\t<\/div>\n\t\t<\/div>\n\t\t\t\t\t<\/div>\n\t\t<\/section>\n\t\t\t\t<section data-particle_enable=\"false\" data-particle-mobile-disabled=\"false\" class=\"elementor-section elementor-top-section elementor-element elementor-element-3a2b5918 elementor-section-boxed elementor-section-height-default elementor-section-height-default\" data-id=\"3a2b5918\" data-element_type=\"section\" data-settings=\"{&quot;background_background&quot;:&quot;classic&quot;}\">\n\t\t\t\t\t\t<div class=\"elementor-container elementor-column-gap-default\">\n\t\t\t\t\t<div class=\"elementor-column elementor-col-25 elementor-top-column elementor-element elementor-element-5a7e158f\" data-id=\"5a7e158f\" data-element_type=\"column\">\n\t\t\t<div class=\"elementor-widget-wrap elementor-element-populated\">\n\t\t\t\t\t\t<div class=\"elementor-element elementor-element-2206e114 elementor-widget elementor-widget-image\" data-id=\"2206e114\" data-element_type=\"widget\" data-widget_type=\"image.default\">\n\t\t\t\t<div class=\"elementor-widget-container\">\n\t\t\t\t\t\t\t\t\t\t\t\t\t<img fetchpriority=\"high\" decoding=\"async\" width=\"750\" height=\"150\" src=\"https:\/\/www.offertarapida.com\/wp-content\/uploads\/2022\/01\/OFFERTA-RAPIDA.png\" class=\"attachment-large size-large wp-image-157\" alt=\"OFFERTA RAPIDA\" srcset=\"https:\/\/www.offertarapida.com\/wp-content\/uploads\/2022\/01\/OFFERTA-RAPIDA.png 1000w, https:\/\/www.offertarapida.com\/wp-content\/uploads\/2022\/01\/OFFERTA-RAPIDA-300x60.png 300w, https:\/\/www.offertarapida.com\/wp-content\/uploads\/2022\/01\/OFFERTA-RAPIDA-768x154.png 768w\" sizes=\"(max-width: 750px) 100vw, 750px\" style=\"width:100%;height:20%;max-width:1000px\" \/>\t\t\t\t\t\t\t\t\t\t\t\t\t<\/div>\n\t\t\t\t<\/div>\n\t\t\t\t<div class=\"elementor-element elementor-element-3f2a9b1 elementor-widget elementor-widget-text-editor\" data-id=\"3f2a9b1\" data-element_type=\"widget\" data-widget_type=\"text-editor.default\">\n\t\t\t\t<div class=\"elementor-widget-container\">\n\t\t\t\t\t\t\t<p>Saugus pirkinys.<\/p>\t\t\t\t\t\t<\/div>\n\t\t\t\t<\/div>\n\t\t\t\t<div class=\"elementor-element elementor-element-513ca182 elementor-widget elementor-widget-text-editor\" data-id=\"513ca182\" data-element_type=\"widget\" data-widget_type=\"text-editor.default\">\n\t\t\t\t<div class=\"elementor-widget-container\">\n\t\t\t\t\t\t\t<p>Mok\u0117jimas, kai jis bus pristatytas \u012f namus.<\/p>\t\t\t\t\t\t<\/div>\n\t\t\t\t<\/div>\n\t\t\t\t<div class=\"elementor-element elementor-element-1daddfa5 elementor-widget elementor-widget-image\" data-id=\"1daddfa5\" data-element_type=\"widget\" data-widget_type=\"image.default\">\n\t\t\t\t<div class=\"elementor-widget-container\">\n\t\t\t\t\t\t\t\t\t\t\t\t\t<img decoding=\"async\" width=\"750\" height=\"54\" src=\"https:\/\/www.offertarapida.com\/wp-content\/uploads\/2022\/01\/trustbadges.webp\" class=\"attachment-large size-large wp-image-161\" alt=\"\" srcset=\"https:\/\/www.offertarapida.com\/wp-content\/uploads\/2022\/01\/trustbadges.webp 944w, https:\/\/www.offertarapida.com\/wp-content\/uploads\/2022\/01\/trustbadges-300x22.webp 300w, https:\/\/www.offertarapida.com\/wp-content\/uploads\/2022\/01\/trustbadges-768x55.webp 768w\" sizes=\"(max-width: 750px) 100vw, 750px\" style=\"width:100%;height:7.2%;max-width:944px\" \/>\t\t\t\t\t\t\t\t\t\t\t\t\t<\/div>\n\t\t\t\t<\/div>\n\t\t\t\t\t<\/div>\n\t\t<\/div>\n\t\t\t\t<div class=\"elementor-column elementor-col-25 elementor-top-column elementor-element elementor-element-35fa6a22\" data-id=\"35fa6a22\" data-element_type=\"column\">\n\t\t\t<div class=\"elementor-widget-wrap elementor-element-populated\">\n\t\t\t\t\t\t<div class=\"elementor-element elementor-element-528eefb3 elementor-widget elementor-widget-heading\" data-id=\"528eefb3\" data-element_type=\"widget\" data-widget_type=\"heading.default\">\n\t\t\t\t<div class=\"elementor-widget-container\">\n\t\t\t<h2 class=\"elementor-heading-title elementor-size-default\">\u012emon\u0117s informacija<\/h2>\t\t<\/div>\n\t\t\t\t<\/div>\n\t\t\t\t<div class=\"elementor-element elementor-element-62bb2885 elementor-widget elementor-widget-text-editor\" data-id=\"62bb2885\" data-element_type=\"widget\" data-widget_type=\"text-editor.default\">\n\t\t\t\t<div class=\"elementor-widget-container\">\n\t\t\t\t\t\t\t<p><a href=\"https:\/\/www.offertarapida.com\/lt\/privacy-and-cookie-policy\/\">Privatumo ir slapuk\u0173 politika<\/a><\/p><p><a href=\"https:\/\/www.offertarapida.com\/lt\/cookie-policy\/\">Slapuk\u0173 politika<\/a><\/p><p><a href=\"https:\/\/www.offertarapida.com\/lt\/termini-e-condizioni\/\">Taisykl\u0117s ir s\u0105lygos<\/a><\/p>\t\t\t\t\t\t<\/div>\n\t\t\t\t<\/div>\n\t\t\t\t\t<\/div>\n\t\t<\/div>\n\t\t\t\t<div class=\"elementor-column elementor-col-25 elementor-top-column elementor-element elementor-element-76b7e0bf\" data-id=\"76b7e0bf\" data-element_type=\"column\">\n\t\t\t<div class=\"elementor-widget-wrap elementor-element-populated\">\n\t\t\t\t\t\t<div class=\"elementor-element elementor-element-1774ddb0 elementor-widget elementor-widget-heading\" data-id=\"1774ddb0\" data-element_type=\"widget\" data-widget_type=\"heading.default\">\n\t\t\t\t<div class=\"elementor-widget-container\">\n\t\t\t<h2 class=\"elementor-heading-title elementor-size-default\">U\u017esakymai ir patvirtinimai<\/h2>\t\t<\/div>\n\t\t\t\t<\/div>\n\t\t\t\t<div class=\"elementor-element elementor-element-11f456ef elementor-widget elementor-widget-text-editor\" data-id=\"11f456ef\" data-element_type=\"widget\" data-widget_type=\"text-editor.default\">\n\t\t\t\t<div class=\"elementor-widget-container\">\n\t\t\t\t\t\t\t<p><a href=\"https:\/\/grandi-sconti.com\/spedizione-e-consegna\">Pristatymas ir pristatymas<\/a><\/p><p><a href=\"https:\/\/grandi-sconti.com\/metodi-di-pagamento\">Mok\u0117jimo b\u016bdai<\/a><\/p><p><a href=\"https:\/\/grandi-sconti.com\/politiche-di-reso-e-rimborso\">Gr\u0105\u017einimas ir pinig\u0173 gr\u0105\u017einimas<\/a><\/p>\t\t\t\t\t\t<\/div>\n\t\t\t\t<\/div>\n\t\t\t\t\t<\/div>\n\t\t<\/div>\n\t\t\t\t<div class=\"elementor-column elementor-col-25 elementor-top-column elementor-element elementor-element-48ea7498\" data-id=\"48ea7498\" data-element_type=\"column\">\n\t\t\t<div class=\"elementor-widget-wrap elementor-element-populated\">\n\t\t\t\t\t\t<div class=\"elementor-element elementor-element-38605796 elementor-widget elementor-widget-heading\" data-id=\"38605796\" data-element_type=\"widget\" data-widget_type=\"heading.default\">\n\t\t\t\t<div class=\"elementor-widget-container\">\n\t\t\t<h2 class=\"elementor-heading-title elementor-size-default\">Klient\u0173 aptarnavimas<\/h2>\t\t<\/div>\n\t\t\t\t<\/div>\n\t\t\t\t<div class=\"elementor-element elementor-element-1bc41223 elementor-widget elementor-widget-text-editor\" data-id=\"1bc41223\" data-element_type=\"widget\" data-widget_type=\"text-editor.default\">\n\t\t\t\t<div class=\"elementor-widget-container\">\n\t\t\t\t\t\t\t<p><a href=\"https:\/\/www.offertarapida.com\/lt\/domande-frequenti\/\">DUK - Da\u017enai u\u017eduodami klausimai<\/a><\/p><p><a href=\"https:\/\/www.offertarapida.com\/lt\/contattaci\/\">Susisiekite su<\/a><\/p>\t\t\t\t\t\t<\/div>\n\t\t\t\t<\/div>\n\t\t\t\t\t<\/div>\n\t\t<\/div>\n\t\t\t\t\t<\/div>\n\t\t<\/section>\n\t\t\t\t<section data-particle_enable=\"false\" data-particle-mobile-disabled=\"false\" class=\"elementor-section elementor-top-section elementor-element elementor-element-68fb00b1 elementor-section-boxed elementor-section-height-default elementor-section-height-default\" data-id=\"68fb00b1\" data-element_type=\"section\" data-settings=\"{&quot;background_background&quot;:&quot;classic&quot;}\">\n\t\t\t\t\t\t<div class=\"elementor-container elementor-column-gap-default\">\n\t\t\t\t\t<div class=\"elementor-column elementor-col-100 elementor-top-column elementor-element elementor-element-7eb36160\" data-id=\"7eb36160\" data-element_type=\"column\">\n\t\t\t<div class=\"elementor-widget-wrap elementor-element-populated\">\n\t\t\t\t\t\t<div class=\"elementor-element elementor-element-2afc9731 elementor-widget elementor-widget-text-editor\" data-id=\"2afc9731\" data-element_type=\"widget\" data-widget_type=\"text-editor.default\">\n\t\t\t\t<div class=\"elementor-widget-container\">\n\t\t\t\t\t\t\t<p>[ENG] \"Facebook\" nenaudos vis\u0173 \u0161iame puslapyje surinkt\u0173 duomen\u0173 be rinkodaros tiksl\u0173. J\u016bs\u0173 duomenis naudosime tik siekdami sekti u\u017esakym\u0105 \"Cash On Delivery System\".<br \/><br \/>[ITA] Visi \u0161iame puslapyje surinkti duomenys nebus naudojami \"Facebook\" ir nebus naudojami rinkodaros tikslais. J\u016bs\u0173 duomenis naudosime tik u\u017esakymui sekti, kad gal\u0117tume atsiskaityti pagal mok\u0117jimo u\u017e pristatym\u0105 grynaisiais pinigais sistem\u0105.<br \/><br \/>\u0160i svetain\u0117 n\u0117ra \"Facebook\" svetain\u0117s ar \"Facebook Inc.\" dalis. Be to, \u0161i svetain\u0117 jokiu b\u016bdu N\u0116RA patvirtinta \"Facebook\". \"Facebook\" yra \"Facebook, Inc.\" prek\u0117s \u017eenklas.<\/p>\t\t\t\t\t\t<\/div>\n\t\t\t\t<\/div>\n\t\t\t\t<div class=\"elementor-element elementor-element-35d1fbe7 elementor-widget elementor-widget-text-editor\" data-id=\"35d1fbe7\" data-element_type=\"widget\" data-widget_type=\"text-editor.default\">\n\t\t\t\t<div class=\"elementor-widget-container\">\n\t\t\t\t\t\t\t<div class=\"footer-absolute-primary\">reklamuoti: P.IVA IT401262810 Via Aristotele 20218 Milano MI<\/div><div>Autorin\u0117s teis\u0117s 2021 m. Visos teis\u0117s saugomos\u00a0<\/div>\t\t\t\t\t\t<\/div>\n\t\t\t\t<\/div>\n\t\t\t\t<div class=\"elementor-element elementor-element-b2b2f3d elementor-widget elementor-widget-text-editor\" data-id=\"b2b2f3d\" data-element_type=\"widget\" data-widget_type=\"text-editor.default\">\n\t\t\t\t<div class=\"elementor-widget-container\">\n\t\t\t\t\t\t\t<div class=\"footer-absolute-secondary\">offertarapida.com<\/div>\t\t\t\t\t\t<\/div>\n\t\t\t\t<\/div>\n\t\t\t\t\t<\/div>\n\t\t<\/div>\n\t\t\t\t\t<\/div>\n\t\t<\/section>\n\t\t\t\t<\/div>","protected":false},"excerpt":{"rendered":"<p>Pagamento sicuro quando arriva a casa Cosa stai aspettando? Guarda i Prodotti Politiche di reso e rimborsi Annullamento ordineTutti gli ordini possono essere annullati fino alla spedizione. Se il tuo ordine \u00e8 stato pagato e devi modificarlo o annullarlo, devi contattarci entro 12 ore. Una volta avviato il processo di imballaggio e spedizione, non \u00e8&hellip; <a class=\"more-link\" href=\"https:\/\/www.offertarapida.com\/lt\/politiche-di-reso-e-rimborso\/\">T\u0119skite <span class=\"screen-reader-text\">politiche di reso e rimborso<\/span> skaitym\u0105<\/a><\/p>","protected":false},"author":1,"featured_media":0,"parent":0,"menu_order":0,"comment_status":"closed","ping_status":"closed","template":"elementor_canvas","meta":{"_acf_changed":false,"footnotes":""},"class_list":["post-250","page","type-page","status-publish","hentry","entry"],"acf":[],"_links":{"self":[{"href":"https:\/\/www.offertarapida.com\/lt\/wp-json\/wp\/v2\/pages\/250","targetHints":{"allow":["GET"]}}],"collection":[{"href":"https:\/\/www.offertarapida.com\/lt\/wp-json\/wp\/v2\/pages"}],"about":[{"href":"https:\/\/www.offertarapida.com\/lt\/wp-json\/wp\/v2\/types\/page"}],"author":[{"embeddable":true,"href":"https:\/\/www.offertarapida.com\/lt\/wp-json\/wp\/v2\/users\/1"}],"replies":[{"embeddable":true,"href":"https:\/\/www.offertarapida.com\/lt\/wp-json\/wp\/v2\/comments?post=250"}],"version-history":[{"count":4,"href":"https:\/\/www.offertarapida.com\/lt\/wp-json\/wp\/v2\/pages\/250\/revisions"}],"predecessor-version":[{"id":255,"href":"https:\/\/www.offertarapida.com\/lt\/wp-json\/wp\/v2\/pages\/250\/revisions\/255"}],"wp:attachment":[{"href":"https:\/\/www.offertarapida.com\/lt\/wp-json\/wp\/v2\/media?parent=250"}],"curies":[{"name":"wp","href":"https:\/\/api.w.org\/{rel}","templated":true}]}}