{"id":250,"date":"2022-01-23T01:27:37","date_gmt":"2022-01-23T01:27:37","guid":{"rendered":"https:\/\/www.offertarapida.com\/?page_id=250"},"modified":"2022-01-23T01:29:42","modified_gmt":"2022-01-23T01:29:42","slug":"politiche-di-reso-e-rimborso","status":"publish","type":"page","link":"https:\/\/www.offertarapida.com\/lv\/politiche-di-reso-e-rimborso\/","title":{"rendered":"politiche di reso e rimborso"},"content":{"rendered":"<div data-elementor-type=\"wp-page\" data-elementor-id=\"250\" class=\"elementor elementor-250\" data-elementor-post-type=\"page\">\n\t\t\t\t\t\t<section data-particle_enable=\"false\" data-particle-mobile-disabled=\"false\" class=\"elementor-section elementor-top-section elementor-element elementor-element-7ae61197 elementor-section-height-min-height elementor-section-boxed elementor-section-height-default elementor-section-items-middle\" data-id=\"7ae61197\" data-element_type=\"section\" data-settings=\"{&quot;background_background&quot;:&quot;classic&quot;}\">\n\t\t\t\t\t\t<div class=\"elementor-container elementor-column-gap-default\">\n\t\t\t\t\t<div class=\"elementor-column elementor-col-50 elementor-top-column elementor-element elementor-element-39ed903e\" data-id=\"39ed903e\" data-element_type=\"column\">\n\t\t\t<div class=\"elementor-widget-wrap elementor-element-populated\">\n\t\t\t\t\t\t<div class=\"elementor-element elementor-element-3d7a7654 elementor-nav-menu--dropdown-mobile elementor-nav-menu__text-align-aside elementor-nav-menu--toggle elementor-nav-menu--burger elementor-widget elementor-widget-nav-menu\" data-id=\"3d7a7654\" data-element_type=\"widget\" data-settings=\"{&quot;layout&quot;:&quot;horizontal&quot;,&quot;submenu_icon&quot;:{&quot;value&quot;:&quot;&lt;i class=\\&quot;fas fa-caret-down\\&quot;&gt;&lt;\\\/i&gt;&quot;,&quot;library&quot;:&quot;fa-solid&quot;},&quot;toggle&quot;:&quot;burger&quot;}\" data-widget_type=\"nav-menu.default\">\n\t\t\t\t<div class=\"elementor-widget-container\">\n\t\t\t\t\t\t<nav class=\"elementor-nav-menu--main elementor-nav-menu__container elementor-nav-menu--layout-horizontal e--pointer-background e--animation-fade\">\n\t\t\t\t<ul id=\"menu-1-3d7a7654\" class=\"elementor-nav-menu\"><li class=\"menu-item menu-item-type-custom menu-item-object-custom menu-item-151\"><a href=\"#vantaggi\" class=\"elementor-item elementor-item-anchor\">Priek\u0161roc\u012bbas<\/a><\/li>\n<li class=\"menu-item menu-item-type-custom menu-item-object-custom menu-item-152\"><a href=\"#prezzo\" class=\"elementor-item elementor-item-anchor\">Cena<\/a><\/li>\n<li class=\"menu-item menu-item-type-custom menu-item-object-custom menu-item-153\"><a href=\"#recensioni\" class=\"elementor-item elementor-item-anchor\">Atsauksmes<\/a><\/li>\n<li class=\"menu-item menu-item-type-custom menu-item-object-custom menu-item-154\"><a href=\"#ordinaora\" class=\"elementor-item elementor-item-anchor\">Pas\u016btiet tagad<\/a><\/li>\n<\/ul>\t\t\t<\/nav>\n\t\t\t\t\t<div class=\"elementor-menu-toggle\" role=\"button\" tabindex=\"0\" aria-label=\"Izv\u0113lnes p\u0101rsl\u0113gs\" aria-expanded=\"false\">\n\t\t\t<i aria-hidden=\"true\" role=\"presentation\" class=\"elementor-menu-toggle__icon--open eicon-menu-bar\"><\/i><i aria-hidden=\"true\" role=\"presentation\" class=\"elementor-menu-toggle__icon--close eicon-close\"><\/i>\t\t\t<span class=\"elementor-screen-only\">Izv\u0113lne<\/span>\n\t\t<\/div>\n\t\t\t\t\t<nav class=\"elementor-nav-menu--dropdown elementor-nav-menu__container\" aria-hidden=\"true\">\n\t\t\t\t<ul id=\"menu-2-3d7a7654\" class=\"elementor-nav-menu\"><li class=\"menu-item menu-item-type-custom menu-item-object-custom menu-item-151\"><a href=\"#vantaggi\" class=\"elementor-item elementor-item-anchor\" tabindex=\"-1\">Priek\u0161roc\u012bbas<\/a><\/li>\n<li class=\"menu-item menu-item-type-custom menu-item-object-custom menu-item-152\"><a href=\"#prezzo\" class=\"elementor-item elementor-item-anchor\" tabindex=\"-1\">Cena<\/a><\/li>\n<li class=\"menu-item menu-item-type-custom menu-item-object-custom menu-item-153\"><a href=\"#recensioni\" class=\"elementor-item elementor-item-anchor\" tabindex=\"-1\">Atsauksmes<\/a><\/li>\n<li class=\"menu-item menu-item-type-custom menu-item-object-custom menu-item-154\"><a href=\"#ordinaora\" class=\"elementor-item elementor-item-anchor\" tabindex=\"-1\">Pas\u016btiet tagad<\/a><\/li>\n<\/ul>\t\t\t<\/nav>\n\t\t\t\t<\/div>\n\t\t\t\t<\/div>\n\t\t\t\t\t<\/div>\n\t\t<\/div>\n\t\t\t\t<div class=\"elementor-column elementor-col-50 elementor-top-column elementor-element elementor-element-55b21c48\" data-id=\"55b21c48\" data-element_type=\"column\">\n\t\t\t<div class=\"elementor-widget-wrap elementor-element-populated\">\n\t\t\t\t\t\t<div class=\"elementor-element elementor-element-1ae50e92 elementor-align-right elementor-tablet-align-right elementor-icon-list--layout-traditional elementor-list-item-link-full_width elementor-widget elementor-widget-icon-list\" data-id=\"1ae50e92\" data-element_type=\"widget\" data-widget_type=\"icon-list.default\">\n\t\t\t\t<div class=\"elementor-widget-container\">\n\t\t\t\t\t<ul class=\"elementor-icon-list-items\">\n\t\t\t\t\t\t\t<li class=\"elementor-icon-list-item\">\n\t\t\t\t\t\t\t\t\t\t\t<span class=\"elementor-icon-list-icon\">\n\t\t\t\t\t\t\t<i aria-hidden=\"true\" class=\"fas fa-box-open\"><\/i>\t\t\t\t\t\t<\/span>\n\t\t\t\t\t\t\t\t\t\t<span class=\"elementor-icon-list-text\">Dro\u0161s maks\u0101jums, kad tas tiek nog\u0101d\u0101ts m\u0101j\u0101s<\/span>\n\t\t\t\t\t\t\t\t\t<\/li>\n\t\t\t\t\t\t<\/ul>\n\t\t\t\t<\/div>\n\t\t\t\t<\/div>\n\t\t\t\t\t<\/div>\n\t\t<\/div>\n\t\t\t\t\t<\/div>\n\t\t<\/section>\n\t\t\t\t<section data-particle_enable=\"false\" data-particle-mobile-disabled=\"false\" class=\"elementor-section elementor-top-section elementor-element elementor-element-2375df59 elementor-section-boxed elementor-section-height-default elementor-section-height-default\" data-id=\"2375df59\" data-element_type=\"section\" data-settings=\"{&quot;background_background&quot;:&quot;classic&quot;}\">\n\t\t\t\t\t\t<div class=\"elementor-container elementor-column-gap-default\">\n\t\t\t\t\t<div class=\"elementor-column elementor-col-33 elementor-top-column elementor-element elementor-element-6902bf8a\" data-id=\"6902bf8a\" data-element_type=\"column\">\n\t\t\t<div class=\"elementor-widget-wrap elementor-element-populated\">\n\t\t\t\t\t\t<div class=\"elementor-element elementor-element-7a989d2d elementor-widget elementor-widget-image\" data-id=\"7a989d2d\" data-element_type=\"widget\" data-widget_type=\"image.default\">\n\t\t\t\t<div class=\"elementor-widget-container\">\n\t\t\t\t\t\t\t\t\t\t\t\t\t\t<a href=\"https:\/\/grandi-sconti.com\">\n\t\t\t\t\t\t\t<img fetchpriority=\"high\" decoding=\"async\" width=\"750\" height=\"150\" src=\"https:\/\/www.offertarapida.com\/wp-content\/uploads\/2022\/01\/OFFERTA-RAPIDA.png\" class=\"attachment-large size-large wp-image-157\" alt=\"OFFERTA RAPIDA\" srcset=\"https:\/\/www.offertarapida.com\/wp-content\/uploads\/2022\/01\/OFFERTA-RAPIDA.png 1000w, https:\/\/www.offertarapida.com\/wp-content\/uploads\/2022\/01\/OFFERTA-RAPIDA-300x60.png 300w, https:\/\/www.offertarapida.com\/wp-content\/uploads\/2022\/01\/OFFERTA-RAPIDA-768x154.png 768w\" sizes=\"(max-width: 750px) 100vw, 750px\" style=\"width:100%;height:20%;max-width:1000px\" \/>\t\t\t\t\t\t\t\t<\/a>\n\t\t\t\t\t\t\t\t\t\t\t\t\t<\/div>\n\t\t\t\t<\/div>\n\t\t\t\t\t<\/div>\n\t\t<\/div>\n\t\t\t\t<div class=\"elementor-column elementor-col-33 elementor-top-column elementor-element elementor-element-4853bbc6\" data-id=\"4853bbc6\" data-element_type=\"column\">\n\t\t\t<div class=\"elementor-widget-wrap elementor-element-populated\">\n\t\t\t\t\t\t<div class=\"elementor-element elementor-element-7cba97cc elementor-search-form--skin-classic elementor-search-form--button-type-icon elementor-search-form--icon-search elementor-widget elementor-widget-search-form\" data-id=\"7cba97cc\" data-element_type=\"widget\" data-settings=\"{&quot;skin&quot;:&quot;classic&quot;}\" data-widget_type=\"search-form.default\">\n\t\t\t\t<div class=\"elementor-widget-container\">\n\t\t\t\t\t<search role=\"search\">\n\t\t\t<form class=\"elementor-search-form\" action=\"https:\/\/www.offertarapida.com\/lv\/\" method=\"get\" data-trp-original-action=\"https:\/\/www.offertarapida.com\/lv\">\n\t\t\t\t\t\t\t\t\t\t\t\t<div class=\"elementor-search-form__container\">\n\t\t\t\t\t<label class=\"elementor-screen-only\" for=\"elementor-search-form-7cba97cc\">Mekl\u0113\u0161ana<\/label>\n\n\t\t\t\t\t\n\t\t\t\t\t<input id=\"elementor-search-form-7cba97cc\" placeholder=\"\" class=\"elementor-search-form__input\" type=\"search\" name=\"s\" value=\"\">\n\t\t\t\t\t\n\t\t\t\t\t\t\t\t\t\t\t<button class=\"elementor-search-form__submit\" type=\"submit\" aria-label=\"Mekl\u0113\u0161ana\">\n\t\t\t\t\t\t\t\t\t\t\t\t\t\t\t<i aria-hidden=\"true\" class=\"fas fa-search\"><\/i>\t\t\t\t\t\t\t\t<span class=\"elementor-screen-only\">Mekl\u0113\u0161ana<\/span>\n\t\t\t\t\t\t\t\t\t\t\t\t\t<\/button>\n\t\t\t\t\t\n\t\t\t\t\t\t\t\t\t<\/div>\n\t\t\t<input type=\"hidden\" name=\"trp-form-language\" value=\"lv\"\/><\/form>\n\t\t<\/search>\n\t\t\t\t<\/div>\n\t\t\t\t<\/div>\n\t\t\t\t\t<\/div>\n\t\t<\/div>\n\t\t\t\t<div class=\"elementor-column elementor-col-33 elementor-top-column elementor-element elementor-element-60731024\" data-id=\"60731024\" data-element_type=\"column\">\n\t\t\t<div class=\"elementor-widget-wrap elementor-element-populated\">\n\t\t\t\t\t\t<div class=\"elementor-element elementor-element-7434d9b3 elementor-widget elementor-widget-text-editor\" data-id=\"7434d9b3\" data-element_type=\"widget\" data-widget_type=\"text-editor.default\">\n\t\t\t\t<div class=\"elementor-widget-container\">\n\t\t\t\t\t\t\t<p>Ko j\u016bs gaid\u0101t?<\/p>\t\t\t\t\t\t<\/div>\n\t\t\t\t<\/div>\n\t\t\t\t<div class=\"elementor-element elementor-element-a3342ef elementor-widget elementor-widget-text-editor\" data-id=\"a3342ef\" data-element_type=\"widget\" data-widget_type=\"text-editor.default\">\n\t\t\t\t<div class=\"elementor-widget-container\">\n\t\t\t\t\t\t\t<p><a href=\"https:\/\/www.offertarapida.com\/lv\/prodotti\/\">Apskat\u012bt produktus<\/a><\/p>\t\t\t\t\t\t<\/div>\n\t\t\t\t<\/div>\n\t\t\t\t\t<\/div>\n\t\t<\/div>\n\t\t\t\t\t<\/div>\n\t\t<\/section>\n\t\t\t\t<section data-particle_enable=\"false\" data-particle-mobile-disabled=\"false\" class=\"elementor-section elementor-top-section elementor-element elementor-element-3c0fba7e elementor-section-boxed elementor-section-height-default elementor-section-height-default\" data-id=\"3c0fba7e\" data-element_type=\"section\">\n\t\t\t\t\t\t<div class=\"elementor-container elementor-column-gap-default\">\n\t\t\t\t\t<div class=\"elementor-column elementor-col-100 elementor-top-column elementor-element elementor-element-564c82f4\" data-id=\"564c82f4\" data-element_type=\"column\">\n\t\t\t<div class=\"elementor-widget-wrap elementor-element-populated\">\n\t\t\t\t\t\t<div class=\"elementor-element elementor-element-1295104d elementor-widget elementor-widget-heading\" data-id=\"1295104d\" data-element_type=\"widget\" data-widget_type=\"heading.default\">\n\t\t\t\t<div class=\"elementor-widget-container\">\n\t\t\t<h2 class=\"elementor-heading-title elementor-size-default\">Atgrie\u0161anas un atmaksas noteikumi<\/h2>\t\t<\/div>\n\t\t\t\t<\/div>\n\t\t\t\t<div class=\"elementor-element elementor-element-53c4a004 elementor-widget elementor-widget-text-editor\" data-id=\"53c4a004\" data-element_type=\"widget\" data-widget_type=\"text-editor.default\">\n\t\t\t\t<div class=\"elementor-widget-container\">\n\t\t\t\t\t\t\t<p><b>Pas\u016bt\u012bjuma atcel\u0161ana<br \/><\/b>Visus pas\u016bt\u012bjumus var atcelt l\u012bdz nos\u016bt\u012b\u0161anai. Ja j\u016bsu pas\u016bt\u012bjums ir apmaks\u0101ts un jums nepiecie\u0161ams to main\u012bt vai atcelt, jums j\u0101sazin\u0101s ar mums 12 stundu laik\u0101. Tikl\u012bdz ir s\u0101cies iepako\u0161anas un nos\u016bt\u012b\u0161anas process, to vairs nav iesp\u0113jams atcelt.<\/p><p><b>Kompens\u0101cijas<br \/><\/b><span style=\"font-size: 14px; color: var( --e-global-color-text );\">J\u016bsu apmierin\u0101t\u012bba ir m\u016bsu priorit\u0101te Nr. 1. T\u0101p\u0113c j\u016bs varat piepras\u012bt atmaks\u0101t naudu vai atk\u0101rtoti nos\u016bt\u012bt pas\u016bt\u012btos produktus, ja: j\u016bs tos nesa\u0146emat garant\u0113taj\u0101 laik\u0101 (30 dienu laik\u0101, iz\u0146emot 2-5 dienu apstr\u0101des laiku) j\u016bs sa\u0146emat nepareizo preci j\u016bs nev\u0113laties sa\u0146emto produktu (bet jums prece ir j\u0101nos\u016bta atpaka\u013c uz sava r\u0113\u0137ina, un precei j\u0101b\u016bt neizmantotai).<br \/><\/span><span style=\"font-size: 14px; color: var( --e-global-color-text );\">M\u0113s nepie\u0161\u0137irsim kompens\u0101ciju, ja: j\u016bsu pas\u016bt\u012bjums nav sa\u0146emts no jums atkar\u012bgu iemeslu d\u0113\u013c (piem\u0113ram, nepareizas pieg\u0101des adreses nor\u0101d\u012b\u0161ana) j\u016bsu pas\u016bt\u012bjums nav sa\u0146emts \u0101rk\u0101rtas apst\u0101k\u013cu d\u0113\u013c, kas ir \u0101rpus m\u016bsu kontroles (piem\u0113ram, muitas kontroles neveik\u0161ana, dabas katastrofas izrais\u012bta kav\u0113\u0161an\u0101s).<br \/><\/span><span style=\"color: var( --e-global-color-text ); font-size: 14px;\">*Atmaksas piepras\u012bjumus varat s\u016bt\u012bt 15 dienu laik\u0101 p\u0113c pieg\u0101des To varat izdar\u012bt, nos\u016btot zi\u0146u uz \u0161\u0101du adresi. <a href=\"https:\/\/itapromo.com\/contattaci\">Sazinieties ar mums<\/a> .<br \/><\/span><span style=\"color: var( --e-global-color-text ); font-size: 14px;\">Ja jums tiks apstiprin\u0101ta atmaksa, t\u0101 tiks apstr\u0101d\u0101ta un kred\u012bts tiks autom\u0101tiski p\u0101rskait\u012bts uz j\u016bsu kred\u012btkarti vai s\u0101kotn\u0113jo maks\u0101juma metodi 14 dienu laik\u0101 p\u0113c apstiprin\u0101\u0161anas.<\/span><\/p><p><b>Izmai\u0146as<br \/><\/b>Ja k\u0101da iemesla d\u0113\u013c v\u0113laties apmain\u012bt izstr\u0101d\u0101jumu, piem\u0113ram, pret cita izm\u0113ra ap\u0123\u0113rbu. Vispirms sazinieties ar mums, un m\u0113s jums pal\u012bdz\u0113sim. L\u016bdzu, nes\u016btiet mums atpaka\u013c savu pirkumu, ja vien m\u0113s jums to neat\u013caujam.<\/p>\t\t\t\t\t\t<\/div>\n\t\t\t\t<\/div>\n\t\t\t\t\t<\/div>\n\t\t<\/div>\n\t\t\t\t\t<\/div>\n\t\t<\/section>\n\t\t\t\t<section data-particle_enable=\"false\" data-particle-mobile-disabled=\"false\" class=\"elementor-section elementor-top-section elementor-element elementor-element-3a2b5918 elementor-section-boxed elementor-section-height-default elementor-section-height-default\" data-id=\"3a2b5918\" data-element_type=\"section\" data-settings=\"{&quot;background_background&quot;:&quot;classic&quot;}\">\n\t\t\t\t\t\t<div class=\"elementor-container elementor-column-gap-default\">\n\t\t\t\t\t<div class=\"elementor-column elementor-col-25 elementor-top-column elementor-element elementor-element-5a7e158f\" data-id=\"5a7e158f\" data-element_type=\"column\">\n\t\t\t<div class=\"elementor-widget-wrap elementor-element-populated\">\n\t\t\t\t\t\t<div class=\"elementor-element elementor-element-2206e114 elementor-widget elementor-widget-image\" data-id=\"2206e114\" data-element_type=\"widget\" data-widget_type=\"image.default\">\n\t\t\t\t<div class=\"elementor-widget-container\">\n\t\t\t\t\t\t\t\t\t\t\t\t\t<img fetchpriority=\"high\" decoding=\"async\" width=\"750\" height=\"150\" src=\"https:\/\/www.offertarapida.com\/wp-content\/uploads\/2022\/01\/OFFERTA-RAPIDA.png\" class=\"attachment-large size-large wp-image-157\" alt=\"OFFERTA RAPIDA\" srcset=\"https:\/\/www.offertarapida.com\/wp-content\/uploads\/2022\/01\/OFFERTA-RAPIDA.png 1000w, https:\/\/www.offertarapida.com\/wp-content\/uploads\/2022\/01\/OFFERTA-RAPIDA-300x60.png 300w, https:\/\/www.offertarapida.com\/wp-content\/uploads\/2022\/01\/OFFERTA-RAPIDA-768x154.png 768w\" sizes=\"(max-width: 750px) 100vw, 750px\" style=\"width:100%;height:20%;max-width:1000px\" \/>\t\t\t\t\t\t\t\t\t\t\t\t\t<\/div>\n\t\t\t\t<\/div>\n\t\t\t\t<div class=\"elementor-element elementor-element-3f2a9b1 elementor-widget elementor-widget-text-editor\" data-id=\"3f2a9b1\" data-element_type=\"widget\" data-widget_type=\"text-editor.default\">\n\t\t\t\t<div class=\"elementor-widget-container\">\n\t\t\t\t\t\t\t<p>Dro\u0161s pirkums.<\/p>\t\t\t\t\t\t<\/div>\n\t\t\t\t<\/div>\n\t\t\t\t<div class=\"elementor-element elementor-element-513ca182 elementor-widget elementor-widget-text-editor\" data-id=\"513ca182\" data-element_type=\"widget\" data-widget_type=\"text-editor.default\">\n\t\t\t\t<div class=\"elementor-widget-container\">\n\t\t\t\t\t\t\t<p>Maks\u0101jums, kad tas tiek nog\u0101d\u0101ts m\u0101j\u0101s.<\/p>\t\t\t\t\t\t<\/div>\n\t\t\t\t<\/div>\n\t\t\t\t<div class=\"elementor-element elementor-element-1daddfa5 elementor-widget elementor-widget-image\" data-id=\"1daddfa5\" data-element_type=\"widget\" data-widget_type=\"image.default\">\n\t\t\t\t<div class=\"elementor-widget-container\">\n\t\t\t\t\t\t\t\t\t\t\t\t\t<img decoding=\"async\" width=\"750\" height=\"54\" src=\"https:\/\/www.offertarapida.com\/wp-content\/uploads\/2022\/01\/trustbadges.webp\" class=\"attachment-large size-large wp-image-161\" alt=\"\" srcset=\"https:\/\/www.offertarapida.com\/wp-content\/uploads\/2022\/01\/trustbadges.webp 944w, https:\/\/www.offertarapida.com\/wp-content\/uploads\/2022\/01\/trustbadges-300x22.webp 300w, https:\/\/www.offertarapida.com\/wp-content\/uploads\/2022\/01\/trustbadges-768x55.webp 768w\" sizes=\"(max-width: 750px) 100vw, 750px\" style=\"width:100%;height:7.2%;max-width:944px\" \/>\t\t\t\t\t\t\t\t\t\t\t\t\t<\/div>\n\t\t\t\t<\/div>\n\t\t\t\t\t<\/div>\n\t\t<\/div>\n\t\t\t\t<div class=\"elementor-column elementor-col-25 elementor-top-column elementor-element elementor-element-35fa6a22\" data-id=\"35fa6a22\" data-element_type=\"column\">\n\t\t\t<div class=\"elementor-widget-wrap elementor-element-populated\">\n\t\t\t\t\t\t<div class=\"elementor-element elementor-element-528eefb3 elementor-widget elementor-widget-heading\" data-id=\"528eefb3\" data-element_type=\"widget\" data-widget_type=\"heading.default\">\n\t\t\t\t<div class=\"elementor-widget-container\">\n\t\t\t<h2 class=\"elementor-heading-title elementor-size-default\">Korporat\u012bv\u0101 inform\u0101cija<\/h2>\t\t<\/div>\n\t\t\t\t<\/div>\n\t\t\t\t<div class=\"elementor-element elementor-element-62bb2885 elementor-widget elementor-widget-text-editor\" data-id=\"62bb2885\" data-element_type=\"widget\" data-widget_type=\"text-editor.default\">\n\t\t\t\t<div class=\"elementor-widget-container\">\n\t\t\t\t\t\t\t<p><a href=\"https:\/\/www.offertarapida.com\/lv\/privacy-and-cookie-policy\/\">Konfidencialit\u0101tes un s\u012bkfailu politika<\/a><\/p><p><a href=\"https:\/\/www.offertarapida.com\/lv\/cookie-policy\/\">S\u012bkfailu politika<\/a><\/p><p><a href=\"https:\/\/www.offertarapida.com\/lv\/termini-e-condizioni\/\">Noteikumi un nosac\u012bjumi<\/a><\/p>\t\t\t\t\t\t<\/div>\n\t\t\t\t<\/div>\n\t\t\t\t\t<\/div>\n\t\t<\/div>\n\t\t\t\t<div class=\"elementor-column elementor-col-25 elementor-top-column elementor-element elementor-element-76b7e0bf\" data-id=\"76b7e0bf\" data-element_type=\"column\">\n\t\t\t<div class=\"elementor-widget-wrap elementor-element-populated\">\n\t\t\t\t\t\t<div class=\"elementor-element elementor-element-1774ddb0 elementor-widget elementor-widget-heading\" data-id=\"1774ddb0\" data-element_type=\"widget\" data-widget_type=\"heading.default\">\n\t\t\t\t<div class=\"elementor-widget-container\">\n\t\t\t<h2 class=\"elementor-heading-title elementor-size-default\">Pas\u016bt\u012bjumi un apstiprin\u0101jumi<\/h2>\t\t<\/div>\n\t\t\t\t<\/div>\n\t\t\t\t<div class=\"elementor-element elementor-element-11f456ef elementor-widget elementor-widget-text-editor\" data-id=\"11f456ef\" data-element_type=\"widget\" data-widget_type=\"text-editor.default\">\n\t\t\t\t<div class=\"elementor-widget-container\">\n\t\t\t\t\t\t\t<p><a href=\"https:\/\/grandi-sconti.com\/spedizione-e-consegna\">Pieg\u0101de un pieg\u0101de<\/a><\/p><p><a href=\"https:\/\/grandi-sconti.com\/metodi-di-pagamento\">Maks\u0101jumu metodes<\/a><\/p><p><a href=\"https:\/\/grandi-sconti.com\/politiche-di-reso-e-rimborso\">Atgrie\u0161ana un atmaksa<\/a><\/p>\t\t\t\t\t\t<\/div>\n\t\t\t\t<\/div>\n\t\t\t\t\t<\/div>\n\t\t<\/div>\n\t\t\t\t<div class=\"elementor-column elementor-col-25 elementor-top-column elementor-element elementor-element-48ea7498\" data-id=\"48ea7498\" data-element_type=\"column\">\n\t\t\t<div class=\"elementor-widget-wrap elementor-element-populated\">\n\t\t\t\t\t\t<div class=\"elementor-element elementor-element-38605796 elementor-widget elementor-widget-heading\" data-id=\"38605796\" data-element_type=\"widget\" data-widget_type=\"heading.default\">\n\t\t\t\t<div class=\"elementor-widget-container\">\n\t\t\t<h2 class=\"elementor-heading-title elementor-size-default\">Klientu apr\u016bpe<\/h2>\t\t<\/div>\n\t\t\t\t<\/div>\n\t\t\t\t<div class=\"elementor-element elementor-element-1bc41223 elementor-widget elementor-widget-text-editor\" data-id=\"1bc41223\" data-element_type=\"widget\" data-widget_type=\"text-editor.default\">\n\t\t\t\t<div class=\"elementor-widget-container\">\n\t\t\t\t\t\t\t<p><a href=\"https:\/\/www.offertarapida.com\/lv\/domande-frequenti\/\">Bie\u017e\u0101k uzdotie jaut\u0101jumi - bie\u017ei uzdotie jaut\u0101jumi<\/a><\/p><p><a href=\"https:\/\/www.offertarapida.com\/lv\/contattaci\/\">Sazinieties ar<\/a><\/p>\t\t\t\t\t\t<\/div>\n\t\t\t\t<\/div>\n\t\t\t\t\t<\/div>\n\t\t<\/div>\n\t\t\t\t\t<\/div>\n\t\t<\/section>\n\t\t\t\t<section data-particle_enable=\"false\" data-particle-mobile-disabled=\"false\" class=\"elementor-section elementor-top-section elementor-element elementor-element-68fb00b1 elementor-section-boxed elementor-section-height-default elementor-section-height-default\" data-id=\"68fb00b1\" data-element_type=\"section\" data-settings=\"{&quot;background_background&quot;:&quot;classic&quot;}\">\n\t\t\t\t\t\t<div class=\"elementor-container elementor-column-gap-default\">\n\t\t\t\t\t<div class=\"elementor-column elementor-col-100 elementor-top-column elementor-element elementor-element-7eb36160\" data-id=\"7eb36160\" data-element_type=\"column\">\n\t\t\t<div class=\"elementor-widget-wrap elementor-element-populated\">\n\t\t\t\t\t\t<div class=\"elementor-element elementor-element-2afc9731 elementor-widget elementor-widget-text-editor\" data-id=\"2afc9731\" data-element_type=\"widget\" data-widget_type=\"text-editor.default\">\n\t\t\t\t<div class=\"elementor-widget-container\">\n\t\t\t\t\t\t\t<p>[ENG] Visi \u0161aj\u0101 lap\u0101 apkopotie dati netiks izmantoti Facebook un bez m\u0101rketinga nol\u016bkiem. M\u0113s izmantosim j\u016bsu datus tikai, lai izsekotu pas\u016bt\u012bjumu par skaidras naudas pieg\u0101di.<br \/><br \/>[ITA] Visus \u0161aj\u0101 lap\u0101 apkopotos datus Facebook neizmantos bez m\u0101rketinga nol\u016bkiem. M\u0113s izmantosim j\u016bsu datus tikai, lai izsekotu pas\u016bt\u012bjumu, kas iesniegts, izmantojot maks\u0101jumu sist\u0113mu, kas darbojas ar skaidras naudas pieg\u0101di.<br \/><br \/>\u0160\u012b vietne nav da\u013ca no Facebook t\u012bmek\u013ca vietnes vai Facebook Inc. Turkl\u0101t \u0161o vietni nek\u0101d\u0101 veid\u0101 NAV atbalst\u012bjis Facebook. Facebook ir Facebook, Inc. pre\u010du z\u012bme.<\/p>\t\t\t\t\t\t<\/div>\n\t\t\t\t<\/div>\n\t\t\t\t<div class=\"elementor-element elementor-element-35d1fbe7 elementor-widget elementor-widget-text-editor\" data-id=\"35d1fbe7\" data-element_type=\"widget\" data-widget_type=\"text-editor.default\">\n\t\t\t\t<div class=\"elementor-widget-container\">\n\t\t\t\t\t\t\t<div class=\"footer-absolute-primary\">rekl\u0101ma uz\u0146\u0113muma v\u0101rd\u0101: FASLEAD SRL P.IVA IT401262810 Via Aristotele 20218 Milano MI<\/div><div>Autorties\u012bbas 2021. Visas ties\u012bbas aizsarg\u0101tas\u00a0<\/div>\t\t\t\t\t\t<\/div>\n\t\t\t\t<\/div>\n\t\t\t\t<div class=\"elementor-element elementor-element-b2b2f3d elementor-widget elementor-widget-text-editor\" data-id=\"b2b2f3d\" data-element_type=\"widget\" data-widget_type=\"text-editor.default\">\n\t\t\t\t<div class=\"elementor-widget-container\">\n\t\t\t\t\t\t\t<div class=\"footer-absolute-secondary\">offertarapida.com<\/div>\t\t\t\t\t\t<\/div>\n\t\t\t\t<\/div>\n\t\t\t\t\t<\/div>\n\t\t<\/div>\n\t\t\t\t\t<\/div>\n\t\t<\/section>\n\t\t\t\t<\/div>","protected":false},"excerpt":{"rendered":"<p>Pagamento sicuro quando arriva a casa Cosa stai aspettando? Guarda i Prodotti Politiche di reso e rimborsi Annullamento ordineTutti gli ordini possono essere annullati fino alla spedizione. Se il tuo ordine \u00e8 stato pagato e devi modificarlo o annullarlo, devi contattarci entro 12 ore. Una volta avviato il processo di imballaggio e spedizione, non \u00e8&hellip; <a class=\"more-link\" href=\"https:\/\/www.offertarapida.com\/lv\/politiche-di-reso-e-rimborso\/\">Turpiniet las\u012bt <span class=\"screen-reader-text\">politiche di reso e rimborso<\/span><\/a><\/p>","protected":false},"author":1,"featured_media":0,"parent":0,"menu_order":0,"comment_status":"closed","ping_status":"closed","template":"elementor_canvas","meta":{"_acf_changed":false,"footnotes":""},"class_list":["post-250","page","type-page","status-publish","hentry","entry"],"acf":[],"_links":{"self":[{"href":"https:\/\/www.offertarapida.com\/lv\/wp-json\/wp\/v2\/pages\/250","targetHints":{"allow":["GET"]}}],"collection":[{"href":"https:\/\/www.offertarapida.com\/lv\/wp-json\/wp\/v2\/pages"}],"about":[{"href":"https:\/\/www.offertarapida.com\/lv\/wp-json\/wp\/v2\/types\/page"}],"author":[{"embeddable":true,"href":"https:\/\/www.offertarapida.com\/lv\/wp-json\/wp\/v2\/users\/1"}],"replies":[{"embeddable":true,"href":"https:\/\/www.offertarapida.com\/lv\/wp-json\/wp\/v2\/comments?post=250"}],"version-history":[{"count":4,"href":"https:\/\/www.offertarapida.com\/lv\/wp-json\/wp\/v2\/pages\/250\/revisions"}],"predecessor-version":[{"id":255,"href":"https:\/\/www.offertarapida.com\/lv\/wp-json\/wp\/v2\/pages\/250\/revisions\/255"}],"wp:attachment":[{"href":"https:\/\/www.offertarapida.com\/lv\/wp-json\/wp\/v2\/media?parent=250"}],"curies":[{"name":"wp","href":"https:\/\/api.w.org\/{rel}","templated":true}]}}