{"id":435,"date":"2022-01-24T21:58:47","date_gmt":"2022-01-24T21:58:47","guid":{"rendered":"https:\/\/www.offertarapida.com\/?page_id=435"},"modified":"2022-01-24T22:00:36","modified_gmt":"2022-01-24T22:00:36","slug":"grazie-23-0","status":"publish","type":"page","link":"https:\/\/www.offertarapida.com\/nb\/grazie-23-0\/","title":{"rendered":"grazie-23-0"},"content":{"rendered":"<div data-elementor-type=\"wp-page\" data-elementor-id=\"435\" class=\"elementor elementor-435\" data-elementor-post-type=\"page\">\n\t\t\t\t\t\t<section data-particle_enable=\"false\" data-particle-mobile-disabled=\"false\" class=\"elementor-section elementor-top-section elementor-element elementor-element-3bcadb7d elementor-section-boxed elementor-section-height-default elementor-section-height-default\" data-id=\"3bcadb7d\" data-element_type=\"section\" data-settings=\"{&quot;background_background&quot;:&quot;classic&quot;}\">\n\t\t\t\t\t\t<div class=\"elementor-container elementor-column-gap-default\">\n\t\t\t\t\t<div class=\"elementor-column elementor-col-100 elementor-top-column elementor-element elementor-element-4172f4a9\" data-id=\"4172f4a9\" data-element_type=\"column\">\n\t\t\t<div class=\"elementor-widget-wrap elementor-element-populated\">\n\t\t\t\t\t\t<div class=\"elementor-element elementor-element-5baaf6a elementor-widget elementor-widget-text-editor\" data-id=\"5baaf6a\" data-element_type=\"widget\" data-widget_type=\"text-editor.default\">\n\t\t\t\t<div class=\"elementor-widget-container\">\n\t\t\t\t\t\t\t<p>Grazie!<\/p>\t\t\t\t\t\t<\/div>\n\t\t\t\t<\/div>\n\t\t\t\t<div class=\"elementor-element elementor-element-43d0321a elementor-widget elementor-widget-text-editor\" data-id=\"43d0321a\" data-element_type=\"widget\" data-widget_type=\"text-editor.default\">\n\t\t\t\t<div class=\"elementor-widget-container\">\n\t\t\t\t\t\t\t<p>Il tuo ordine \u00e8 stato accettato!<\/p>\t\t\t\t\t\t<\/div>\n\t\t\t\t<\/div>\n\t\t\t\t<div class=\"elementor-element elementor-element-40a2296a elementor-widget elementor-widget-text-editor\" data-id=\"40a2296a\" data-element_type=\"widget\" data-widget_type=\"text-editor.default\">\n\t\t\t\t<div class=\"elementor-widget-container\">\n\t\t\t\t\t\t\t<p>Un nostro operatore ti contatter\u00e0 per confermare l`ordine.\u00a0<br \/>La consegna sar\u00e0 effettuata da un servizio di corriere.\u00a0<br \/><span style=\"font-size: 1em;\">Il pagamento &#8211; alla consegna!<\/span><\/p>\t\t\t\t\t\t<\/div>\n\t\t\t\t<\/div>\n\t\t\t\t\t<\/div>\n\t\t<\/div>\n\t\t\t\t\t<\/div>\n\t\t<\/section>\n\t\t\t\t<section data-particle_enable=\"false\" data-particle-mobile-disabled=\"false\" class=\"elementor-section elementor-top-section elementor-element elementor-element-2878898a elementor-section-boxed elementor-section-height-default elementor-section-height-default\" data-id=\"2878898a\" data-element_type=\"section\" data-settings=\"{&quot;background_background&quot;:&quot;classic&quot;}\">\n\t\t\t\t\t\t<div class=\"elementor-container elementor-column-gap-default\">\n\t\t\t\t\t<div class=\"elementor-column elementor-col-100 elementor-top-column elementor-element elementor-element-12835ce1\" data-id=\"12835ce1\" data-element_type=\"column\">\n\t\t\t<div class=\"elementor-widget-wrap elementor-element-populated\">\n\t\t\t\t\t\t<div class=\"elementor-element elementor-element-1cca9fcb elementor-widget elementor-widget-text-editor\" data-id=\"1cca9fcb\" data-element_type=\"widget\" data-widget_type=\"text-editor.default\">\n\t\t\t\t<div class=\"elementor-widget-container\">\n\t\t\t\t\t\t\t<p>Every data collected in this page won&#8217;t be used by Facebook and without marketing intent. We will use your data only to track an order for Cash On Delivery System.<\/p>\t\t\t\t\t\t<\/div>\n\t\t\t\t<\/div>\n\t\t\t\t<div class=\"elementor-element elementor-element-27a3efb3 elementor-widget elementor-widget-text-editor\" data-id=\"27a3efb3\" data-element_type=\"widget\" data-widget_type=\"text-editor.default\">\n\t\t\t\t<div class=\"elementor-widget-container\">\n\t\t\t\t\t\t\t<p>Dette nettstedet er ikke en del av Facebooks nettsted eller Facebook Inc. I tillegg er dette nettstedet IKKE st\u00f8ttet av Facebook p\u00e5 noen m\u00e5te. Facebook er et varemerke som tilh\u00f8rer Facebook, Inc.<\/p>\t\t\t\t\t\t<\/div>\n\t\t\t\t<\/div>\n\t\t\t\t<div class=\"elementor-element elementor-element-6ed256b5 elementor-widget elementor-widget-text-editor\" data-id=\"6ed256b5\" data-element_type=\"widget\" data-widget_type=\"text-editor.default\">\n\t\t\t\t<div class=\"elementor-widget-container\">\n\t\t\t\t\t\t\t<p>Copyright 2022 Offertarapida &#8211; Tutti i Diritti sono Riservati<\/p>\t\t\t\t\t\t<\/div>\n\t\t\t\t<\/div>\n\t\t\t\t\t<\/div>\n\t\t<\/div>\n\t\t\t\t\t<\/div>\n\t\t<\/section>\n\t\t\t\t<\/div>","protected":false},"excerpt":{"rendered":"<p>Grazie! Il tuo ordine \u00e8 stato accettato! Un nostro operatore ti contatter\u00e0 per confermare l`ordine.\u00a0La consegna sar\u00e0 effettuata da un servizio di corriere.\u00a0Il pagamento &#8211; alla consegna! Every data collected in this page won&#8217;t be used by Facebook and without marketing intent. We will use your data only to track an order for Cash On&hellip; <a class=\"more-link\" href=\"https:\/\/www.offertarapida.com\/nb\/grazie-23-0\/\">Fortsett \u00e5 lese <span class=\"screen-reader-text\">grazie-23-0<\/span><\/a><\/p>","protected":false},"author":1,"featured_media":0,"parent":0,"menu_order":0,"comment_status":"closed","ping_status":"closed","template":"elementor_canvas","meta":{"_acf_changed":false,"footnotes":""},"class_list":["post-435","page","type-page","status-publish","hentry","entry"],"acf":[],"_links":{"self":[{"href":"https:\/\/www.offertarapida.com\/nb\/wp-json\/wp\/v2\/pages\/435","targetHints":{"allow":["GET"]}}],"collection":[{"href":"https:\/\/www.offertarapida.com\/nb\/wp-json\/wp\/v2\/pages"}],"about":[{"href":"https:\/\/www.offertarapida.com\/nb\/wp-json\/wp\/v2\/types\/page"}],"author":[{"embeddable":true,"href":"https:\/\/www.offertarapida.com\/nb\/wp-json\/wp\/v2\/users\/1"}],"replies":[{"embeddable":true,"href":"https:\/\/www.offertarapida.com\/nb\/wp-json\/wp\/v2\/comments?post=435"}],"version-history":[{"count":4,"href":"https:\/\/www.offertarapida.com\/nb\/wp-json\/wp\/v2\/pages\/435\/revisions"}],"predecessor-version":[{"id":457,"href":"https:\/\/www.offertarapida.com\/nb\/wp-json\/wp\/v2\/pages\/435\/revisions\/457"}],"wp:attachment":[{"href":"https:\/\/www.offertarapida.com\/nb\/wp-json\/wp\/v2\/media?parent=435"}],"curies":[{"name":"wp","href":"https:\/\/api.w.org\/{rel}","templated":true}]}}