{"id":250,"date":"2022-01-23T01:27:37","date_gmt":"2022-01-23T01:27:37","guid":{"rendered":"https:\/\/www.offertarapida.com\/?page_id=250"},"modified":"2022-01-23T01:29:42","modified_gmt":"2022-01-23T01:29:42","slug":"politiche-di-reso-e-rimborso","status":"publish","type":"page","link":"https:\/\/www.offertarapida.com\/pt\/politiche-di-reso-e-rimborso\/","title":{"rendered":"politiche di reso e rimborso"},"content":{"rendered":"<div data-elementor-type=\"wp-page\" data-elementor-id=\"250\" class=\"elementor elementor-250\" data-elementor-post-type=\"page\">\n\t\t\t\t\t\t<section data-particle_enable=\"false\" data-particle-mobile-disabled=\"false\" class=\"elementor-section elementor-top-section elementor-element elementor-element-7ae61197 elementor-section-height-min-height elementor-section-boxed elementor-section-height-default elementor-section-items-middle\" data-id=\"7ae61197\" data-element_type=\"section\" data-settings=\"{&quot;background_background&quot;:&quot;classic&quot;}\">\n\t\t\t\t\t\t<div class=\"elementor-container elementor-column-gap-default\">\n\t\t\t\t\t<div class=\"elementor-column elementor-col-50 elementor-top-column elementor-element elementor-element-39ed903e\" data-id=\"39ed903e\" data-element_type=\"column\">\n\t\t\t<div class=\"elementor-widget-wrap elementor-element-populated\">\n\t\t\t\t\t\t<div class=\"elementor-element elementor-element-3d7a7654 elementor-nav-menu--dropdown-mobile elementor-nav-menu__text-align-aside elementor-nav-menu--toggle elementor-nav-menu--burger elementor-widget elementor-widget-nav-menu\" data-id=\"3d7a7654\" data-element_type=\"widget\" data-settings=\"{&quot;layout&quot;:&quot;horizontal&quot;,&quot;submenu_icon&quot;:{&quot;value&quot;:&quot;&lt;i class=\\&quot;fas fa-caret-down\\&quot;&gt;&lt;\\\/i&gt;&quot;,&quot;library&quot;:&quot;fa-solid&quot;},&quot;toggle&quot;:&quot;burger&quot;}\" data-widget_type=\"nav-menu.default\">\n\t\t\t\t<div class=\"elementor-widget-container\">\n\t\t\t\t\t\t<nav class=\"elementor-nav-menu--main elementor-nav-menu__container elementor-nav-menu--layout-horizontal e--pointer-background e--animation-fade\">\n\t\t\t\t<ul id=\"menu-1-3d7a7654\" class=\"elementor-nav-menu\"><li class=\"menu-item menu-item-type-custom menu-item-object-custom menu-item-151\"><a href=\"#vantaggi\" class=\"elementor-item elementor-item-anchor\">Vantagens<\/a><\/li>\n<li class=\"menu-item menu-item-type-custom menu-item-object-custom menu-item-152\"><a href=\"#prezzo\" class=\"elementor-item elementor-item-anchor\">Pre\u00e7o<\/a><\/li>\n<li class=\"menu-item menu-item-type-custom menu-item-object-custom menu-item-153\"><a href=\"#recensioni\" class=\"elementor-item elementor-item-anchor\">Coment\u00e1rios<\/a><\/li>\n<li class=\"menu-item menu-item-type-custom menu-item-object-custom menu-item-154\"><a href=\"#ordinaora\" class=\"elementor-item elementor-item-anchor\">Encomendar agora<\/a><\/li>\n<\/ul>\t\t\t<\/nav>\n\t\t\t\t\t<div class=\"elementor-menu-toggle\" role=\"button\" tabindex=\"0\" aria-label=\"Alternar entre menus\" aria-expanded=\"false\">\n\t\t\t<i aria-hidden=\"true\" role=\"presentation\" class=\"elementor-menu-toggle__icon--open eicon-menu-bar\"><\/i><i aria-hidden=\"true\" role=\"presentation\" class=\"elementor-menu-toggle__icon--close eicon-close\"><\/i>\t\t\t<span class=\"elementor-screen-only\">Menu<\/span>\n\t\t<\/div>\n\t\t\t\t\t<nav class=\"elementor-nav-menu--dropdown elementor-nav-menu__container\" aria-hidden=\"true\">\n\t\t\t\t<ul id=\"menu-2-3d7a7654\" class=\"elementor-nav-menu\"><li class=\"menu-item menu-item-type-custom menu-item-object-custom menu-item-151\"><a href=\"#vantaggi\" class=\"elementor-item elementor-item-anchor\" tabindex=\"-1\">Vantagens<\/a><\/li>\n<li class=\"menu-item menu-item-type-custom menu-item-object-custom menu-item-152\"><a href=\"#prezzo\" class=\"elementor-item elementor-item-anchor\" tabindex=\"-1\">Pre\u00e7o<\/a><\/li>\n<li class=\"menu-item menu-item-type-custom menu-item-object-custom menu-item-153\"><a href=\"#recensioni\" class=\"elementor-item elementor-item-anchor\" tabindex=\"-1\">Coment\u00e1rios<\/a><\/li>\n<li class=\"menu-item menu-item-type-custom menu-item-object-custom menu-item-154\"><a href=\"#ordinaora\" class=\"elementor-item elementor-item-anchor\" tabindex=\"-1\">Encomendar agora<\/a><\/li>\n<\/ul>\t\t\t<\/nav>\n\t\t\t\t<\/div>\n\t\t\t\t<\/div>\n\t\t\t\t\t<\/div>\n\t\t<\/div>\n\t\t\t\t<div class=\"elementor-column elementor-col-50 elementor-top-column elementor-element elementor-element-55b21c48\" data-id=\"55b21c48\" data-element_type=\"column\">\n\t\t\t<div class=\"elementor-widget-wrap elementor-element-populated\">\n\t\t\t\t\t\t<div class=\"elementor-element elementor-element-1ae50e92 elementor-align-right elementor-tablet-align-right elementor-icon-list--layout-traditional elementor-list-item-link-full_width elementor-widget elementor-widget-icon-list\" data-id=\"1ae50e92\" data-element_type=\"widget\" data-widget_type=\"icon-list.default\">\n\t\t\t\t<div class=\"elementor-widget-container\">\n\t\t\t\t\t<ul class=\"elementor-icon-list-items\">\n\t\t\t\t\t\t\t<li class=\"elementor-icon-list-item\">\n\t\t\t\t\t\t\t\t\t\t\t<span class=\"elementor-icon-list-icon\">\n\t\t\t\t\t\t\t<i aria-hidden=\"true\" class=\"fas fa-box-open\"><\/i>\t\t\t\t\t\t<\/span>\n\t\t\t\t\t\t\t\t\t\t<span class=\"elementor-icon-list-text\">Pagamento seguro quando chega ao domic\u00edlio<\/span>\n\t\t\t\t\t\t\t\t\t<\/li>\n\t\t\t\t\t\t<\/ul>\n\t\t\t\t<\/div>\n\t\t\t\t<\/div>\n\t\t\t\t\t<\/div>\n\t\t<\/div>\n\t\t\t\t\t<\/div>\n\t\t<\/section>\n\t\t\t\t<section data-particle_enable=\"false\" data-particle-mobile-disabled=\"false\" class=\"elementor-section elementor-top-section elementor-element elementor-element-2375df59 elementor-section-boxed elementor-section-height-default elementor-section-height-default\" data-id=\"2375df59\" data-element_type=\"section\" data-settings=\"{&quot;background_background&quot;:&quot;classic&quot;}\">\n\t\t\t\t\t\t<div class=\"elementor-container elementor-column-gap-default\">\n\t\t\t\t\t<div class=\"elementor-column elementor-col-33 elementor-top-column elementor-element elementor-element-6902bf8a\" data-id=\"6902bf8a\" data-element_type=\"column\">\n\t\t\t<div class=\"elementor-widget-wrap elementor-element-populated\">\n\t\t\t\t\t\t<div class=\"elementor-element elementor-element-7a989d2d elementor-widget elementor-widget-image\" data-id=\"7a989d2d\" data-element_type=\"widget\" data-widget_type=\"image.default\">\n\t\t\t\t<div class=\"elementor-widget-container\">\n\t\t\t\t\t\t\t\t\t\t\t\t\t\t<a href=\"https:\/\/grandi-sconti.com\">\n\t\t\t\t\t\t\t<img fetchpriority=\"high\" decoding=\"async\" width=\"750\" height=\"150\" src=\"https:\/\/www.offertarapida.com\/wp-content\/uploads\/2022\/01\/OFFERTA-RAPIDA.png\" class=\"attachment-large size-large wp-image-157\" alt=\"OFFERTA RAPIDA\" srcset=\"https:\/\/www.offertarapida.com\/wp-content\/uploads\/2022\/01\/OFFERTA-RAPIDA.png 1000w, https:\/\/www.offertarapida.com\/wp-content\/uploads\/2022\/01\/OFFERTA-RAPIDA-300x60.png 300w, https:\/\/www.offertarapida.com\/wp-content\/uploads\/2022\/01\/OFFERTA-RAPIDA-768x154.png 768w\" sizes=\"(max-width: 750px) 100vw, 750px\" style=\"width:100%;height:20%;max-width:1000px\" \/>\t\t\t\t\t\t\t\t<\/a>\n\t\t\t\t\t\t\t\t\t\t\t\t\t<\/div>\n\t\t\t\t<\/div>\n\t\t\t\t\t<\/div>\n\t\t<\/div>\n\t\t\t\t<div class=\"elementor-column elementor-col-33 elementor-top-column elementor-element elementor-element-4853bbc6\" data-id=\"4853bbc6\" data-element_type=\"column\">\n\t\t\t<div class=\"elementor-widget-wrap elementor-element-populated\">\n\t\t\t\t\t\t<div class=\"elementor-element elementor-element-7cba97cc elementor-search-form--skin-classic elementor-search-form--button-type-icon elementor-search-form--icon-search elementor-widget elementor-widget-search-form\" data-id=\"7cba97cc\" data-element_type=\"widget\" data-settings=\"{&quot;skin&quot;:&quot;classic&quot;}\" data-widget_type=\"search-form.default\">\n\t\t\t\t<div class=\"elementor-widget-container\">\n\t\t\t\t\t<search role=\"search\">\n\t\t\t<form class=\"elementor-search-form\" action=\"https:\/\/www.offertarapida.com\/pt\/\" method=\"get\" data-trp-original-action=\"https:\/\/www.offertarapida.com\/pt\">\n\t\t\t\t\t\t\t\t\t\t\t\t<div class=\"elementor-search-form__container\">\n\t\t\t\t\t<label class=\"elementor-screen-only\" for=\"elementor-search-form-7cba97cc\">Pesquisar<\/label>\n\n\t\t\t\t\t\n\t\t\t\t\t<input id=\"elementor-search-form-7cba97cc\" placeholder=\"\" class=\"elementor-search-form__input\" type=\"search\" name=\"s\" value=\"\">\n\t\t\t\t\t\n\t\t\t\t\t\t\t\t\t\t\t<button class=\"elementor-search-form__submit\" type=\"submit\" aria-label=\"Pesquisar\">\n\t\t\t\t\t\t\t\t\t\t\t\t\t\t\t<i aria-hidden=\"true\" class=\"fas fa-search\"><\/i>\t\t\t\t\t\t\t\t<span class=\"elementor-screen-only\">Pesquisar<\/span>\n\t\t\t\t\t\t\t\t\t\t\t\t\t<\/button>\n\t\t\t\t\t\n\t\t\t\t\t\t\t\t\t<\/div>\n\t\t\t<input type=\"hidden\" name=\"trp-form-language\" value=\"pt\"\/><\/form>\n\t\t<\/search>\n\t\t\t\t<\/div>\n\t\t\t\t<\/div>\n\t\t\t\t\t<\/div>\n\t\t<\/div>\n\t\t\t\t<div class=\"elementor-column elementor-col-33 elementor-top-column elementor-element elementor-element-60731024\" data-id=\"60731024\" data-element_type=\"column\">\n\t\t\t<div class=\"elementor-widget-wrap elementor-element-populated\">\n\t\t\t\t\t\t<div class=\"elementor-element elementor-element-7434d9b3 elementor-widget elementor-widget-text-editor\" data-id=\"7434d9b3\" data-element_type=\"widget\" data-widget_type=\"text-editor.default\">\n\t\t\t\t<div class=\"elementor-widget-container\">\n\t\t\t\t\t\t\t<p>De que \u00e9 que est\u00e3o \u00e0 espera?<\/p>\t\t\t\t\t\t<\/div>\n\t\t\t\t<\/div>\n\t\t\t\t<div class=\"elementor-element elementor-element-a3342ef elementor-widget elementor-widget-text-editor\" data-id=\"a3342ef\" data-element_type=\"widget\" data-widget_type=\"text-editor.default\">\n\t\t\t\t<div class=\"elementor-widget-container\">\n\t\t\t\t\t\t\t<p><a href=\"https:\/\/www.offertarapida.com\/pt\/prodotti\/\">Ver produtos<\/a><\/p>\t\t\t\t\t\t<\/div>\n\t\t\t\t<\/div>\n\t\t\t\t\t<\/div>\n\t\t<\/div>\n\t\t\t\t\t<\/div>\n\t\t<\/section>\n\t\t\t\t<section data-particle_enable=\"false\" data-particle-mobile-disabled=\"false\" class=\"elementor-section elementor-top-section elementor-element elementor-element-3c0fba7e elementor-section-boxed elementor-section-height-default elementor-section-height-default\" data-id=\"3c0fba7e\" data-element_type=\"section\">\n\t\t\t\t\t\t<div class=\"elementor-container elementor-column-gap-default\">\n\t\t\t\t\t<div class=\"elementor-column elementor-col-100 elementor-top-column elementor-element elementor-element-564c82f4\" data-id=\"564c82f4\" data-element_type=\"column\">\n\t\t\t<div class=\"elementor-widget-wrap elementor-element-populated\">\n\t\t\t\t\t\t<div class=\"elementor-element elementor-element-1295104d elementor-widget elementor-widget-heading\" data-id=\"1295104d\" data-element_type=\"widget\" data-widget_type=\"heading.default\">\n\t\t\t\t<div class=\"elementor-widget-container\">\n\t\t\t<h2 class=\"elementor-heading-title elementor-size-default\">Pol\u00edticas de devolu\u00e7\u00e3o e reembolso<\/h2>\t\t<\/div>\n\t\t\t\t<\/div>\n\t\t\t\t<div class=\"elementor-element elementor-element-53c4a004 elementor-widget elementor-widget-text-editor\" data-id=\"53c4a004\" data-element_type=\"widget\" data-widget_type=\"text-editor.default\">\n\t\t\t\t<div class=\"elementor-widget-container\">\n\t\t\t\t\t\t\t<p><b>Anula\u00e7\u00e3o da encomenda<br \/><\/b>Todas as encomendas podem ser anuladas at\u00e9 \u00e0 expedi\u00e7\u00e3o. Se a sua encomenda tiver sido paga e necessitar de a alterar ou anular, deve contactar-nos no prazo de 12 horas. Uma vez iniciado o processo de embalagem e expedi\u00e7\u00e3o, j\u00e1 n\u00e3o \u00e9 poss\u00edvel anular a encomenda.<\/p><p><b>Reembolsos<br \/><\/b><span style=\"font-size: 14px; color: var( --e-global-color-text );\">A sua satisfa\u00e7\u00e3o \u00e9 a nossa prioridade n\u00famero 1. Por conseguinte, pode solicitar o reembolso ou o reenvio dos produtos encomendados se: n\u00e3o os receber dentro do prazo garantido (30 dias, excluindo o processamento de 2-5 dias) receber o artigo errado n\u00e3o quiser o produto que recebeu (mas deve devolver o artigo a expensas suas e o artigo n\u00e3o deve ser utilizado)<br \/><\/span><span style=\"font-size: 14px; color: var( --e-global-color-text );\">N\u00e3o emitiremos um reembolso se: a encomenda n\u00e3o chegar devido a factores que est\u00e3o sob o seu controlo (por exemplo, fornecer o endere\u00e7o de envio errado) a encomenda n\u00e3o chegar devido a circunst\u00e2ncias excepcionais fora do nosso controlo (por exemplo, n\u00e3o desalfandegamento, atraso devido a uma cat\u00e1strofe natural).<br \/><\/span><span style=\"color: var( --e-global-color-text ); font-size: 14px;\">*Pode enviar pedidos de reembolso no prazo de 15 dias ap\u00f3s a entrega. Para o efeito, envie uma mensagem para <a href=\"https:\/\/itapromo.com\/contattaci\">Contactar-nos<\/a> .<br \/><\/span><span style=\"color: var( --e-global-color-text ); font-size: 14px;\">Se o reembolso for aprovado, o reembolso ser\u00e1 processado e um cr\u00e9dito ser\u00e1 automaticamente aplicado ao cart\u00e3o de cr\u00e9dito ou ao m\u00e9todo de pagamento original, no prazo de 14 dias ap\u00f3s a aprova\u00e7\u00e3o<\/span><\/p><p><b>Altera\u00e7\u00f5es<br \/><\/b>Se, por qualquer motivo, desejar trocar o seu produto, talvez por um tamanho de roupa diferente. Deve contactar-nos primeiro e n\u00f3s gui\u00e1-lo-emos atrav\u00e9s dos passos a seguir. N\u00e3o envie a sua compra de volta para n\u00f3s, a menos que o autorizemos a faz\u00ea-lo.<\/p>\t\t\t\t\t\t<\/div>\n\t\t\t\t<\/div>\n\t\t\t\t\t<\/div>\n\t\t<\/div>\n\t\t\t\t\t<\/div>\n\t\t<\/section>\n\t\t\t\t<section data-particle_enable=\"false\" data-particle-mobile-disabled=\"false\" class=\"elementor-section elementor-top-section elementor-element elementor-element-3a2b5918 elementor-section-boxed elementor-section-height-default elementor-section-height-default\" data-id=\"3a2b5918\" data-element_type=\"section\" data-settings=\"{&quot;background_background&quot;:&quot;classic&quot;}\">\n\t\t\t\t\t\t<div class=\"elementor-container elementor-column-gap-default\">\n\t\t\t\t\t<div class=\"elementor-column elementor-col-25 elementor-top-column elementor-element elementor-element-5a7e158f\" data-id=\"5a7e158f\" data-element_type=\"column\">\n\t\t\t<div class=\"elementor-widget-wrap elementor-element-populated\">\n\t\t\t\t\t\t<div class=\"elementor-element elementor-element-2206e114 elementor-widget elementor-widget-image\" data-id=\"2206e114\" data-element_type=\"widget\" data-widget_type=\"image.default\">\n\t\t\t\t<div class=\"elementor-widget-container\">\n\t\t\t\t\t\t\t\t\t\t\t\t\t<img fetchpriority=\"high\" decoding=\"async\" width=\"750\" height=\"150\" src=\"https:\/\/www.offertarapida.com\/wp-content\/uploads\/2022\/01\/OFFERTA-RAPIDA.png\" class=\"attachment-large size-large wp-image-157\" alt=\"OFFERTA RAPIDA\" srcset=\"https:\/\/www.offertarapida.com\/wp-content\/uploads\/2022\/01\/OFFERTA-RAPIDA.png 1000w, https:\/\/www.offertarapida.com\/wp-content\/uploads\/2022\/01\/OFFERTA-RAPIDA-300x60.png 300w, https:\/\/www.offertarapida.com\/wp-content\/uploads\/2022\/01\/OFFERTA-RAPIDA-768x154.png 768w\" sizes=\"(max-width: 750px) 100vw, 750px\" style=\"width:100%;height:20%;max-width:1000px\" \/>\t\t\t\t\t\t\t\t\t\t\t\t\t<\/div>\n\t\t\t\t<\/div>\n\t\t\t\t<div class=\"elementor-element elementor-element-3f2a9b1 elementor-widget elementor-widget-text-editor\" data-id=\"3f2a9b1\" data-element_type=\"widget\" data-widget_type=\"text-editor.default\">\n\t\t\t\t<div class=\"elementor-widget-container\">\n\t\t\t\t\t\t\t<p>Compra segura.<\/p>\t\t\t\t\t\t<\/div>\n\t\t\t\t<\/div>\n\t\t\t\t<div class=\"elementor-element elementor-element-513ca182 elementor-widget elementor-widget-text-editor\" data-id=\"513ca182\" data-element_type=\"widget\" data-widget_type=\"text-editor.default\">\n\t\t\t\t<div class=\"elementor-widget-container\">\n\t\t\t\t\t\t\t<p>Pagamento quando chegar ao domic\u00edlio.<\/p>\t\t\t\t\t\t<\/div>\n\t\t\t\t<\/div>\n\t\t\t\t<div class=\"elementor-element elementor-element-1daddfa5 elementor-widget elementor-widget-image\" data-id=\"1daddfa5\" data-element_type=\"widget\" data-widget_type=\"image.default\">\n\t\t\t\t<div class=\"elementor-widget-container\">\n\t\t\t\t\t\t\t\t\t\t\t\t\t<img decoding=\"async\" width=\"750\" height=\"54\" src=\"https:\/\/www.offertarapida.com\/wp-content\/uploads\/2022\/01\/trustbadges.webp\" class=\"attachment-large size-large wp-image-161\" alt=\"\" srcset=\"https:\/\/www.offertarapida.com\/wp-content\/uploads\/2022\/01\/trustbadges.webp 944w, https:\/\/www.offertarapida.com\/wp-content\/uploads\/2022\/01\/trustbadges-300x22.webp 300w, https:\/\/www.offertarapida.com\/wp-content\/uploads\/2022\/01\/trustbadges-768x55.webp 768w\" sizes=\"(max-width: 750px) 100vw, 750px\" style=\"width:100%;height:7.2%;max-width:944px\" \/>\t\t\t\t\t\t\t\t\t\t\t\t\t<\/div>\n\t\t\t\t<\/div>\n\t\t\t\t\t<\/div>\n\t\t<\/div>\n\t\t\t\t<div class=\"elementor-column elementor-col-25 elementor-top-column elementor-element elementor-element-35fa6a22\" data-id=\"35fa6a22\" data-element_type=\"column\">\n\t\t\t<div class=\"elementor-widget-wrap elementor-element-populated\">\n\t\t\t\t\t\t<div class=\"elementor-element elementor-element-528eefb3 elementor-widget elementor-widget-heading\" data-id=\"528eefb3\" data-element_type=\"widget\" data-widget_type=\"heading.default\">\n\t\t\t\t<div class=\"elementor-widget-container\">\n\t\t\t<h2 class=\"elementor-heading-title elementor-size-default\">Informa\u00e7\u00f5es sobre a empresa<\/h2>\t\t<\/div>\n\t\t\t\t<\/div>\n\t\t\t\t<div class=\"elementor-element elementor-element-62bb2885 elementor-widget elementor-widget-text-editor\" data-id=\"62bb2885\" data-element_type=\"widget\" data-widget_type=\"text-editor.default\">\n\t\t\t\t<div class=\"elementor-widget-container\">\n\t\t\t\t\t\t\t<p><a href=\"https:\/\/www.offertarapida.com\/pt\/privacy-and-cookie-policy\/\">Pol\u00edtica de privacidade e de cookies<\/a><\/p><p><a href=\"https:\/\/www.offertarapida.com\/pt\/cookie-policy\/\">Pol\u00edtica de cookies<\/a><\/p><p><a href=\"https:\/\/www.offertarapida.com\/pt\/termini-e-condizioni\/\">Termos e condi\u00e7\u00f5es<\/a><\/p>\t\t\t\t\t\t<\/div>\n\t\t\t\t<\/div>\n\t\t\t\t\t<\/div>\n\t\t<\/div>\n\t\t\t\t<div class=\"elementor-column elementor-col-25 elementor-top-column elementor-element elementor-element-76b7e0bf\" data-id=\"76b7e0bf\" data-element_type=\"column\">\n\t\t\t<div class=\"elementor-widget-wrap elementor-element-populated\">\n\t\t\t\t\t\t<div class=\"elementor-element elementor-element-1774ddb0 elementor-widget elementor-widget-heading\" data-id=\"1774ddb0\" data-element_type=\"widget\" data-widget_type=\"heading.default\">\n\t\t\t\t<div class=\"elementor-widget-container\">\n\t\t\t<h2 class=\"elementor-heading-title elementor-size-default\">Encomendas e confirma\u00e7\u00f5es<\/h2>\t\t<\/div>\n\t\t\t\t<\/div>\n\t\t\t\t<div class=\"elementor-element elementor-element-11f456ef elementor-widget elementor-widget-text-editor\" data-id=\"11f456ef\" data-element_type=\"widget\" data-widget_type=\"text-editor.default\">\n\t\t\t\t<div class=\"elementor-widget-container\">\n\t\t\t\t\t\t\t<p><a href=\"https:\/\/grandi-sconti.com\/spedizione-e-consegna\">Expedi\u00e7\u00e3o e entrega<\/a><\/p><p><a href=\"https:\/\/grandi-sconti.com\/metodi-di-pagamento\">M\u00e9todos de pagamento<\/a><\/p><p><a href=\"https:\/\/grandi-sconti.com\/politiche-di-reso-e-rimborso\">Devolu\u00e7\u00e3o e reembolso<\/a><\/p>\t\t\t\t\t\t<\/div>\n\t\t\t\t<\/div>\n\t\t\t\t\t<\/div>\n\t\t<\/div>\n\t\t\t\t<div class=\"elementor-column elementor-col-25 elementor-top-column elementor-element elementor-element-48ea7498\" data-id=\"48ea7498\" data-element_type=\"column\">\n\t\t\t<div class=\"elementor-widget-wrap elementor-element-populated\">\n\t\t\t\t\t\t<div class=\"elementor-element elementor-element-38605796 elementor-widget elementor-widget-heading\" data-id=\"38605796\" data-element_type=\"widget\" data-widget_type=\"heading.default\">\n\t\t\t\t<div class=\"elementor-widget-container\">\n\t\t\t<h2 class=\"elementor-heading-title elementor-size-default\">Atendimento ao cliente<\/h2>\t\t<\/div>\n\t\t\t\t<\/div>\n\t\t\t\t<div class=\"elementor-element elementor-element-1bc41223 elementor-widget elementor-widget-text-editor\" data-id=\"1bc41223\" data-element_type=\"widget\" data-widget_type=\"text-editor.default\">\n\t\t\t\t<div class=\"elementor-widget-container\">\n\t\t\t\t\t\t\t<p><a href=\"https:\/\/www.offertarapida.com\/pt\/domande-frequenti\/\">FAQ - Perguntas mais frequentes<\/a><\/p><p><a href=\"https:\/\/www.offertarapida.com\/pt\/contattaci\/\">Contacto<\/a><\/p>\t\t\t\t\t\t<\/div>\n\t\t\t\t<\/div>\n\t\t\t\t\t<\/div>\n\t\t<\/div>\n\t\t\t\t\t<\/div>\n\t\t<\/section>\n\t\t\t\t<section data-particle_enable=\"false\" data-particle-mobile-disabled=\"false\" class=\"elementor-section elementor-top-section elementor-element elementor-element-68fb00b1 elementor-section-boxed elementor-section-height-default elementor-section-height-default\" data-id=\"68fb00b1\" data-element_type=\"section\" data-settings=\"{&quot;background_background&quot;:&quot;classic&quot;}\">\n\t\t\t\t\t\t<div class=\"elementor-container elementor-column-gap-default\">\n\t\t\t\t\t<div class=\"elementor-column elementor-col-100 elementor-top-column elementor-element elementor-element-7eb36160\" data-id=\"7eb36160\" data-element_type=\"column\">\n\t\t\t<div class=\"elementor-widget-wrap elementor-element-populated\">\n\t\t\t\t\t\t<div class=\"elementor-element elementor-element-2afc9731 elementor-widget elementor-widget-text-editor\" data-id=\"2afc9731\" data-element_type=\"widget\" data-widget_type=\"text-editor.default\">\n\t\t\t\t<div class=\"elementor-widget-container\">\n\t\t\t\t\t\t\t<p>[ENG] Todos os dados recolhidos nesta p\u00e1gina n\u00e3o ser\u00e3o utilizados pelo Facebook e sem inten\u00e7\u00e3o de marketing. Utilizaremos os seus dados apenas para monitorizar uma encomenda do Cash On Delivery System.<br \/><br \/>[ITA] Todos os dados recolhidos nesta p\u00e1gina n\u00e3o ser\u00e3o utilizados pelo Facebook e n\u00e3o t\u00eam qualquer inten\u00e7\u00e3o de marketing. Apenas utilizaremos os seus dados para seguir uma encomenda para o sistema de pagamento contra-reembolso.<br \/><br \/>Este site n\u00e3o faz parte do site do Facebook ou do Facebook Inc. Para al\u00e9m disso, este site N\u00c3O \u00e9 apoiado pelo Facebook de forma alguma. Facebook \u00e9 uma marca registada da Facebook, Inc.<\/p>\t\t\t\t\t\t<\/div>\n\t\t\t\t<\/div>\n\t\t\t\t<div class=\"elementor-element elementor-element-35d1fbe7 elementor-widget elementor-widget-text-editor\" data-id=\"35d1fbe7\" data-element_type=\"widget\" data-widget_type=\"text-editor.default\">\n\t\t\t\t<div class=\"elementor-widget-container\">\n\t\t\t\t\t\t\t<div class=\"footer-absolute-primary\">publicidade em nome de: FASLEAD SRL P.IVA IT401262810 Via Aristotele 20218 Milano MI<\/div><div>Direitos de autor 2021. Todos os direitos reservados\u00a0<\/div>\t\t\t\t\t\t<\/div>\n\t\t\t\t<\/div>\n\t\t\t\t<div class=\"elementor-element elementor-element-b2b2f3d elementor-widget elementor-widget-text-editor\" data-id=\"b2b2f3d\" data-element_type=\"widget\" data-widget_type=\"text-editor.default\">\n\t\t\t\t<div class=\"elementor-widget-container\">\n\t\t\t\t\t\t\t<div class=\"footer-absolute-secondary\">offertarapida.com<\/div>\t\t\t\t\t\t<\/div>\n\t\t\t\t<\/div>\n\t\t\t\t\t<\/div>\n\t\t<\/div>\n\t\t\t\t\t<\/div>\n\t\t<\/section>\n\t\t\t\t<\/div>","protected":false},"excerpt":{"rendered":"<p>Pagamento sicuro quando arriva a casa Cosa stai aspettando? Guarda i Prodotti Politiche di reso e rimborsi Annullamento ordineTutti gli ordini possono essere annullati fino alla spedizione. Se il tuo ordine \u00e8 stato pagato e devi modificarlo o annullarlo, devi contattarci entro 12 ore. Una volta avviato il processo di imballaggio e spedizione, non \u00e8&hellip; <a class=\"more-link\" href=\"https:\/\/www.offertarapida.com\/pt\/politiche-di-reso-e-rimborso\/\">Continuar a ler <span class=\"screen-reader-text\">politiche di reso e rimborso<\/span><\/a><\/p>","protected":false},"author":1,"featured_media":0,"parent":0,"menu_order":0,"comment_status":"closed","ping_status":"closed","template":"elementor_canvas","meta":{"_acf_changed":false,"footnotes":""},"class_list":["post-250","page","type-page","status-publish","hentry","entry"],"acf":[],"_links":{"self":[{"href":"https:\/\/www.offertarapida.com\/pt\/wp-json\/wp\/v2\/pages\/250","targetHints":{"allow":["GET"]}}],"collection":[{"href":"https:\/\/www.offertarapida.com\/pt\/wp-json\/wp\/v2\/pages"}],"about":[{"href":"https:\/\/www.offertarapida.com\/pt\/wp-json\/wp\/v2\/types\/page"}],"author":[{"embeddable":true,"href":"https:\/\/www.offertarapida.com\/pt\/wp-json\/wp\/v2\/users\/1"}],"replies":[{"embeddable":true,"href":"https:\/\/www.offertarapida.com\/pt\/wp-json\/wp\/v2\/comments?post=250"}],"version-history":[{"count":4,"href":"https:\/\/www.offertarapida.com\/pt\/wp-json\/wp\/v2\/pages\/250\/revisions"}],"predecessor-version":[{"id":255,"href":"https:\/\/www.offertarapida.com\/pt\/wp-json\/wp\/v2\/pages\/250\/revisions\/255"}],"wp:attachment":[{"href":"https:\/\/www.offertarapida.com\/pt\/wp-json\/wp\/v2\/media?parent=250"}],"curies":[{"name":"wp","href":"https:\/\/api.w.org\/{rel}","templated":true}]}}