{"id":264,"date":"2022-01-23T01:35:31","date_gmt":"2022-01-23T01:35:31","guid":{"rendered":"https:\/\/www.offertarapida.com\/?page_id=264"},"modified":"2022-01-23T01:37:52","modified_gmt":"2022-01-23T01:37:52","slug":"domande-frequenti","status":"publish","type":"page","link":"https:\/\/www.offertarapida.com\/sk\/domande-frequenti\/","title":{"rendered":"\u010dasto kladen\u00e9 ot\u00e1zky"},"content":{"rendered":"<div data-elementor-type=\"wp-page\" data-elementor-id=\"264\" class=\"elementor elementor-264\" data-elementor-post-type=\"page\">\n\t\t\t\t\t\t<section data-particle_enable=\"false\" data-particle-mobile-disabled=\"false\" class=\"elementor-section elementor-top-section elementor-element elementor-element-6d459c0f elementor-section-height-min-height elementor-section-boxed elementor-section-height-default elementor-section-items-middle\" data-id=\"6d459c0f\" data-element_type=\"section\" data-settings=\"{&quot;background_background&quot;:&quot;classic&quot;}\">\n\t\t\t\t\t\t<div class=\"elementor-container elementor-column-gap-default\">\n\t\t\t\t\t<div class=\"elementor-column elementor-col-50 elementor-top-column elementor-element elementor-element-6bfefa00\" data-id=\"6bfefa00\" data-element_type=\"column\">\n\t\t\t<div class=\"elementor-widget-wrap elementor-element-populated\">\n\t\t\t\t\t\t<div class=\"elementor-element elementor-element-433ea667 elementor-nav-menu--dropdown-mobile elementor-nav-menu__text-align-aside elementor-nav-menu--toggle elementor-nav-menu--burger elementor-widget elementor-widget-nav-menu\" data-id=\"433ea667\" data-element_type=\"widget\" data-settings=\"{&quot;layout&quot;:&quot;horizontal&quot;,&quot;submenu_icon&quot;:{&quot;value&quot;:&quot;&lt;i class=\\&quot;fas fa-caret-down\\&quot;&gt;&lt;\\\/i&gt;&quot;,&quot;library&quot;:&quot;fa-solid&quot;},&quot;toggle&quot;:&quot;burger&quot;}\" data-widget_type=\"nav-menu.default\">\n\t\t\t\t<div class=\"elementor-widget-container\">\n\t\t\t\t\t\t<nav class=\"elementor-nav-menu--main elementor-nav-menu__container elementor-nav-menu--layout-horizontal e--pointer-background e--animation-fade\">\n\t\t\t\t<ul id=\"menu-1-433ea667\" class=\"elementor-nav-menu\"><li class=\"menu-item menu-item-type-custom menu-item-object-custom menu-item-151\"><a href=\"#vantaggi\" class=\"elementor-item elementor-item-anchor\">V\u00fdhody<\/a><\/li>\n<li class=\"menu-item menu-item-type-custom menu-item-object-custom menu-item-152\"><a href=\"#prezzo\" class=\"elementor-item elementor-item-anchor\">Cena<\/a><\/li>\n<li class=\"menu-item menu-item-type-custom menu-item-object-custom menu-item-153\"><a href=\"#recensioni\" class=\"elementor-item elementor-item-anchor\">Recenzie<\/a><\/li>\n<li class=\"menu-item menu-item-type-custom menu-item-object-custom menu-item-154\"><a href=\"#ordinaora\" class=\"elementor-item elementor-item-anchor\">Objednajte si teraz<\/a><\/li>\n<\/ul>\t\t\t<\/nav>\n\t\t\t\t\t<div class=\"elementor-menu-toggle\" role=\"button\" tabindex=\"0\" aria-label=\"Prep\u00edna\u010d menu\" aria-expanded=\"false\">\n\t\t\t<i aria-hidden=\"true\" role=\"presentation\" class=\"elementor-menu-toggle__icon--open eicon-menu-bar\"><\/i><i aria-hidden=\"true\" role=\"presentation\" class=\"elementor-menu-toggle__icon--close eicon-close\"><\/i>\t\t\t<span class=\"elementor-screen-only\">Ponuka<\/span>\n\t\t<\/div>\n\t\t\t\t\t<nav class=\"elementor-nav-menu--dropdown elementor-nav-menu__container\" aria-hidden=\"true\">\n\t\t\t\t<ul id=\"menu-2-433ea667\" class=\"elementor-nav-menu\"><li class=\"menu-item menu-item-type-custom menu-item-object-custom menu-item-151\"><a href=\"#vantaggi\" class=\"elementor-item elementor-item-anchor\" tabindex=\"-1\">V\u00fdhody<\/a><\/li>\n<li class=\"menu-item menu-item-type-custom menu-item-object-custom menu-item-152\"><a href=\"#prezzo\" class=\"elementor-item elementor-item-anchor\" tabindex=\"-1\">Cena<\/a><\/li>\n<li class=\"menu-item menu-item-type-custom menu-item-object-custom menu-item-153\"><a href=\"#recensioni\" class=\"elementor-item elementor-item-anchor\" tabindex=\"-1\">Recenzie<\/a><\/li>\n<li class=\"menu-item menu-item-type-custom menu-item-object-custom menu-item-154\"><a href=\"#ordinaora\" class=\"elementor-item elementor-item-anchor\" tabindex=\"-1\">Objednajte si teraz<\/a><\/li>\n<\/ul>\t\t\t<\/nav>\n\t\t\t\t<\/div>\n\t\t\t\t<\/div>\n\t\t\t\t\t<\/div>\n\t\t<\/div>\n\t\t\t\t<div class=\"elementor-column elementor-col-50 elementor-top-column elementor-element elementor-element-5e08aaa9\" data-id=\"5e08aaa9\" data-element_type=\"column\">\n\t\t\t<div class=\"elementor-widget-wrap elementor-element-populated\">\n\t\t\t\t\t\t<div class=\"elementor-element elementor-element-62b3dfce elementor-align-right elementor-tablet-align-right elementor-icon-list--layout-traditional elementor-list-item-link-full_width elementor-widget elementor-widget-icon-list\" data-id=\"62b3dfce\" data-element_type=\"widget\" data-widget_type=\"icon-list.default\">\n\t\t\t\t<div class=\"elementor-widget-container\">\n\t\t\t\t\t<ul class=\"elementor-icon-list-items\">\n\t\t\t\t\t\t\t<li class=\"elementor-icon-list-item\">\n\t\t\t\t\t\t\t\t\t\t\t<span class=\"elementor-icon-list-icon\">\n\t\t\t\t\t\t\t<i aria-hidden=\"true\" class=\"fas fa-box-open\"><\/i>\t\t\t\t\t\t<\/span>\n\t\t\t\t\t\t\t\t\t\t<span class=\"elementor-icon-list-text\">Zabezpe\u010den\u00e1 platba po pr\u00edchode domov<\/span>\n\t\t\t\t\t\t\t\t\t<\/li>\n\t\t\t\t\t\t<\/ul>\n\t\t\t\t<\/div>\n\t\t\t\t<\/div>\n\t\t\t\t\t<\/div>\n\t\t<\/div>\n\t\t\t\t\t<\/div>\n\t\t<\/section>\n\t\t\t\t<section data-particle_enable=\"false\" data-particle-mobile-disabled=\"false\" class=\"elementor-section elementor-top-section elementor-element elementor-element-2c0f49b7 elementor-section-boxed elementor-section-height-default elementor-section-height-default\" data-id=\"2c0f49b7\" data-element_type=\"section\" data-settings=\"{&quot;background_background&quot;:&quot;classic&quot;}\">\n\t\t\t\t\t\t<div class=\"elementor-container elementor-column-gap-default\">\n\t\t\t\t\t<div class=\"elementor-column elementor-col-33 elementor-top-column elementor-element elementor-element-55570393\" data-id=\"55570393\" data-element_type=\"column\">\n\t\t\t<div class=\"elementor-widget-wrap elementor-element-populated\">\n\t\t\t\t\t\t<div class=\"elementor-element elementor-element-5d852d54 elementor-widget elementor-widget-image\" data-id=\"5d852d54\" data-element_type=\"widget\" data-widget_type=\"image.default\">\n\t\t\t\t<div class=\"elementor-widget-container\">\n\t\t\t\t\t\t\t\t\t\t\t\t\t\t<a href=\"https:\/\/grandi-sconti.com\">\n\t\t\t\t\t\t\t<img fetchpriority=\"high\" decoding=\"async\" width=\"750\" height=\"150\" src=\"https:\/\/www.offertarapida.com\/wp-content\/uploads\/2022\/01\/OFFERTA-RAPIDA.png\" class=\"attachment-large size-large wp-image-157\" alt=\"OFFERTA RAPIDA\" srcset=\"https:\/\/www.offertarapida.com\/wp-content\/uploads\/2022\/01\/OFFERTA-RAPIDA.png 1000w, https:\/\/www.offertarapida.com\/wp-content\/uploads\/2022\/01\/OFFERTA-RAPIDA-300x60.png 300w, https:\/\/www.offertarapida.com\/wp-content\/uploads\/2022\/01\/OFFERTA-RAPIDA-768x154.png 768w\" sizes=\"(max-width: 750px) 100vw, 750px\" style=\"width:100%;height:20%;max-width:1000px\" \/>\t\t\t\t\t\t\t\t<\/a>\n\t\t\t\t\t\t\t\t\t\t\t\t\t<\/div>\n\t\t\t\t<\/div>\n\t\t\t\t\t<\/div>\n\t\t<\/div>\n\t\t\t\t<div class=\"elementor-column elementor-col-33 elementor-top-column elementor-element elementor-element-db5fd8\" data-id=\"db5fd8\" data-element_type=\"column\">\n\t\t\t<div class=\"elementor-widget-wrap elementor-element-populated\">\n\t\t\t\t\t\t<div class=\"elementor-element elementor-element-36628b00 elementor-search-form--skin-classic elementor-search-form--button-type-icon elementor-search-form--icon-search elementor-widget elementor-widget-search-form\" data-id=\"36628b00\" data-element_type=\"widget\" data-settings=\"{&quot;skin&quot;:&quot;classic&quot;}\" data-widget_type=\"search-form.default\">\n\t\t\t\t<div class=\"elementor-widget-container\">\n\t\t\t\t\t<search role=\"search\">\n\t\t\t<form class=\"elementor-search-form\" action=\"https:\/\/www.offertarapida.com\/sk\/\" method=\"get\" data-trp-original-action=\"https:\/\/www.offertarapida.com\/sk\">\n\t\t\t\t\t\t\t\t\t\t\t\t<div class=\"elementor-search-form__container\">\n\t\t\t\t\t<label class=\"elementor-screen-only\" for=\"elementor-search-form-36628b00\">Vyh\u013ead\u00e1vanie<\/label>\n\n\t\t\t\t\t\n\t\t\t\t\t<input id=\"elementor-search-form-36628b00\" placeholder=\"\" class=\"elementor-search-form__input\" type=\"search\" name=\"s\" value=\"\">\n\t\t\t\t\t\n\t\t\t\t\t\t\t\t\t\t\t<button class=\"elementor-search-form__submit\" type=\"submit\" aria-label=\"Vyh\u013ead\u00e1vanie\">\n\t\t\t\t\t\t\t\t\t\t\t\t\t\t\t<i aria-hidden=\"true\" class=\"fas fa-search\"><\/i>\t\t\t\t\t\t\t\t<span class=\"elementor-screen-only\">Vyh\u013ead\u00e1vanie<\/span>\n\t\t\t\t\t\t\t\t\t\t\t\t\t<\/button>\n\t\t\t\t\t\n\t\t\t\t\t\t\t\t\t<\/div>\n\t\t\t<input type=\"hidden\" name=\"trp-form-language\" value=\"sk\"\/><\/form>\n\t\t<\/search>\n\t\t\t\t<\/div>\n\t\t\t\t<\/div>\n\t\t\t\t\t<\/div>\n\t\t<\/div>\n\t\t\t\t<div class=\"elementor-column elementor-col-33 elementor-top-column elementor-element elementor-element-35702a3b\" data-id=\"35702a3b\" data-element_type=\"column\">\n\t\t\t<div class=\"elementor-widget-wrap elementor-element-populated\">\n\t\t\t\t\t\t<div class=\"elementor-element elementor-element-6975206 elementor-widget elementor-widget-text-editor\" data-id=\"6975206\" data-element_type=\"widget\" data-widget_type=\"text-editor.default\">\n\t\t\t\t<div class=\"elementor-widget-container\">\n\t\t\t\t\t\t\t<p>Na \u010do \u010dak\u00e1te?<\/p>\t\t\t\t\t\t<\/div>\n\t\t\t\t<\/div>\n\t\t\t\t<div class=\"elementor-element elementor-element-277e9c40 elementor-widget elementor-widget-text-editor\" data-id=\"277e9c40\" data-element_type=\"widget\" data-widget_type=\"text-editor.default\">\n\t\t\t\t<div class=\"elementor-widget-container\">\n\t\t\t\t\t\t\t<p><a href=\"https:\/\/www.offertarapida.com\/sk\/prodotti\/\">Zobrazi\u0165 produkty<\/a><\/p>\t\t\t\t\t\t<\/div>\n\t\t\t\t<\/div>\n\t\t\t\t\t<\/div>\n\t\t<\/div>\n\t\t\t\t\t<\/div>\n\t\t<\/section>\n\t\t\t\t<section data-particle_enable=\"false\" data-particle-mobile-disabled=\"false\" class=\"elementor-section elementor-top-section elementor-element elementor-element-495c88a5 elementor-section-boxed elementor-section-height-default elementor-section-height-default\" data-id=\"495c88a5\" data-element_type=\"section\">\n\t\t\t\t\t\t<div class=\"elementor-container elementor-column-gap-default\">\n\t\t\t\t\t<div class=\"elementor-column elementor-col-100 elementor-top-column elementor-element elementor-element-2644a11\" data-id=\"2644a11\" data-element_type=\"column\">\n\t\t\t<div class=\"elementor-widget-wrap elementor-element-populated\">\n\t\t\t\t\t\t<div class=\"elementor-element elementor-element-66a81218 elementor-widget elementor-widget-heading\" data-id=\"66a81218\" data-element_type=\"widget\" data-widget_type=\"heading.default\">\n\t\t\t\t<div class=\"elementor-widget-container\">\n\t\t\t<h2 class=\"elementor-heading-title elementor-size-default\">\u010casto kladen\u00e9 ot\u00e1zky - FAQ<\/h2>\t\t<\/div>\n\t\t\t\t<\/div>\n\t\t\t\t<div class=\"elementor-element elementor-element-5c90a0ee elementor-widget elementor-widget-text-editor\" data-id=\"5c90a0ee\" data-element_type=\"widget\" data-widget_type=\"text-editor.default\">\n\t\t\t\t<div class=\"elementor-widget-container\">\n\t\t\t\t\t\t\t<p><b><u>Ako vyh\u013ead\u00e1va\u0165 produkty?\u00a0<br \/><\/u><\/b><span style=\"font-size: 14px; color: var( --e-global-color-text );\">V\u00fdrobky m\u00f4\u017eete vyh\u013ead\u00e1va\u0165 zadan\u00edm n\u00e1zvu v\u00fdrobku alebo k\u013e\u00fa\u010dov\u00e9ho slova do vyh\u013ead\u00e1vacieho panela v hornej \u010dasti ktorejko\u013evek str\u00e1nky. Sk\u00faste zada\u0165 v\u0161eobecn\u00fd opis. \u010c\u00edm viac k\u013e\u00fa\u010dov\u00fdch slov pou\u017eijete, t\u00fdm menej v\u00fdrobkov sa zobraz\u00ed na str\u00e1nke s v\u00fdsledkami. Ke\u010f n\u00e1jdete v\u00fdrobok, ktor\u00fd v\u00e1s zauj\u00edma, jednoducho kliknite na n\u00e1zov v\u00fdrobku alebo obr\u00e1zok v\u00fdrobku, aby ste z\u00edskali \u010fal\u0161ie podrobnosti.\u00a0<\/span><\/p><p><b><u>Ako sa vypo\u010d\u00edtavaj\u00fa n\u00e1klady na dopravu? <br \/><\/u><\/b>N\u00e1klady na dopravu sa vypo\u010d\u00edtavaj\u00fa pod\u013ea sp\u00f4sobu dopravy (leteck\u00e1, n\u00e1morn\u00e1 alebo pozemn\u00e1) a hmotnosti\/objemu v\u00fdrobku. R\u00f4zne prepravn\u00e9 spolo\u010dnosti maj\u00fa r\u00f4zne sadzby, preto je najlep\u0161ie skontrolova\u0165 a porovna\u0165, ktor\u00e1 je najlacnej\u0161ia a najv\u00fdhodnej\u0161ia. Podrobnej\u0161ie inform\u00e1cie o tom, ako sa vypo\u010d\u00edtavaj\u00fa n\u00e1klady na dopravu, <a href=\"https:\/\/itapromo.com\/contattaci\">kontaktujte n\u00e1s<\/a> priamo.\u00a0<\/p><p><b><u>\u010co je ochrana kupuj\u00faceho? <br \/><\/u><\/b>Ochrana kupuj\u00faceho je s\u00fabor z\u00e1ruk, ktor\u00e9 kupuj\u00facim umo\u017e\u0148uj\u00fa nakupova\u0165 s d\u00f4verou na na\u0161ich webov\u00fdch str\u00e1nkach. Ste chr\u00e1nen\u00ed, ke\u010f:: tovar, ktor\u00fd ste si objednali, nebol doru\u010den\u00fd v \u010dase, ktor\u00fd s\u013e\u00fabil pred\u00e1vaj\u00faci. Tovar, ktor\u00fd ste dostali, nebol v s\u00falade s opisom. Tovar, ktor\u00fd ste dostali a o ktorom ste boli presved\u010den\u00ed, \u017ee je prav\u00fd, bol falo\u0161n\u00fd.<\/p>\t\t\t\t\t\t<\/div>\n\t\t\t\t<\/div>\n\t\t\t\t\t<\/div>\n\t\t<\/div>\n\t\t\t\t\t<\/div>\n\t\t<\/section>\n\t\t\t\t<section data-particle_enable=\"false\" data-particle-mobile-disabled=\"false\" class=\"elementor-section elementor-top-section elementor-element elementor-element-1a5f5262 elementor-section-boxed elementor-section-height-default elementor-section-height-default\" data-id=\"1a5f5262\" data-element_type=\"section\" data-settings=\"{&quot;background_background&quot;:&quot;classic&quot;}\">\n\t\t\t\t\t\t<div class=\"elementor-container elementor-column-gap-default\">\n\t\t\t\t\t<div class=\"elementor-column elementor-col-25 elementor-top-column elementor-element elementor-element-1ef882cc\" data-id=\"1ef882cc\" data-element_type=\"column\">\n\t\t\t<div class=\"elementor-widget-wrap elementor-element-populated\">\n\t\t\t\t\t\t<div class=\"elementor-element elementor-element-5930a9d5 elementor-widget elementor-widget-image\" data-id=\"5930a9d5\" data-element_type=\"widget\" data-widget_type=\"image.default\">\n\t\t\t\t<div class=\"elementor-widget-container\">\n\t\t\t\t\t\t\t\t\t\t\t\t\t<img fetchpriority=\"high\" decoding=\"async\" width=\"750\" height=\"150\" src=\"https:\/\/www.offertarapida.com\/wp-content\/uploads\/2022\/01\/OFFERTA-RAPIDA.png\" class=\"attachment-large size-large wp-image-157\" alt=\"OFFERTA RAPIDA\" srcset=\"https:\/\/www.offertarapida.com\/wp-content\/uploads\/2022\/01\/OFFERTA-RAPIDA.png 1000w, https:\/\/www.offertarapida.com\/wp-content\/uploads\/2022\/01\/OFFERTA-RAPIDA-300x60.png 300w, https:\/\/www.offertarapida.com\/wp-content\/uploads\/2022\/01\/OFFERTA-RAPIDA-768x154.png 768w\" sizes=\"(max-width: 750px) 100vw, 750px\" style=\"width:100%;height:20%;max-width:1000px\" \/>\t\t\t\t\t\t\t\t\t\t\t\t\t<\/div>\n\t\t\t\t<\/div>\n\t\t\t\t<div class=\"elementor-element elementor-element-4c26cfa0 elementor-widget elementor-widget-text-editor\" data-id=\"4c26cfa0\" data-element_type=\"widget\" data-widget_type=\"text-editor.default\">\n\t\t\t\t<div class=\"elementor-widget-container\">\n\t\t\t\t\t\t\t<p>Bezpe\u010dn\u00fd n\u00e1kup.<\/p>\t\t\t\t\t\t<\/div>\n\t\t\t\t<\/div>\n\t\t\t\t<div class=\"elementor-element elementor-element-7dc104b6 elementor-widget elementor-widget-text-editor\" data-id=\"7dc104b6\" data-element_type=\"widget\" data-widget_type=\"text-editor.default\">\n\t\t\t\t<div class=\"elementor-widget-container\">\n\t\t\t\t\t\t\t<p>Platba po pr\u00edchode domov.<\/p>\t\t\t\t\t\t<\/div>\n\t\t\t\t<\/div>\n\t\t\t\t<div class=\"elementor-element elementor-element-2c6d46a8 elementor-widget elementor-widget-image\" data-id=\"2c6d46a8\" data-element_type=\"widget\" data-widget_type=\"image.default\">\n\t\t\t\t<div class=\"elementor-widget-container\">\n\t\t\t\t\t\t\t\t\t\t\t\t\t<img decoding=\"async\" width=\"750\" height=\"54\" src=\"https:\/\/www.offertarapida.com\/wp-content\/uploads\/2022\/01\/trustbadges.webp\" class=\"attachment-large size-large wp-image-161\" alt=\"\" srcset=\"https:\/\/www.offertarapida.com\/wp-content\/uploads\/2022\/01\/trustbadges.webp 944w, https:\/\/www.offertarapida.com\/wp-content\/uploads\/2022\/01\/trustbadges-300x22.webp 300w, https:\/\/www.offertarapida.com\/wp-content\/uploads\/2022\/01\/trustbadges-768x55.webp 768w\" sizes=\"(max-width: 750px) 100vw, 750px\" style=\"width:100%;height:7.2%;max-width:944px\" \/>\t\t\t\t\t\t\t\t\t\t\t\t\t<\/div>\n\t\t\t\t<\/div>\n\t\t\t\t\t<\/div>\n\t\t<\/div>\n\t\t\t\t<div class=\"elementor-column elementor-col-25 elementor-top-column elementor-element elementor-element-a32585a\" data-id=\"a32585a\" data-element_type=\"column\">\n\t\t\t<div class=\"elementor-widget-wrap elementor-element-populated\">\n\t\t\t\t\t\t<div class=\"elementor-element elementor-element-45729d50 elementor-widget elementor-widget-heading\" data-id=\"45729d50\" data-element_type=\"widget\" data-widget_type=\"heading.default\">\n\t\t\t\t<div class=\"elementor-widget-container\">\n\t\t\t<h2 class=\"elementor-heading-title elementor-size-default\">Firemn\u00e9 inform\u00e1cie<\/h2>\t\t<\/div>\n\t\t\t\t<\/div>\n\t\t\t\t<div class=\"elementor-element elementor-element-23742ff3 elementor-widget elementor-widget-text-editor\" data-id=\"23742ff3\" data-element_type=\"widget\" data-widget_type=\"text-editor.default\">\n\t\t\t\t<div class=\"elementor-widget-container\">\n\t\t\t\t\t\t\t<p><a href=\"https:\/\/www.offertarapida.com\/sk\/privacy-and-cookie-policy\/\">Ochrana osobn\u00fdch \u00fadajov a z\u00e1sady pou\u017e\u00edvania s\u00faborov cookie<\/a><\/p><p><a href=\"https:\/\/www.offertarapida.com\/sk\/cookie-policy\/\">Z\u00e1sady pou\u017e\u00edvania s\u00faborov cookie<\/a><\/p><p><a href=\"https:\/\/www.offertarapida.com\/sk\/termini-e-condizioni\/\">Podmienky a pravidl\u00e1<\/a><\/p>\t\t\t\t\t\t<\/div>\n\t\t\t\t<\/div>\n\t\t\t\t\t<\/div>\n\t\t<\/div>\n\t\t\t\t<div class=\"elementor-column elementor-col-25 elementor-top-column elementor-element elementor-element-731b06bd\" data-id=\"731b06bd\" data-element_type=\"column\">\n\t\t\t<div class=\"elementor-widget-wrap elementor-element-populated\">\n\t\t\t\t\t\t<div class=\"elementor-element elementor-element-74b870eb elementor-widget elementor-widget-heading\" data-id=\"74b870eb\" data-element_type=\"widget\" data-widget_type=\"heading.default\">\n\t\t\t\t<div class=\"elementor-widget-container\">\n\t\t\t<h2 class=\"elementor-heading-title elementor-size-default\">Objedn\u00e1vky a potvrdenia<\/h2>\t\t<\/div>\n\t\t\t\t<\/div>\n\t\t\t\t<div class=\"elementor-element elementor-element-7cc0eb72 elementor-widget elementor-widget-text-editor\" data-id=\"7cc0eb72\" data-element_type=\"widget\" data-widget_type=\"text-editor.default\">\n\t\t\t\t<div class=\"elementor-widget-container\">\n\t\t\t\t\t\t\t<p><a href=\"https:\/\/www.offertarapida.com\/sk\/spedizione-e-consegna\/\">Preprava a doru\u010denie<\/a><\/p><p><a href=\"https:\/\/www.offertarapida.com\/sk\/metodi-di-pagamento\/\">Sp\u00f4soby platby<\/a><\/p><p><a href=\"https:\/\/www.offertarapida.com\/sk\/politiche-di-reso-e-rimborso\/\">Vr\u00e1tenie a vr\u00e1tenie pe\u0148az\u00ed<\/a><\/p>\t\t\t\t\t\t<\/div>\n\t\t\t\t<\/div>\n\t\t\t\t\t<\/div>\n\t\t<\/div>\n\t\t\t\t<div class=\"elementor-column elementor-col-25 elementor-top-column elementor-element elementor-element-6d52efc3\" data-id=\"6d52efc3\" data-element_type=\"column\">\n\t\t\t<div class=\"elementor-widget-wrap elementor-element-populated\">\n\t\t\t\t\t\t<div class=\"elementor-element elementor-element-6275f722 elementor-widget elementor-widget-heading\" data-id=\"6275f722\" data-element_type=\"widget\" data-widget_type=\"heading.default\">\n\t\t\t\t<div class=\"elementor-widget-container\">\n\t\t\t<h2 class=\"elementor-heading-title elementor-size-default\">Starostlivos\u0165 o z\u00e1kazn\u00edkov<\/h2>\t\t<\/div>\n\t\t\t\t<\/div>\n\t\t\t\t<div class=\"elementor-element elementor-element-1ea9aab4 elementor-widget elementor-widget-text-editor\" data-id=\"1ea9aab4\" data-element_type=\"widget\" data-widget_type=\"text-editor.default\">\n\t\t\t\t<div class=\"elementor-widget-container\">\n\t\t\t\t\t\t\t<p><a href=\"https:\/\/www.offertarapida.com\/sk\/domande-frequenti\/\">\u010casto kladen\u00e9 ot\u00e1zky - Frequently Asked Questions<\/a><\/p><p><a href=\"https:\/\/www.offertarapida.com\/sk\/contattaci\/\">Kontakt<\/a><\/p>\t\t\t\t\t\t<\/div>\n\t\t\t\t<\/div>\n\t\t\t\t\t<\/div>\n\t\t<\/div>\n\t\t\t\t\t<\/div>\n\t\t<\/section>\n\t\t\t\t<section data-particle_enable=\"false\" data-particle-mobile-disabled=\"false\" class=\"elementor-section elementor-top-section elementor-element elementor-element-13c4b7b8 elementor-section-boxed elementor-section-height-default elementor-section-height-default\" data-id=\"13c4b7b8\" data-element_type=\"section\" data-settings=\"{&quot;background_background&quot;:&quot;classic&quot;}\">\n\t\t\t\t\t\t<div class=\"elementor-container elementor-column-gap-default\">\n\t\t\t\t\t<div class=\"elementor-column elementor-col-100 elementor-top-column elementor-element elementor-element-32c1882e\" data-id=\"32c1882e\" data-element_type=\"column\">\n\t\t\t<div class=\"elementor-widget-wrap elementor-element-populated\">\n\t\t\t\t\t\t<div class=\"elementor-element elementor-element-4a4c7480 elementor-widget elementor-widget-text-editor\" data-id=\"4a4c7480\" data-element_type=\"widget\" data-widget_type=\"text-editor.default\">\n\t\t\t\t<div class=\"elementor-widget-container\">\n\t\t\t\t\t\t\t<p>[ENG] V\u0161etky \u00fadaje zhroma\u017eden\u00e9 na tejto str\u00e1nke nebud\u00fa pou\u017eit\u00e9 spolo\u010dnos\u0165ou Facebook a bez marketingov\u00e9ho z\u00e1meru. Va\u0161e \u00fadaje pou\u017eijeme len na sledovanie objedn\u00e1vky pre syst\u00e9m dobierky.<br \/><br \/>[ITA] V\u0161etky \u00fadaje zhroma\u017eden\u00e9 na tejto str\u00e1nke nebud\u00fa pou\u017eit\u00e9 spolo\u010dnos\u0165ou Facebook a bez marketingov\u00e9ho z\u00e1meru. Va\u0161e \u00fadaje pou\u017eijeme len na sledovanie objedn\u00e1vky pre syst\u00e9m platby na dobierku.<br \/><br \/>T\u00e1to str\u00e1nka nie je s\u00fa\u010das\u0165ou webovej str\u00e1nky spolo\u010dnosti Facebook ani spolo\u010dnosti Facebook Inc. Okrem toho t\u00e1to str\u00e1nka NIE JE \u017eiadnym sp\u00f4sobom podporovan\u00e1 spolo\u010dnos\u0165ou Facebook. Facebook je ochrann\u00e1 zn\u00e1mka spolo\u010dnosti Facebook, Inc.<\/p>\t\t\t\t\t\t<\/div>\n\t\t\t\t<\/div>\n\t\t\t\t<div class=\"elementor-element elementor-element-83c8509 elementor-widget elementor-widget-text-editor\" data-id=\"83c8509\" data-element_type=\"widget\" data-widget_type=\"text-editor.default\">\n\t\t\t\t<div class=\"elementor-widget-container\">\n\t\t\t\t\t\t\t<div class=\"footer-absolute-primary\">reklama v mene: P.IVA IT401262810 Via Aristotele 20218 Milano MI<\/div><div>Autorsk\u00e9 pr\u00e1va 2021. V\u0161etky pr\u00e1va vyhraden\u00e9\u00a0<\/div>\t\t\t\t\t\t<\/div>\n\t\t\t\t<\/div>\n\t\t\t\t<div class=\"elementor-element elementor-element-5e1c8d3d elementor-widget elementor-widget-text-editor\" data-id=\"5e1c8d3d\" data-element_type=\"widget\" data-widget_type=\"text-editor.default\">\n\t\t\t\t<div class=\"elementor-widget-container\">\n\t\t\t\t\t\t\t<div class=\"footer-absolute-secondary\">offertarapida.com<\/div>\t\t\t\t\t\t<\/div>\n\t\t\t\t<\/div>\n\t\t\t\t\t<\/div>\n\t\t<\/div>\n\t\t\t\t\t<\/div>\n\t\t<\/section>\n\t\t\t\t<\/div>","protected":false},"excerpt":{"rendered":"<p>Zabezpe\u010den\u00e1 platba po pr\u00edchode domov Na \u010do e\u0161te \u010dak\u00e1te? Zobrazi\u0165 produkty \u010casto kladen\u00e9 ot\u00e1zky - FAQ Ako vyh\u013ead\u00e1va\u0165 produkty? V\u00fdrobky vyh\u013ead\u00e1te zadan\u00edm n\u00e1zvu v\u00fdrobku alebo k\u013e\u00fa\u010dov\u00e9ho slova do vyh\u013ead\u00e1vacieho riadku v hornej \u010dasti ktorejko\u013evek str\u00e1nky. Sk\u00faste zada\u0165 v\u0161eobecn\u00fd opis. \u010c\u00edm viac k\u013e\u00fa\u010dov\u00fdch slov pou\u017eijete, t\u00fdm menej v\u00fdrobkov sa v\u00e1m zobraz\u00ed v... <a class=\"more-link\" href=\"https:\/\/www.offertarapida.com\/sk\/domande-frequenti\/\">Pokra\u010dova\u0165 v \u010d\u00edtan\u00ed <span class=\"screen-reader-text\">\u010dasto kladen\u00e9 ot\u00e1zky<\/span><\/a><\/p>","protected":false},"author":1,"featured_media":0,"parent":0,"menu_order":0,"comment_status":"closed","ping_status":"closed","template":"elementor_canvas","meta":{"_acf_changed":false,"footnotes":""},"class_list":["post-264","page","type-page","status-publish","hentry","entry"],"acf":[],"_links":{"self":[{"href":"https:\/\/www.offertarapida.com\/sk\/wp-json\/wp\/v2\/pages\/264","targetHints":{"allow":["GET"]}}],"collection":[{"href":"https:\/\/www.offertarapida.com\/sk\/wp-json\/wp\/v2\/pages"}],"about":[{"href":"https:\/\/www.offertarapida.com\/sk\/wp-json\/wp\/v2\/types\/page"}],"author":[{"embeddable":true,"href":"https:\/\/www.offertarapida.com\/sk\/wp-json\/wp\/v2\/users\/1"}],"replies":[{"embeddable":true,"href":"https:\/\/www.offertarapida.com\/sk\/wp-json\/wp\/v2\/comments?post=264"}],"version-history":[{"count":4,"href":"https:\/\/www.offertarapida.com\/sk\/wp-json\/wp\/v2\/pages\/264\/revisions"}],"predecessor-version":[{"id":268,"href":"https:\/\/www.offertarapida.com\/sk\/wp-json\/wp\/v2\/pages\/264\/revisions\/268"}],"wp:attachment":[{"href":"https:\/\/www.offertarapida.com\/sk\/wp-json\/wp\/v2\/media?parent=264"}],"curies":[{"name":"wp","href":"https:\/\/api.w.org\/{rel}","templated":true}]}}