{"id":236,"date":"2022-01-23T01:18:54","date_gmt":"2022-01-23T01:18:54","guid":{"rendered":"https:\/\/www.offertarapida.com\/?page_id=236"},"modified":"2022-01-23T01:21:28","modified_gmt":"2022-01-23T01:21:28","slug":"termini-e-condizioni","status":"publish","type":"page","link":"https:\/\/www.offertarapida.com\/sl\/termini-e-condizioni\/","title":{"rendered":"pogoji in dolo\u010dila"},"content":{"rendered":"<div data-elementor-type=\"wp-page\" data-elementor-id=\"236\" class=\"elementor elementor-236\" data-elementor-post-type=\"page\">\n\t\t\t\t\t\t<section data-particle_enable=\"false\" data-particle-mobile-disabled=\"false\" class=\"elementor-section elementor-top-section elementor-element elementor-element-62c39bdb elementor-section-height-min-height elementor-section-boxed elementor-section-height-default elementor-section-items-middle\" data-id=\"62c39bdb\" data-element_type=\"section\" data-settings=\"{&quot;background_background&quot;:&quot;classic&quot;}\">\n\t\t\t\t\t\t<div class=\"elementor-container elementor-column-gap-default\">\n\t\t\t\t\t<div class=\"elementor-column elementor-col-50 elementor-top-column elementor-element elementor-element-659a785f\" data-id=\"659a785f\" data-element_type=\"column\">\n\t\t\t<div class=\"elementor-widget-wrap elementor-element-populated\">\n\t\t\t\t\t\t<div class=\"elementor-element elementor-element-7323896c elementor-nav-menu--dropdown-mobile elementor-nav-menu__text-align-aside elementor-nav-menu--toggle elementor-nav-menu--burger elementor-widget elementor-widget-nav-menu\" data-id=\"7323896c\" data-element_type=\"widget\" data-settings=\"{&quot;layout&quot;:&quot;horizontal&quot;,&quot;submenu_icon&quot;:{&quot;value&quot;:&quot;&lt;i class=\\&quot;fas fa-caret-down\\&quot;&gt;&lt;\\\/i&gt;&quot;,&quot;library&quot;:&quot;fa-solid&quot;},&quot;toggle&quot;:&quot;burger&quot;}\" data-widget_type=\"nav-menu.default\">\n\t\t\t\t<div class=\"elementor-widget-container\">\n\t\t\t\t\t\t<nav class=\"elementor-nav-menu--main elementor-nav-menu__container elementor-nav-menu--layout-horizontal e--pointer-background e--animation-fade\">\n\t\t\t\t<ul id=\"menu-1-7323896c\" class=\"elementor-nav-menu\"><li class=\"menu-item menu-item-type-custom menu-item-object-custom menu-item-151\"><a href=\"#vantaggi\" class=\"elementor-item elementor-item-anchor\">Prednosti<\/a><\/li>\n<li class=\"menu-item menu-item-type-custom menu-item-object-custom menu-item-152\"><a href=\"#prezzo\" class=\"elementor-item elementor-item-anchor\">Cena<\/a><\/li>\n<li class=\"menu-item menu-item-type-custom menu-item-object-custom menu-item-153\"><a href=\"#recensioni\" class=\"elementor-item elementor-item-anchor\">Mnenja<\/a><\/li>\n<li class=\"menu-item menu-item-type-custom menu-item-object-custom menu-item-154\"><a href=\"#ordinaora\" class=\"elementor-item elementor-item-anchor\">Naro\u010dite zdaj<\/a><\/li>\n<\/ul>\t\t\t<\/nav>\n\t\t\t\t\t<div class=\"elementor-menu-toggle\" role=\"button\" tabindex=\"0\" aria-label=\"Meni Toggle\" aria-expanded=\"false\">\n\t\t\t<i aria-hidden=\"true\" role=\"presentation\" class=\"elementor-menu-toggle__icon--open eicon-menu-bar\"><\/i><i aria-hidden=\"true\" role=\"presentation\" class=\"elementor-menu-toggle__icon--close eicon-close\"><\/i>\t\t\t<span class=\"elementor-screen-only\">Meni<\/span>\n\t\t<\/div>\n\t\t\t\t\t<nav class=\"elementor-nav-menu--dropdown elementor-nav-menu__container\" aria-hidden=\"true\">\n\t\t\t\t<ul id=\"menu-2-7323896c\" class=\"elementor-nav-menu\"><li class=\"menu-item menu-item-type-custom menu-item-object-custom menu-item-151\"><a href=\"#vantaggi\" class=\"elementor-item elementor-item-anchor\" tabindex=\"-1\">Prednosti<\/a><\/li>\n<li class=\"menu-item menu-item-type-custom menu-item-object-custom menu-item-152\"><a href=\"#prezzo\" class=\"elementor-item elementor-item-anchor\" tabindex=\"-1\">Cena<\/a><\/li>\n<li class=\"menu-item menu-item-type-custom menu-item-object-custom menu-item-153\"><a href=\"#recensioni\" class=\"elementor-item elementor-item-anchor\" tabindex=\"-1\">Mnenja<\/a><\/li>\n<li class=\"menu-item menu-item-type-custom menu-item-object-custom menu-item-154\"><a href=\"#ordinaora\" class=\"elementor-item elementor-item-anchor\" tabindex=\"-1\">Naro\u010dite zdaj<\/a><\/li>\n<\/ul>\t\t\t<\/nav>\n\t\t\t\t<\/div>\n\t\t\t\t<\/div>\n\t\t\t\t\t<\/div>\n\t\t<\/div>\n\t\t\t\t<div class=\"elementor-column elementor-col-50 elementor-top-column elementor-element elementor-element-2e40a2d8\" data-id=\"2e40a2d8\" data-element_type=\"column\">\n\t\t\t<div class=\"elementor-widget-wrap elementor-element-populated\">\n\t\t\t\t\t\t<div class=\"elementor-element elementor-element-2a308b5a elementor-align-right elementor-tablet-align-right elementor-icon-list--layout-traditional elementor-list-item-link-full_width elementor-widget elementor-widget-icon-list\" data-id=\"2a308b5a\" data-element_type=\"widget\" data-widget_type=\"icon-list.default\">\n\t\t\t\t<div class=\"elementor-widget-container\">\n\t\t\t\t\t<ul class=\"elementor-icon-list-items\">\n\t\t\t\t\t\t\t<li class=\"elementor-icon-list-item\">\n\t\t\t\t\t\t\t\t\t\t\t<span class=\"elementor-icon-list-icon\">\n\t\t\t\t\t\t\t<i aria-hidden=\"true\" class=\"fas fa-box-open\"><\/i>\t\t\t\t\t\t<\/span>\n\t\t\t\t\t\t\t\t\t\t<span class=\"elementor-icon-list-text\">Varno pla\u010dilo ob prihodu na dom<\/span>\n\t\t\t\t\t\t\t\t\t<\/li>\n\t\t\t\t\t\t<\/ul>\n\t\t\t\t<\/div>\n\t\t\t\t<\/div>\n\t\t\t\t\t<\/div>\n\t\t<\/div>\n\t\t\t\t\t<\/div>\n\t\t<\/section>\n\t\t\t\t<section data-particle_enable=\"false\" data-particle-mobile-disabled=\"false\" class=\"elementor-section elementor-top-section elementor-element elementor-element-5080c12e elementor-section-boxed elementor-section-height-default elementor-section-height-default\" data-id=\"5080c12e\" data-element_type=\"section\" data-settings=\"{&quot;background_background&quot;:&quot;classic&quot;}\">\n\t\t\t\t\t\t<div class=\"elementor-container elementor-column-gap-default\">\n\t\t\t\t\t<div class=\"elementor-column elementor-col-33 elementor-top-column elementor-element elementor-element-11327b56\" data-id=\"11327b56\" data-element_type=\"column\">\n\t\t\t<div class=\"elementor-widget-wrap elementor-element-populated\">\n\t\t\t\t\t\t<div class=\"elementor-element elementor-element-32b4d3b5 elementor-widget elementor-widget-image\" data-id=\"32b4d3b5\" data-element_type=\"widget\" data-widget_type=\"image.default\">\n\t\t\t\t<div class=\"elementor-widget-container\">\n\t\t\t\t\t\t\t\t\t\t\t\t\t\t<a href=\"https:\/\/grandi-sconti.com\">\n\t\t\t\t\t\t\t<img fetchpriority=\"high\" decoding=\"async\" width=\"750\" height=\"150\" src=\"https:\/\/www.offertarapida.com\/wp-content\/uploads\/2022\/01\/OFFERTA-RAPIDA.png\" class=\"attachment-large size-large wp-image-157\" alt=\"OFFERTA RAPIDA\" srcset=\"https:\/\/www.offertarapida.com\/wp-content\/uploads\/2022\/01\/OFFERTA-RAPIDA.png 1000w, https:\/\/www.offertarapida.com\/wp-content\/uploads\/2022\/01\/OFFERTA-RAPIDA-300x60.png 300w, https:\/\/www.offertarapida.com\/wp-content\/uploads\/2022\/01\/OFFERTA-RAPIDA-768x154.png 768w\" sizes=\"(max-width: 750px) 100vw, 750px\" style=\"width:100%;height:20%;max-width:1000px\" \/>\t\t\t\t\t\t\t\t<\/a>\n\t\t\t\t\t\t\t\t\t\t\t\t\t<\/div>\n\t\t\t\t<\/div>\n\t\t\t\t\t<\/div>\n\t\t<\/div>\n\t\t\t\t<div class=\"elementor-column elementor-col-33 elementor-top-column elementor-element elementor-element-7b8c6c2c\" data-id=\"7b8c6c2c\" data-element_type=\"column\">\n\t\t\t<div class=\"elementor-widget-wrap elementor-element-populated\">\n\t\t\t\t\t\t<div class=\"elementor-element elementor-element-1ea041d8 elementor-search-form--skin-classic elementor-search-form--button-type-icon elementor-search-form--icon-search elementor-widget elementor-widget-search-form\" data-id=\"1ea041d8\" data-element_type=\"widget\" data-settings=\"{&quot;skin&quot;:&quot;classic&quot;}\" data-widget_type=\"search-form.default\">\n\t\t\t\t<div class=\"elementor-widget-container\">\n\t\t\t\t\t<search role=\"search\">\n\t\t\t<form class=\"elementor-search-form\" action=\"https:\/\/www.offertarapida.com\/sl\/\" method=\"get\" data-trp-original-action=\"https:\/\/www.offertarapida.com\/sl\">\n\t\t\t\t\t\t\t\t\t\t\t\t<div class=\"elementor-search-form__container\">\n\t\t\t\t\t<label class=\"elementor-screen-only\" for=\"elementor-search-form-1ea041d8\">Iskanje<\/label>\n\n\t\t\t\t\t\n\t\t\t\t\t<input id=\"elementor-search-form-1ea041d8\" placeholder=\"\" class=\"elementor-search-form__input\" type=\"search\" name=\"s\" value=\"\">\n\t\t\t\t\t\n\t\t\t\t\t\t\t\t\t\t\t<button class=\"elementor-search-form__submit\" type=\"submit\" aria-label=\"Iskanje\">\n\t\t\t\t\t\t\t\t\t\t\t\t\t\t\t<i aria-hidden=\"true\" class=\"fas fa-search\"><\/i>\t\t\t\t\t\t\t\t<span class=\"elementor-screen-only\">Iskanje<\/span>\n\t\t\t\t\t\t\t\t\t\t\t\t\t<\/button>\n\t\t\t\t\t\n\t\t\t\t\t\t\t\t\t<\/div>\n\t\t\t<input type=\"hidden\" name=\"trp-form-language\" value=\"sl\"\/><\/form>\n\t\t<\/search>\n\t\t\t\t<\/div>\n\t\t\t\t<\/div>\n\t\t\t\t\t<\/div>\n\t\t<\/div>\n\t\t\t\t<div class=\"elementor-column elementor-col-33 elementor-top-column elementor-element elementor-element-30def517\" data-id=\"30def517\" data-element_type=\"column\">\n\t\t\t<div class=\"elementor-widget-wrap elementor-element-populated\">\n\t\t\t\t\t\t<div class=\"elementor-element elementor-element-77de6c5b elementor-widget elementor-widget-text-editor\" data-id=\"77de6c5b\" data-element_type=\"widget\" data-widget_type=\"text-editor.default\">\n\t\t\t\t<div class=\"elementor-widget-container\">\n\t\t\t\t\t\t\t<p>Na kaj \u0161e \u010dakate?<\/p>\t\t\t\t\t\t<\/div>\n\t\t\t\t<\/div>\n\t\t\t\t<div class=\"elementor-element elementor-element-7f82b148 elementor-widget elementor-widget-text-editor\" data-id=\"7f82b148\" data-element_type=\"widget\" data-widget_type=\"text-editor.default\">\n\t\t\t\t<div class=\"elementor-widget-container\">\n\t\t\t\t\t\t\t<p><a href=\"https:\/\/www.offertarapida.com\/sl\/prodotti\/\">Oglejte si izdelke<\/a><\/p>\t\t\t\t\t\t<\/div>\n\t\t\t\t<\/div>\n\t\t\t\t\t<\/div>\n\t\t<\/div>\n\t\t\t\t\t<\/div>\n\t\t<\/section>\n\t\t\t\t<section data-particle_enable=\"false\" data-particle-mobile-disabled=\"false\" class=\"elementor-section elementor-top-section elementor-element elementor-element-1263c857 elementor-section-boxed elementor-section-height-default elementor-section-height-default\" data-id=\"1263c857\" data-element_type=\"section\">\n\t\t\t\t\t\t<div class=\"elementor-container elementor-column-gap-default\">\n\t\t\t\t\t<div class=\"elementor-column elementor-col-100 elementor-top-column elementor-element elementor-element-328df6cf\" data-id=\"328df6cf\" data-element_type=\"column\">\n\t\t\t<div class=\"elementor-widget-wrap elementor-element-populated\">\n\t\t\t\t\t\t<div class=\"elementor-element elementor-element-5248efbb elementor-widget elementor-widget-heading\" data-id=\"5248efbb\" data-element_type=\"widget\" data-widget_type=\"heading.default\">\n\t\t\t\t<div class=\"elementor-widget-container\">\n\t\t\t<h2 class=\"elementor-heading-title elementor-size-default\">Pogoji in dolo\u010dila<\/h2>\t\t<\/div>\n\t\t\t\t<\/div>\n\t\t\t\t<div class=\"elementor-element elementor-element-34ecf174 elementor-widget elementor-widget-text-editor\" data-id=\"34ecf174\" data-element_type=\"widget\" data-widget_type=\"text-editor.default\">\n\t\t\t\t<div class=\"elementor-widget-container\">\n\t\t\t\t\t\t\t<p>Storitve vam zagotavljamo v skladu z obvestili, pogoji in dolo\u010dili iz te pogodbe. Pred uporabo teh storitev boste upo\u0161tevali tudi pravila, smernice, usmeritve, pravilnike, pogoje in dolo\u010dila, ki veljajo za te storitve. Pridr\u017eujemo si pravico, da kadar koli spremenimo to spletno mesto in te pogoje. preden nadaljujete, preberite to pogodbo, saj va\u0161 dostop, brskanje ali uporaba spletnega mesta pomeni, da se strinjate z vsemi pogoji te pogodbe. Preko tega spletnega mesta ne smete nalagati, raz\u0161irjati ali kako druga\u010de objavljati vsebin, informacij ali drugega gradiva, ki (a) vsebuje hro\u0161\u010de, viruse, \u010drve, pasti, trojanske konje ali drugo \u0161kodljivo kodo ali lastnosti; (b) je \u017ealjivo, groze\u010de, \u017ealjivo, nespodobno, nespodobno, pornografsko, diskriminatorno ali bi lahko povzro\u010dilo kakr\u0161no koli civilno ali kazensko odgovornost po zakonih Zdru\u017eenih dr\u017eav Amerike ali zakonih katere koli druge dr\u017eave, ki se lahko uporabljajo; ali (c) kr\u0161i ali kr\u0161i avtorske pravice, patente, blagovne znamke, storitvene znamke, poslovne skrivnosti ali druge lastninske pravice katere koli osebe. Spletno mesto vam lahko zagotovi identifikacijsko kodo in geslo, ki vam omogo\u010data dostop do dolo\u010denih delov tega spletnega mesta in njihovo uporabo. Vsaki\u010d, ko uporabite geslo ali identifikacijsko kodo, se \u0161teje, da ste poobla\u0161\u010deni za dostop do spletnega mesta in njegovo uporabo na na\u010din, ki je skladen s pogoji te pogodbe, pri \u010demer spletno mesto ni dol\u017eno raziskovati vira takega dostopa ali uporabe. s sprejetjem teh pogojev uporabe z uporabo spletnega mesta potrjujete, da ste stari najmanj 18 let. \u010ce ste mlaj\u0161i od 18 let, to spletno mesto uporabljajte le pod nadzorom star\u0161ev ali zakonitih skrbnikov. V skladu s pogoji te pogodbe s tem podeljujete omejeno, preklicno, neprenosljivo in neizklju\u010dno licenco za dostop do spletnega mesta in njegovo uporabo s prikazom v spletnem brskalniku samo za namen nakupa in ne za komercialno uporabo ali uporabo v imenu tretje osebe, razen \u010de spletna stran to vnaprej izrecno dovoli.&nbsp;<\/p>\n<p>Vsaka kr\u0161itev te pogodbe bo imela za posledico takoj\u0161en preklic licence, odobrene v tem odstavku, brez predhodnega obvestila. Razen \u010de nam to vnaprej izrecno dovolimo, je vse gradivo, vklju\u010dno s slikami, besedilom, ilustracijami, vzorci, ikonami, fotografijami, programi, glasbenimi posnetki ali prenosi, video posnetki ter pisnim in drugim gradivom, ki je del tega spletnega mesta (skupaj \" vsebina \"), namenjeno izklju\u010dno va\u0161i osebni, nekomercialni uporabi. Informacij na spletnem mestu ne smete uporabljati v komercialne namene ali uporabljati spletnega mesta v korist drugega podjetja.&nbsp;<\/p>\n<p>Pridr\u017eujemo si pravico, da po lastni presoji zavrnemo storitev, ukinemo ra\u010dune in\/ali prekli\u010demo naro\u010dila, med drugim, \u010de menimo, da ravnanje stranke kr\u0161i veljavne zakone ali \u0161koduje na\u0161im interesom. Tega spletnega mesta ali katerega koli njegovega dela ne smete reproducirati, distribuirati, prikazovati, prodajati, dajati v najem, prena\u0161ati, ustvarjati izpeljank, prevajati, spreminjati, izvajati povratnega in\u017eeniringa, razstavljati, dekompilirati ali kako druga\u010de izkori\u0161\u010dati, razen \u010de vam to izrecno pisno dovolimo. Za dostop do tega spletnega mesta in njegovo uporabo s strani kogar koli, ki uporablja geslo in identifikacijo, ki sta vam bila prvotno dodeljena, ne glede na to, ali ste tak\u0161en dostop do tega spletnega mesta in njegovo uporabo dejansko odobrili, vklju\u010dno z vsemi komunikacijami in prenosi ter vsemi obveznostmi (vklju\u010dno s finan\u010dnimi obveznostmi, vendar ne omejeno), ki nastanejo zaradi takega dostopa ali uporabe, ste izklju\u010dno odgovorni vi. Za varovanje varnosti in zaupnosti gesla in identifikacije, ki sta vam bila dodeljena, ste odgovorni izklju\u010dno vi. Spletno mesto boste nemudoma obvestili o vsaki nepoobla\u0161\u010deni uporabi va\u0161ega gesla ali identifikacije ali kakr\u0161ni koli drugi kr\u0161itvi ali nevarnosti kr\u0161itve varnosti tega spletnega mesta.<\/p>\t\t\t\t\t\t<\/div>\n\t\t\t\t<\/div>\n\t\t\t\t\t<\/div>\n\t\t<\/div>\n\t\t\t\t\t<\/div>\n\t\t<\/section>\n\t\t\t\t<section data-particle_enable=\"false\" data-particle-mobile-disabled=\"false\" class=\"elementor-section elementor-top-section elementor-element elementor-element-6fff26e2 elementor-section-boxed elementor-section-height-default elementor-section-height-default\" data-id=\"6fff26e2\" data-element_type=\"section\" data-settings=\"{&quot;background_background&quot;:&quot;classic&quot;}\">\n\t\t\t\t\t\t<div class=\"elementor-container elementor-column-gap-default\">\n\t\t\t\t\t<div class=\"elementor-column elementor-col-25 elementor-top-column elementor-element elementor-element-2d9a5493\" data-id=\"2d9a5493\" data-element_type=\"column\">\n\t\t\t<div class=\"elementor-widget-wrap elementor-element-populated\">\n\t\t\t\t\t\t<div class=\"elementor-element elementor-element-30df6b1a elementor-widget elementor-widget-image\" data-id=\"30df6b1a\" data-element_type=\"widget\" data-widget_type=\"image.default\">\n\t\t\t\t<div class=\"elementor-widget-container\">\n\t\t\t\t\t\t\t\t\t\t\t\t\t<img fetchpriority=\"high\" decoding=\"async\" width=\"750\" height=\"150\" src=\"https:\/\/www.offertarapida.com\/wp-content\/uploads\/2022\/01\/OFFERTA-RAPIDA.png\" class=\"attachment-large size-large wp-image-157\" alt=\"OFFERTA RAPIDA\" srcset=\"https:\/\/www.offertarapida.com\/wp-content\/uploads\/2022\/01\/OFFERTA-RAPIDA.png 1000w, https:\/\/www.offertarapida.com\/wp-content\/uploads\/2022\/01\/OFFERTA-RAPIDA-300x60.png 300w, https:\/\/www.offertarapida.com\/wp-content\/uploads\/2022\/01\/OFFERTA-RAPIDA-768x154.png 768w\" sizes=\"(max-width: 750px) 100vw, 750px\" style=\"width:100%;height:20%;max-width:1000px\" \/>\t\t\t\t\t\t\t\t\t\t\t\t\t<\/div>\n\t\t\t\t<\/div>\n\t\t\t\t<div class=\"elementor-element elementor-element-3c067311 elementor-widget elementor-widget-text-editor\" data-id=\"3c067311\" data-element_type=\"widget\" data-widget_type=\"text-editor.default\">\n\t\t\t\t<div class=\"elementor-widget-container\">\n\t\t\t\t\t\t\t<p>Varen nakup.<\/p>\t\t\t\t\t\t<\/div>\n\t\t\t\t<\/div>\n\t\t\t\t<div class=\"elementor-element elementor-element-2b4142c8 elementor-widget elementor-widget-text-editor\" data-id=\"2b4142c8\" data-element_type=\"widget\" data-widget_type=\"text-editor.default\">\n\t\t\t\t<div class=\"elementor-widget-container\">\n\t\t\t\t\t\t\t<p>Pla\u010dilo ob prihodu na dom.<\/p>\t\t\t\t\t\t<\/div>\n\t\t\t\t<\/div>\n\t\t\t\t<div class=\"elementor-element elementor-element-62c28151 elementor-widget elementor-widget-image\" data-id=\"62c28151\" data-element_type=\"widget\" data-widget_type=\"image.default\">\n\t\t\t\t<div class=\"elementor-widget-container\">\n\t\t\t\t\t\t\t\t\t\t\t\t\t<img decoding=\"async\" width=\"750\" height=\"54\" src=\"https:\/\/www.offertarapida.com\/wp-content\/uploads\/2022\/01\/trustbadges.webp\" class=\"attachment-large size-large wp-image-161\" alt=\"\" srcset=\"https:\/\/www.offertarapida.com\/wp-content\/uploads\/2022\/01\/trustbadges.webp 944w, https:\/\/www.offertarapida.com\/wp-content\/uploads\/2022\/01\/trustbadges-300x22.webp 300w, https:\/\/www.offertarapida.com\/wp-content\/uploads\/2022\/01\/trustbadges-768x55.webp 768w\" sizes=\"(max-width: 750px) 100vw, 750px\" style=\"width:100%;height:7.2%;max-width:944px\" \/>\t\t\t\t\t\t\t\t\t\t\t\t\t<\/div>\n\t\t\t\t<\/div>\n\t\t\t\t\t<\/div>\n\t\t<\/div>\n\t\t\t\t<div class=\"elementor-column elementor-col-25 elementor-top-column elementor-element elementor-element-574fac65\" data-id=\"574fac65\" data-element_type=\"column\">\n\t\t\t<div class=\"elementor-widget-wrap elementor-element-populated\">\n\t\t\t\t\t\t<div class=\"elementor-element elementor-element-50cb8a02 elementor-widget elementor-widget-heading\" data-id=\"50cb8a02\" data-element_type=\"widget\" data-widget_type=\"heading.default\">\n\t\t\t\t<div class=\"elementor-widget-container\">\n\t\t\t<h2 class=\"elementor-heading-title elementor-size-default\">Informacije o podjetju<\/h2>\t\t<\/div>\n\t\t\t\t<\/div>\n\t\t\t\t<div class=\"elementor-element elementor-element-592c942f elementor-widget elementor-widget-text-editor\" data-id=\"592c942f\" data-element_type=\"widget\" data-widget_type=\"text-editor.default\">\n\t\t\t\t<div class=\"elementor-widget-container\">\n\t\t\t\t\t\t\t<p><a href=\"https:\/\/www.offertarapida.com\/sl\/privacy-and-cookie-policy\/\">Pravilnik o zasebnosti in pi\u0161kotkih<\/a><\/p><p><a href=\"https:\/\/www.offertarapida.com\/sl\/cookie-policy\/\">Pravilnik o pi\u0161kotkih<\/a><\/p><p><a href=\"https:\/\/www.offertarapida.com\/sl\/termini-e-condizioni\/\">Pogoji in dolo\u010dila<\/a><\/p>\t\t\t\t\t\t<\/div>\n\t\t\t\t<\/div>\n\t\t\t\t\t<\/div>\n\t\t<\/div>\n\t\t\t\t<div class=\"elementor-column elementor-col-25 elementor-top-column elementor-element elementor-element-f9c591d\" data-id=\"f9c591d\" data-element_type=\"column\">\n\t\t\t<div class=\"elementor-widget-wrap elementor-element-populated\">\n\t\t\t\t\t\t<div class=\"elementor-element elementor-element-5e54cbe8 elementor-widget elementor-widget-heading\" data-id=\"5e54cbe8\" data-element_type=\"widget\" data-widget_type=\"heading.default\">\n\t\t\t\t<div class=\"elementor-widget-container\">\n\t\t\t<h2 class=\"elementor-heading-title elementor-size-default\">Naro\u010dila in potrditve<\/h2>\t\t<\/div>\n\t\t\t\t<\/div>\n\t\t\t\t<div class=\"elementor-element elementor-element-32c3fe5b elementor-widget elementor-widget-text-editor\" data-id=\"32c3fe5b\" data-element_type=\"widget\" data-widget_type=\"text-editor.default\">\n\t\t\t\t<div class=\"elementor-widget-container\">\n\t\t\t\t\t\t\t<p><a href=\"https:\/\/www.offertarapida.com\/sl\/spedizione-e-consegna\/\">Po\u0161iljanje in dostava<\/a><\/p><p><a href=\"https:\/\/www.offertarapida.com\/sl\/metodi-di-pagamento\/\">Na\u010dini pla\u010dila<\/a><\/p><p><a href=\"https:\/\/www.offertarapida.com\/sl\/politiche-di-reso-e-rimborso\/\">Vra\u010dilo in povra\u010dilo<\/a><\/p>\t\t\t\t\t\t<\/div>\n\t\t\t\t<\/div>\n\t\t\t\t\t<\/div>\n\t\t<\/div>\n\t\t\t\t<div class=\"elementor-column elementor-col-25 elementor-top-column elementor-element elementor-element-4228c323\" data-id=\"4228c323\" data-element_type=\"column\">\n\t\t\t<div class=\"elementor-widget-wrap elementor-element-populated\">\n\t\t\t\t\t\t<div class=\"elementor-element elementor-element-ab7eaf2 elementor-widget elementor-widget-heading\" data-id=\"ab7eaf2\" data-element_type=\"widget\" data-widget_type=\"heading.default\">\n\t\t\t\t<div class=\"elementor-widget-container\">\n\t\t\t<h2 class=\"elementor-heading-title elementor-size-default\">Skrb za stranke<\/h2>\t\t<\/div>\n\t\t\t\t<\/div>\n\t\t\t\t<div class=\"elementor-element elementor-element-2931b628 elementor-widget elementor-widget-text-editor\" data-id=\"2931b628\" data-element_type=\"widget\" data-widget_type=\"text-editor.default\">\n\t\t\t\t<div class=\"elementor-widget-container\">\n\t\t\t\t\t\t\t<p><a href=\"https:\/\/www.offertarapida.com\/sl\/domande-frequenti\/\">Pogosta vpra\u0161anja - Pogosto zastavljena vpra\u0161anja<\/a><\/p><p><a href=\"https:\/\/www.offertarapida.com\/sl\/contattaci\/\">Pi\u0161ite na<\/a><\/p>\t\t\t\t\t\t<\/div>\n\t\t\t\t<\/div>\n\t\t\t\t\t<\/div>\n\t\t<\/div>\n\t\t\t\t\t<\/div>\n\t\t<\/section>\n\t\t\t\t<section data-particle_enable=\"false\" data-particle-mobile-disabled=\"false\" class=\"elementor-section elementor-top-section elementor-element elementor-element-770a554c elementor-section-boxed elementor-section-height-default elementor-section-height-default\" data-id=\"770a554c\" data-element_type=\"section\" data-settings=\"{&quot;background_background&quot;:&quot;classic&quot;}\">\n\t\t\t\t\t\t<div class=\"elementor-container elementor-column-gap-default\">\n\t\t\t\t\t<div class=\"elementor-column elementor-col-100 elementor-top-column elementor-element elementor-element-60656335\" data-id=\"60656335\" data-element_type=\"column\">\n\t\t\t<div class=\"elementor-widget-wrap elementor-element-populated\">\n\t\t\t\t\t\t<div class=\"elementor-element elementor-element-a8e6a36 elementor-widget elementor-widget-text-editor\" data-id=\"a8e6a36\" data-element_type=\"widget\" data-widget_type=\"text-editor.default\">\n\t\t\t\t<div class=\"elementor-widget-container\">\n\t\t\t\t\t\t\t<p>[ENG] Vseh podatkov, zbranih na tej strani, Facebook ne bo uporabil brez tr\u017enega namena. Va\u0161e podatke bomo uporabili samo za sledenje naro\u010dilu za sistem za pla\u010dilo po povzetju.<br \/><br \/>[ITA] Vseh podatkov, zbranih na tej strani, Facebook ne bo uporabil brez tr\u017eenjskih namenov. Va\u0161e podatke bomo uporabili le za sledenje naro\u010dilu za sistem pla\u010dila po povzetju.<br \/><br \/>To spletno mesto ni del spletnega mesta dru\u017ebe Facebook ali dru\u017ebe Facebook Inc. Poleg tega Facebook tega spletnega mesta na noben na\u010din NE podpira. Facebook je blagovna znamka dru\u017ebe Facebook, Inc.<\/p>\t\t\t\t\t\t<\/div>\n\t\t\t\t<\/div>\n\t\t\t\t<div class=\"elementor-element elementor-element-137d6694 elementor-widget elementor-widget-text-editor\" data-id=\"137d6694\" data-element_type=\"widget\" data-widget_type=\"text-editor.default\">\n\t\t\t\t<div class=\"elementor-widget-container\">\n\t\t\t\t\t\t\t<div class=\"footer-absolute-primary\">ogla\u0161evanje v imenu: Via Aristotele 20218 Milano MI<\/div><div>Avtorske pravice 2021. Vse pravice pridr\u017eane\u00a0<\/div>\t\t\t\t\t\t<\/div>\n\t\t\t\t<\/div>\n\t\t\t\t<div class=\"elementor-element elementor-element-3c7d0e8d elementor-widget elementor-widget-text-editor\" data-id=\"3c7d0e8d\" data-element_type=\"widget\" data-widget_type=\"text-editor.default\">\n\t\t\t\t<div class=\"elementor-widget-container\">\n\t\t\t\t\t\t\t<div class=\"footer-absolute-secondary\">offertarapida.com<\/div>\t\t\t\t\t\t<\/div>\n\t\t\t\t<\/div>\n\t\t\t\t\t<\/div>\n\t\t<\/div>\n\t\t\t\t\t<\/div>\n\t\t<\/section>\n\t\t\t\t<\/div>","protected":false},"excerpt":{"rendered":"<p>Pagamento sicuro quando arriva a casa Cosa stai aspettando? Guarda i Prodotti Termini e condizioni Ti forniamo servizi soggetti alle comunicazioni, ai termini e alle condizioni stabiliti nel presente accordo. Inoltre, rispetterai le regole, linee guida, politiche, termini e condizioni applicabili a tali servizi prima di utilizzarli. Ci riserviamo il diritto di modificare questo sito&hellip; <a class=\"more-link\" href=\"https:\/\/www.offertarapida.com\/sl\/termini-e-condizioni\/\">Nadaljuj z branjem <span class=\"screen-reader-text\">pogoji in dolo\u010dila<\/span><\/a><\/p>","protected":false},"author":1,"featured_media":0,"parent":0,"menu_order":0,"comment_status":"closed","ping_status":"closed","template":"elementor_canvas","meta":{"_acf_changed":false,"footnotes":""},"class_list":["post-236","page","type-page","status-publish","hentry","entry"],"acf":[],"_links":{"self":[{"href":"https:\/\/www.offertarapida.com\/sl\/wp-json\/wp\/v2\/pages\/236","targetHints":{"allow":["GET"]}}],"collection":[{"href":"https:\/\/www.offertarapida.com\/sl\/wp-json\/wp\/v2\/pages"}],"about":[{"href":"https:\/\/www.offertarapida.com\/sl\/wp-json\/wp\/v2\/types\/page"}],"author":[{"embeddable":true,"href":"https:\/\/www.offertarapida.com\/sl\/wp-json\/wp\/v2\/users\/1"}],"replies":[{"embeddable":true,"href":"https:\/\/www.offertarapida.com\/sl\/wp-json\/wp\/v2\/comments?post=236"}],"version-history":[{"count":4,"href":"https:\/\/www.offertarapida.com\/sl\/wp-json\/wp\/v2\/pages\/236\/revisions"}],"predecessor-version":[{"id":241,"href":"https:\/\/www.offertarapida.com\/sl\/wp-json\/wp\/v2\/pages\/236\/revisions\/241"}],"wp:attachment":[{"href":"https:\/\/www.offertarapida.com\/sl\/wp-json\/wp\/v2\/media?parent=236"}],"curies":[{"name":"wp","href":"https:\/\/api.w.org\/{rel}","templated":true}]}}