{"id":70,"date":"2021-07-28T10:52:12","date_gmt":"2021-07-28T10:52:12","guid":{"rendered":"https:\/\/offertarapida.com\/?page_id=70"},"modified":"2022-01-23T01:15:43","modified_gmt":"2022-01-23T01:15:43","slug":"contattaci","status":"publish","type":"page","link":"https:\/\/www.offertarapida.com\/sv\/contattaci\/","title":{"rendered":"Kontakta oss"},"content":{"rendered":"<div data-elementor-type=\"wp-page\" data-elementor-id=\"70\" class=\"elementor elementor-70\" data-elementor-post-type=\"page\">\n\t\t\t\t\t\t<section data-particle_enable=\"false\" data-particle-mobile-disabled=\"false\" class=\"elementor-section elementor-top-section elementor-element elementor-element-42b62507 elementor-section-height-min-height elementor-section-boxed elementor-section-height-default elementor-section-items-middle\" data-id=\"42b62507\" data-element_type=\"section\" data-settings=\"{&quot;background_background&quot;:&quot;classic&quot;}\">\n\t\t\t\t\t\t<div class=\"elementor-container elementor-column-gap-default\">\n\t\t\t\t\t<div class=\"elementor-column elementor-col-50 elementor-top-column elementor-element elementor-element-3177e896\" data-id=\"3177e896\" data-element_type=\"column\">\n\t\t\t<div class=\"elementor-widget-wrap elementor-element-populated\">\n\t\t\t\t\t\t<div class=\"elementor-element elementor-element-456e6534 elementor-nav-menu--dropdown-mobile elementor-nav-menu__text-align-aside elementor-nav-menu--toggle elementor-nav-menu--burger elementor-widget elementor-widget-nav-menu\" data-id=\"456e6534\" data-element_type=\"widget\" data-settings=\"{&quot;layout&quot;:&quot;horizontal&quot;,&quot;submenu_icon&quot;:{&quot;value&quot;:&quot;&lt;i class=\\&quot;fas fa-caret-down\\&quot;&gt;&lt;\\\/i&gt;&quot;,&quot;library&quot;:&quot;fa-solid&quot;},&quot;toggle&quot;:&quot;burger&quot;}\" data-widget_type=\"nav-menu.default\">\n\t\t\t\t<div class=\"elementor-widget-container\">\n\t\t\t\t\t\t<nav class=\"elementor-nav-menu--main elementor-nav-menu__container elementor-nav-menu--layout-horizontal e--pointer-background e--animation-fade\">\n\t\t\t\t<ul id=\"menu-1-456e6534\" class=\"elementor-nav-menu\"><li class=\"menu-item menu-item-type-custom menu-item-object-custom menu-item-151\"><a href=\"#vantaggi\" class=\"elementor-item elementor-item-anchor\">F\u00f6rdelar<\/a><\/li>\n<li class=\"menu-item menu-item-type-custom menu-item-object-custom menu-item-152\"><a href=\"#prezzo\" class=\"elementor-item elementor-item-anchor\">Pris<\/a><\/li>\n<li class=\"menu-item menu-item-type-custom menu-item-object-custom menu-item-153\"><a href=\"#recensioni\" class=\"elementor-item elementor-item-anchor\">Recensioner<\/a><\/li>\n<li class=\"menu-item menu-item-type-custom menu-item-object-custom menu-item-154\"><a href=\"#ordinaora\" class=\"elementor-item elementor-item-anchor\">Best\u00e4ll nu<\/a><\/li>\n<\/ul>\t\t\t<\/nav>\n\t\t\t\t\t<div class=\"elementor-menu-toggle\" role=\"button\" tabindex=\"0\" aria-label=\"Meny Toggle\" aria-expanded=\"false\">\n\t\t\t<i aria-hidden=\"true\" role=\"presentation\" class=\"elementor-menu-toggle__icon--open eicon-menu-bar\"><\/i><i aria-hidden=\"true\" role=\"presentation\" class=\"elementor-menu-toggle__icon--close eicon-close\"><\/i>\t\t\t<span class=\"elementor-screen-only\">Meny<\/span>\n\t\t<\/div>\n\t\t\t\t\t<nav class=\"elementor-nav-menu--dropdown elementor-nav-menu__container\" aria-hidden=\"true\">\n\t\t\t\t<ul id=\"menu-2-456e6534\" class=\"elementor-nav-menu\"><li class=\"menu-item menu-item-type-custom menu-item-object-custom menu-item-151\"><a href=\"#vantaggi\" class=\"elementor-item elementor-item-anchor\" tabindex=\"-1\">F\u00f6rdelar<\/a><\/li>\n<li class=\"menu-item menu-item-type-custom menu-item-object-custom menu-item-152\"><a href=\"#prezzo\" class=\"elementor-item elementor-item-anchor\" tabindex=\"-1\">Pris<\/a><\/li>\n<li class=\"menu-item menu-item-type-custom menu-item-object-custom menu-item-153\"><a href=\"#recensioni\" class=\"elementor-item elementor-item-anchor\" tabindex=\"-1\">Recensioner<\/a><\/li>\n<li class=\"menu-item menu-item-type-custom menu-item-object-custom menu-item-154\"><a href=\"#ordinaora\" class=\"elementor-item elementor-item-anchor\" tabindex=\"-1\">Best\u00e4ll nu<\/a><\/li>\n<\/ul>\t\t\t<\/nav>\n\t\t\t\t<\/div>\n\t\t\t\t<\/div>\n\t\t\t\t\t<\/div>\n\t\t<\/div>\n\t\t\t\t<div class=\"elementor-column elementor-col-50 elementor-top-column elementor-element elementor-element-15a5d581\" data-id=\"15a5d581\" data-element_type=\"column\">\n\t\t\t<div class=\"elementor-widget-wrap elementor-element-populated\">\n\t\t\t\t\t\t<div class=\"elementor-element elementor-element-4a2dfc56 elementor-align-right elementor-tablet-align-right elementor-icon-list--layout-traditional elementor-list-item-link-full_width elementor-widget elementor-widget-icon-list\" data-id=\"4a2dfc56\" data-element_type=\"widget\" data-widget_type=\"icon-list.default\">\n\t\t\t\t<div class=\"elementor-widget-container\">\n\t\t\t\t\t<ul class=\"elementor-icon-list-items\">\n\t\t\t\t\t\t\t<li class=\"elementor-icon-list-item\">\n\t\t\t\t\t\t\t\t\t\t\t<span class=\"elementor-icon-list-icon\">\n\t\t\t\t\t\t\t<i aria-hidden=\"true\" class=\"fas fa-box-open\"><\/i>\t\t\t\t\t\t<\/span>\n\t\t\t\t\t\t\t\t\t\t<span class=\"elementor-icon-list-text\">S\u00e4kra betalningen n\u00e4r den kommer hem<\/span>\n\t\t\t\t\t\t\t\t\t<\/li>\n\t\t\t\t\t\t<\/ul>\n\t\t\t\t<\/div>\n\t\t\t\t<\/div>\n\t\t\t\t\t<\/div>\n\t\t<\/div>\n\t\t\t\t\t<\/div>\n\t\t<\/section>\n\t\t\t\t<section data-particle_enable=\"false\" data-particle-mobile-disabled=\"false\" class=\"elementor-section elementor-top-section elementor-element elementor-element-2dad1ba9 elementor-section-boxed elementor-section-height-default elementor-section-height-default\" data-id=\"2dad1ba9\" data-element_type=\"section\" data-settings=\"{&quot;background_background&quot;:&quot;classic&quot;}\">\n\t\t\t\t\t\t<div class=\"elementor-container elementor-column-gap-default\">\n\t\t\t\t\t<div class=\"elementor-column elementor-col-33 elementor-top-column elementor-element elementor-element-280ce71c\" data-id=\"280ce71c\" data-element_type=\"column\">\n\t\t\t<div class=\"elementor-widget-wrap elementor-element-populated\">\n\t\t\t\t\t\t<div class=\"elementor-element elementor-element-7d3a0389 elementor-widget elementor-widget-image\" data-id=\"7d3a0389\" data-element_type=\"widget\" data-widget_type=\"image.default\">\n\t\t\t\t<div class=\"elementor-widget-container\">\n\t\t\t\t\t\t\t\t\t\t\t\t\t\t<a href=\"https:\/\/grandi-sconti.com\">\n\t\t\t\t\t\t\t<img fetchpriority=\"high\" decoding=\"async\" width=\"750\" height=\"150\" src=\"https:\/\/www.offertarapida.com\/wp-content\/uploads\/2022\/01\/OFFERTA-RAPIDA.png\" class=\"attachment-large size-large wp-image-157\" alt=\"OFFERTA RAPIDA\" srcset=\"https:\/\/www.offertarapida.com\/wp-content\/uploads\/2022\/01\/OFFERTA-RAPIDA.png 1000w, https:\/\/www.offertarapida.com\/wp-content\/uploads\/2022\/01\/OFFERTA-RAPIDA-300x60.png 300w, https:\/\/www.offertarapida.com\/wp-content\/uploads\/2022\/01\/OFFERTA-RAPIDA-768x154.png 768w\" sizes=\"(max-width: 750px) 100vw, 750px\" style=\"width:100%;height:20%;max-width:1000px\" \/>\t\t\t\t\t\t\t\t<\/a>\n\t\t\t\t\t\t\t\t\t\t\t\t\t<\/div>\n\t\t\t\t<\/div>\n\t\t\t\t\t<\/div>\n\t\t<\/div>\n\t\t\t\t<div class=\"elementor-column elementor-col-33 elementor-top-column elementor-element elementor-element-2d5cc6b\" data-id=\"2d5cc6b\" data-element_type=\"column\">\n\t\t\t<div class=\"elementor-widget-wrap elementor-element-populated\">\n\t\t\t\t\t\t<div class=\"elementor-element elementor-element-2796ae57 elementor-search-form--skin-classic elementor-search-form--button-type-icon elementor-search-form--icon-search elementor-widget elementor-widget-search-form\" data-id=\"2796ae57\" data-element_type=\"widget\" data-settings=\"{&quot;skin&quot;:&quot;classic&quot;}\" data-widget_type=\"search-form.default\">\n\t\t\t\t<div class=\"elementor-widget-container\">\n\t\t\t\t\t<search role=\"search\">\n\t\t\t<form class=\"elementor-search-form\" action=\"https:\/\/www.offertarapida.com\/sv\/\" method=\"get\" data-trp-original-action=\"https:\/\/www.offertarapida.com\/sv\">\n\t\t\t\t\t\t\t\t\t\t\t\t<div class=\"elementor-search-form__container\">\n\t\t\t\t\t<label class=\"elementor-screen-only\" for=\"elementor-search-form-2796ae57\">S\u00f6k<\/label>\n\n\t\t\t\t\t\n\t\t\t\t\t<input id=\"elementor-search-form-2796ae57\" placeholder=\"\" class=\"elementor-search-form__input\" type=\"search\" name=\"s\" value=\"\">\n\t\t\t\t\t\n\t\t\t\t\t\t\t\t\t\t\t<button class=\"elementor-search-form__submit\" type=\"submit\" aria-label=\"S\u00f6k\">\n\t\t\t\t\t\t\t\t\t\t\t\t\t\t\t<i aria-hidden=\"true\" class=\"fas fa-search\"><\/i>\t\t\t\t\t\t\t\t<span class=\"elementor-screen-only\">S\u00f6k<\/span>\n\t\t\t\t\t\t\t\t\t\t\t\t\t<\/button>\n\t\t\t\t\t\n\t\t\t\t\t\t\t\t\t<\/div>\n\t\t\t<input type=\"hidden\" name=\"trp-form-language\" value=\"sv\"\/><\/form>\n\t\t<\/search>\n\t\t\t\t<\/div>\n\t\t\t\t<\/div>\n\t\t\t\t\t<\/div>\n\t\t<\/div>\n\t\t\t\t<div class=\"elementor-column elementor-col-33 elementor-top-column elementor-element elementor-element-43f035cb\" data-id=\"43f035cb\" data-element_type=\"column\">\n\t\t\t<div class=\"elementor-widget-wrap elementor-element-populated\">\n\t\t\t\t\t\t<div class=\"elementor-element elementor-element-661c31e3 elementor-widget elementor-widget-text-editor\" data-id=\"661c31e3\" data-element_type=\"widget\" data-widget_type=\"text-editor.default\">\n\t\t\t\t<div class=\"elementor-widget-container\">\n\t\t\t\t\t\t\t<p>Vad v\u00e4ntar du p\u00e5?<\/p>\t\t\t\t\t\t<\/div>\n\t\t\t\t<\/div>\n\t\t\t\t<div class=\"elementor-element elementor-element-496753a6 elementor-widget elementor-widget-text-editor\" data-id=\"496753a6\" data-element_type=\"widget\" data-widget_type=\"text-editor.default\">\n\t\t\t\t<div class=\"elementor-widget-container\">\n\t\t\t\t\t\t\t<p><a href=\"https:\/\/www.offertarapida.com\/sv\/prodotti\/\">Visa produkter<\/a><\/p>\t\t\t\t\t\t<\/div>\n\t\t\t\t<\/div>\n\t\t\t\t\t<\/div>\n\t\t<\/div>\n\t\t\t\t\t<\/div>\n\t\t<\/section>\n\t\t\t\t<section data-particle_enable=\"false\" data-particle-mobile-disabled=\"false\" class=\"elementor-section elementor-top-section elementor-element elementor-element-29d44132 elementor-section-boxed elementor-section-height-default elementor-section-height-default\" data-id=\"29d44132\" data-element_type=\"section\" data-settings=\"{&quot;background_background&quot;:&quot;classic&quot;}\">\n\t\t\t\t\t\t<div class=\"elementor-container elementor-column-gap-default\">\n\t\t\t\t\t<div class=\"elementor-column elementor-col-100 elementor-top-column elementor-element elementor-element-49fea39f\" data-id=\"49fea39f\" data-element_type=\"column\">\n\t\t\t<div class=\"elementor-widget-wrap elementor-element-populated\">\n\t\t\t\t\t\t<div class=\"elementor-element elementor-element-7caf48db eael-contact-form-7-button-align-center eael-contact-form-7-button-align-left eael-contact-form-7-button-custom elementor-widget elementor-widget-eael-contact-form-7\" data-id=\"7caf48db\" data-element_type=\"widget\" data-widget_type=\"eael-contact-form-7.default\">\n\t\t\t\t<div class=\"elementor-widget-container\">\n\t\t\t<div class=\"eael-contact-form-7-wrapper\">\n                <div class=\"eael-contact-form eael-contact-form-7 eael-contact-form-7caf48db placeholder-show eael-custom-radio-checkbox eael-contact-form-align-center\"><div role=\"form\" class=\"wpcf7\" id=\"wpcf7-f127-o1\" lang=\"it-IT\" dir=\"ltr\">\n<div class=\"screen-reader-response\"><p role=\"status\" aria-live=\"polite\" aria-atomic=\"true\"><\/p> <ul><\/ul><\/div>\n<form action=\"\/sv\/wp-json\/wp\/v2\/pages\/70#wpcf7-f127-o1\" method=\"post\" class=\"wpcf7-form init\" novalidate=\"novalidate\" data-status=\"init\" data-trp-original-action=\"\/sv\/wp-json\/wp\/v2\/pages\/70#wpcf7-f127-o1\">\n<div style=\"display: none;\">\n<input type=\"hidden\" name=\"_wpcf7\" value=\"127\" \/>\n<input type=\"hidden\" name=\"_wpcf7_version\" value=\"5.5.6\" \/>\n<input type=\"hidden\" name=\"_wpcf7_locale\" value=\"it_IT\" \/>\n<input type=\"hidden\" name=\"_wpcf7_unit_tag\" value=\"wpcf7-f127-o1\" \/>\n<input type=\"hidden\" name=\"_wpcf7_container_post\" value=\"0\" \/>\n<input type=\"hidden\" name=\"_wpcf7_posted_data_hash\" value=\"\" \/>\n<\/div>\n<p><label> Namn och efternamn*<br \/>\n    <span class=\"wpcf7-form-control-wrap nome\"><input type=\"text\" name=\"nome\" value=\"\" size=\"40\" class=\"wpcf7-form-control wpcf7-text wpcf7-validates-as-required\" aria-required=\"true\" aria-invalid=\"false\" placeholder=\"Namn och efternamn\" \/><\/span> <\/label><\/p>\n<p><label> E-post<br \/>\n    <span class=\"wpcf7-form-control-wrap email\"><input type=\"text\" name=\"email\" value=\"\" size=\"40\" class=\"wpcf7-form-control wpcf7-text wpcf7-validates-as-required\" aria-required=\"true\" aria-invalid=\"false\" placeholder=\"E-post\" \/><\/span> <\/label><\/p>\n<p><label> Meddelande<br \/>\n    <span class=\"wpcf7-form-control-wrap note\"><input type=\"text\" name=\"note\" value=\"\" size=\"40\" class=\"wpcf7-form-control wpcf7-text wpcf7-validates-as-required\" aria-required=\"true\" aria-invalid=\"false\" placeholder=\"Meddelande\" \/><\/span> <\/label><\/p>\n<p><center><input type=\"submit\" value=\"S\u00c4ND MEDDELANDE\" class=\"wpcf7-form-control has-spinner wpcf7-submit\" \/><\/center><\/p>\n<div class=\"wpcf7-response-output\" aria-hidden=\"true\"><\/div><input type=\"hidden\" name=\"trp-form-language\" value=\"sv\"\/><\/form><\/div><\/div>\n            <\/div>\t\t<\/div>\n\t\t\t\t<\/div>\n\t\t\t\t\t<\/div>\n\t\t<\/div>\n\t\t\t\t\t<\/div>\n\t\t<\/section>\n\t\t\t\t<section data-particle_enable=\"false\" data-particle-mobile-disabled=\"false\" class=\"elementor-section elementor-top-section elementor-element elementor-element-56ae3217 elementor-section-boxed elementor-section-height-default elementor-section-height-default\" data-id=\"56ae3217\" data-element_type=\"section\" data-settings=\"{&quot;background_background&quot;:&quot;classic&quot;}\">\n\t\t\t\t\t\t<div class=\"elementor-container elementor-column-gap-default\">\n\t\t\t\t\t<div class=\"elementor-column elementor-col-25 elementor-top-column elementor-element elementor-element-1d17eca\" data-id=\"1d17eca\" data-element_type=\"column\">\n\t\t\t<div class=\"elementor-widget-wrap elementor-element-populated\">\n\t\t\t\t\t\t<div class=\"elementor-element elementor-element-359ee630 elementor-widget elementor-widget-image\" data-id=\"359ee630\" data-element_type=\"widget\" data-widget_type=\"image.default\">\n\t\t\t\t<div class=\"elementor-widget-container\">\n\t\t\t\t\t\t\t\t\t\t\t\t\t<img fetchpriority=\"high\" decoding=\"async\" width=\"750\" height=\"150\" src=\"https:\/\/www.offertarapida.com\/wp-content\/uploads\/2022\/01\/OFFERTA-RAPIDA.png\" class=\"attachment-large size-large wp-image-157\" alt=\"OFFERTA RAPIDA\" srcset=\"https:\/\/www.offertarapida.com\/wp-content\/uploads\/2022\/01\/OFFERTA-RAPIDA.png 1000w, https:\/\/www.offertarapida.com\/wp-content\/uploads\/2022\/01\/OFFERTA-RAPIDA-300x60.png 300w, https:\/\/www.offertarapida.com\/wp-content\/uploads\/2022\/01\/OFFERTA-RAPIDA-768x154.png 768w\" sizes=\"(max-width: 750px) 100vw, 750px\" style=\"width:100%;height:20%;max-width:1000px\" \/>\t\t\t\t\t\t\t\t\t\t\t\t\t<\/div>\n\t\t\t\t<\/div>\n\t\t\t\t<div class=\"elementor-element elementor-element-34aafab8 elementor-widget elementor-widget-text-editor\" data-id=\"34aafab8\" data-element_type=\"widget\" data-widget_type=\"text-editor.default\">\n\t\t\t\t<div class=\"elementor-widget-container\">\n\t\t\t\t\t\t\t<p>S\u00e4kert k\u00f6p.<\/p>\t\t\t\t\t\t<\/div>\n\t\t\t\t<\/div>\n\t\t\t\t<div class=\"elementor-element elementor-element-639a023a elementor-widget elementor-widget-text-editor\" data-id=\"639a023a\" data-element_type=\"widget\" data-widget_type=\"text-editor.default\">\n\t\t\t\t<div class=\"elementor-widget-container\">\n\t\t\t\t\t\t\t<p>Betalning n\u00e4r den kommer hem.<\/p>\t\t\t\t\t\t<\/div>\n\t\t\t\t<\/div>\n\t\t\t\t<div class=\"elementor-element elementor-element-2a3137bd elementor-widget elementor-widget-image\" data-id=\"2a3137bd\" data-element_type=\"widget\" data-widget_type=\"image.default\">\n\t\t\t\t<div class=\"elementor-widget-container\">\n\t\t\t\t\t\t\t\t\t\t\t\t\t<img decoding=\"async\" width=\"750\" height=\"54\" src=\"https:\/\/www.offertarapida.com\/wp-content\/uploads\/2022\/01\/trustbadges.webp\" class=\"attachment-large size-large wp-image-161\" alt=\"\" srcset=\"https:\/\/www.offertarapida.com\/wp-content\/uploads\/2022\/01\/trustbadges.webp 944w, https:\/\/www.offertarapida.com\/wp-content\/uploads\/2022\/01\/trustbadges-300x22.webp 300w, https:\/\/www.offertarapida.com\/wp-content\/uploads\/2022\/01\/trustbadges-768x55.webp 768w\" sizes=\"(max-width: 750px) 100vw, 750px\" style=\"width:100%;height:7.2%;max-width:944px\" \/>\t\t\t\t\t\t\t\t\t\t\t\t\t<\/div>\n\t\t\t\t<\/div>\n\t\t\t\t\t<\/div>\n\t\t<\/div>\n\t\t\t\t<div class=\"elementor-column elementor-col-25 elementor-top-column elementor-element elementor-element-6fd65a6f\" data-id=\"6fd65a6f\" data-element_type=\"column\">\n\t\t\t<div class=\"elementor-widget-wrap elementor-element-populated\">\n\t\t\t\t\t\t<div class=\"elementor-element elementor-element-71721c61 elementor-widget elementor-widget-heading\" data-id=\"71721c61\" data-element_type=\"widget\" data-widget_type=\"heading.default\">\n\t\t\t\t<div class=\"elementor-widget-container\">\n\t\t\t<h2 class=\"elementor-heading-title elementor-size-default\">F\u00f6retagsinformation<\/h2>\t\t<\/div>\n\t\t\t\t<\/div>\n\t\t\t\t<div class=\"elementor-element elementor-element-11544f12 elementor-widget elementor-widget-text-editor\" data-id=\"11544f12\" data-element_type=\"widget\" data-widget_type=\"text-editor.default\">\n\t\t\t\t<div class=\"elementor-widget-container\">\n\t\t\t\t\t\t\t<p><a href=\"https:\/\/www.offertarapida.com\/sv\/privacy-and-cookie-policy\/\">Integritet och cookiepolicy<\/a><\/p><p><a href=\"https:\/\/www.offertarapida.com\/sv\/cookie-policy\/\">Policy f\u00f6r cookies<\/a><\/p><p><a href=\"https:\/\/www.offertarapida.com\/sv\/termini-e-condizioni\/\">Villkor och anvisningar<\/a><\/p>\t\t\t\t\t\t<\/div>\n\t\t\t\t<\/div>\n\t\t\t\t\t<\/div>\n\t\t<\/div>\n\t\t\t\t<div class=\"elementor-column elementor-col-25 elementor-top-column elementor-element elementor-element-28d3b40a\" data-id=\"28d3b40a\" data-element_type=\"column\">\n\t\t\t<div class=\"elementor-widget-wrap elementor-element-populated\">\n\t\t\t\t\t\t<div class=\"elementor-element elementor-element-66d4f194 elementor-widget elementor-widget-heading\" data-id=\"66d4f194\" data-element_type=\"widget\" data-widget_type=\"heading.default\">\n\t\t\t\t<div class=\"elementor-widget-container\">\n\t\t\t<h2 class=\"elementor-heading-title elementor-size-default\">Best\u00e4llningar och bekr\u00e4ftelser<\/h2>\t\t<\/div>\n\t\t\t\t<\/div>\n\t\t\t\t<div class=\"elementor-element elementor-element-1932ede5 elementor-widget elementor-widget-text-editor\" data-id=\"1932ede5\" data-element_type=\"widget\" data-widget_type=\"text-editor.default\">\n\t\t\t\t<div class=\"elementor-widget-container\">\n\t\t\t\t\t\t\t<p><a href=\"https:\/\/www.offertarapida.com\/sv\/spedizione-e-consegna\/\">Frakt och leverans<\/a><\/p><p><a href=\"https:\/\/www.offertarapida.com\/sv\/metodi-di-pagamento\/\">Betalningsmetoder<\/a><\/p><p><a href=\"https:\/\/www.offertarapida.com\/sv\/politiche-di-reso-e-rimborso\/\">Retur och \u00e5terbetalning<\/a><\/p>\t\t\t\t\t\t<\/div>\n\t\t\t\t<\/div>\n\t\t\t\t\t<\/div>\n\t\t<\/div>\n\t\t\t\t<div class=\"elementor-column elementor-col-25 elementor-top-column elementor-element elementor-element-69bba46b\" data-id=\"69bba46b\" data-element_type=\"column\">\n\t\t\t<div class=\"elementor-widget-wrap elementor-element-populated\">\n\t\t\t\t\t\t<div class=\"elementor-element elementor-element-231b33ed elementor-widget elementor-widget-heading\" data-id=\"231b33ed\" data-element_type=\"widget\" data-widget_type=\"heading.default\">\n\t\t\t\t<div class=\"elementor-widget-container\">\n\t\t\t<h2 class=\"elementor-heading-title elementor-size-default\">Kundv\u00e5rd<\/h2>\t\t<\/div>\n\t\t\t\t<\/div>\n\t\t\t\t<div class=\"elementor-element elementor-element-502c7c15 elementor-widget elementor-widget-text-editor\" data-id=\"502c7c15\" data-element_type=\"widget\" data-widget_type=\"text-editor.default\">\n\t\t\t\t<div class=\"elementor-widget-container\">\n\t\t\t\t\t\t\t<p><a href=\"https:\/\/www.offertarapida.com\/sv\/domande-frequenti\/\">FAQ - Ofta st\u00e4llda fr\u00e5gor<\/a><\/p><p><a href=\"https:\/\/www.offertarapida.com\/sv\/contattaci\/\">Kontakt<\/a><\/p>\t\t\t\t\t\t<\/div>\n\t\t\t\t<\/div>\n\t\t\t\t\t<\/div>\n\t\t<\/div>\n\t\t\t\t\t<\/div>\n\t\t<\/section>\n\t\t\t\t<section data-particle_enable=\"false\" data-particle-mobile-disabled=\"false\" class=\"elementor-section elementor-top-section elementor-element elementor-element-3a813dca elementor-section-boxed elementor-section-height-default elementor-section-height-default\" data-id=\"3a813dca\" data-element_type=\"section\" data-settings=\"{&quot;background_background&quot;:&quot;classic&quot;}\">\n\t\t\t\t\t\t<div class=\"elementor-container elementor-column-gap-default\">\n\t\t\t\t\t<div class=\"elementor-column elementor-col-100 elementor-top-column elementor-element elementor-element-559b21e4\" data-id=\"559b21e4\" data-element_type=\"column\">\n\t\t\t<div class=\"elementor-widget-wrap elementor-element-populated\">\n\t\t\t\t\t\t<div class=\"elementor-element elementor-element-25000375 elementor-widget elementor-widget-text-editor\" data-id=\"25000375\" data-element_type=\"widget\" data-widget_type=\"text-editor.default\">\n\t\t\t\t<div class=\"elementor-widget-container\">\n\t\t\t\t\t\t\t<p>[ENG] Alla uppgifter som samlas in p\u00e5 denna sida kommer inte att anv\u00e4ndas av Facebook och utan marknadsf\u00f6ringsavsikt. Vi kommer endast att anv\u00e4nda dina uppgifter f\u00f6r att sp\u00e5ra en best\u00e4llning av Cash On Delivery System.<br \/><br \/>[ITA] Alla uppgifter som samlas in p\u00e5 den h\u00e4r sidan kommer inte att anv\u00e4ndas av Facebook och inte i marknadsf\u00f6ringssyfte. Vi kommer endast att anv\u00e4nda dina uppgifter f\u00f6r att sp\u00e5ra en best\u00e4llning f\u00f6r betalningssystemet kontant vid leverans.<br \/><br \/>Den h\u00e4r webbplatsen \u00e4r inte en del av Facebooks webbplats eller Facebook Inc. Dessutom st\u00f6ds denna webbplats INTE av Facebook p\u00e5 n\u00e5got s\u00e4tt. Facebook \u00e4r ett varum\u00e4rke som tillh\u00f6r Facebook, Inc.<\/p>\t\t\t\t\t\t<\/div>\n\t\t\t\t<\/div>\n\t\t\t\t<div class=\"elementor-element elementor-element-50d89056 elementor-widget elementor-widget-text-editor\" data-id=\"50d89056\" data-element_type=\"widget\" data-widget_type=\"text-editor.default\">\n\t\t\t\t<div class=\"elementor-widget-container\">\n\t\t\t\t\t\t\t<div class=\"footer-absolute-primary\">reklam p\u00e5 uppdrag av: FASLEAD SRL P.IVA IT401262810 Via Aristotele 20218 Milano MI<\/div><div>Upphovsr\u00e4tt 2021. Alla r\u00e4ttigheter reserverade\u00a0<\/div>\t\t\t\t\t\t<\/div>\n\t\t\t\t<\/div>\n\t\t\t\t<div class=\"elementor-element elementor-element-6df4691f elementor-widget elementor-widget-text-editor\" data-id=\"6df4691f\" data-element_type=\"widget\" data-widget_type=\"text-editor.default\">\n\t\t\t\t<div class=\"elementor-widget-container\">\n\t\t\t\t\t\t\t<div class=\"footer-absolute-secondary\">offertarapida.com<\/div>\t\t\t\t\t\t<\/div>\n\t\t\t\t<\/div>\n\t\t\t\t\t<\/div>\n\t\t<\/div>\n\t\t\t\t\t<\/div>\n\t\t<\/section>\n\t\t\t\t<\/div>","protected":false},"excerpt":{"rendered":"<p>Pagamento sicuro quando arriva a casa Cosa stai aspettando? Guarda i Prodotti Nome e Cognome* Email Messaggio Acquisto Sicuro. Pagamento quando arriva a casa. Informazioni aziendali Privacy and cookie policy Cookie policy Termini e condizioni Ordini e conferme Spedizione e consegna Metodi di pagamento Reso e rimborso Assistenza clienti FAQ &#8211; Domande frequenti Contatti [ENG]&hellip; <a class=\"more-link\" href=\"https:\/\/www.offertarapida.com\/sv\/contattaci\/\">Forts\u00e4tt l\u00e4sa <span class=\"screen-reader-text\">Kontakta oss<\/span><\/a><\/p>","protected":false},"author":2,"featured_media":0,"parent":0,"menu_order":0,"comment_status":"closed","ping_status":"closed","template":"elementor_canvas","meta":{"_acf_changed":false,"footnotes":""},"class_list":["post-70","page","type-page","status-publish","hentry","entry"],"acf":[],"_links":{"self":[{"href":"https:\/\/www.offertarapida.com\/sv\/wp-json\/wp\/v2\/pages\/70","targetHints":{"allow":["GET"]}}],"collection":[{"href":"https:\/\/www.offertarapida.com\/sv\/wp-json\/wp\/v2\/pages"}],"about":[{"href":"https:\/\/www.offertarapida.com\/sv\/wp-json\/wp\/v2\/types\/page"}],"author":[{"embeddable":true,"href":"https:\/\/www.offertarapida.com\/sv\/wp-json\/wp\/v2\/users\/2"}],"replies":[{"embeddable":true,"href":"https:\/\/www.offertarapida.com\/sv\/wp-json\/wp\/v2\/comments?post=70"}],"version-history":[{"count":13,"href":"https:\/\/www.offertarapida.com\/sv\/wp-json\/wp\/v2\/pages\/70\/revisions"}],"predecessor-version":[{"id":229,"href":"https:\/\/www.offertarapida.com\/sv\/wp-json\/wp\/v2\/pages\/70\/revisions\/229"}],"wp:attachment":[{"href":"https:\/\/www.offertarapida.com\/sv\/wp-json\/wp\/v2\/media?parent=70"}],"curies":[{"name":"wp","href":"https:\/\/api.w.org\/{rel}","templated":true}]}}